{"id":19456,"date":"2023-10-31T13:52:59","date_gmt":"2023-10-31T13:52:59","guid":{"rendered":"https:\/\/fillinx.site\/tropscbdtest\/?post_type=product&#038;p=19456"},"modified":"2024-05-06T15:47:23","modified_gmt":"2024-05-06T13:47:23","slug":"substitut-de-tabac-mix-neutral","status":"publish","type":"product","link":"https:\/\/fillinx.site\/tropscbdtest\/produit\/substitut-de-tabac-mix-neutral\/","title":{"rendered":"Substitut de tabac \u00ab\u00a0Mix Neutral\u00a0\u00bb"},"content":{"rendered":"<p>Mix Neutral Trop&rsquo;s est un <strong>substitut de tabac naturel et bio<\/strong> et \u00e9quilibr\u00e9, compos\u00e9 de bouillon blanc et de framboisier. Cette solution saine est con\u00e7ue pour aider ceux qui souhaitent se d\u00e9faire du tabac conventionnel tout en appr\u00e9ciant une exp\u00e9rience riche en bienfaits.<\/p>\n<p><strong>Bienfaits du Mix Neutral :<\/strong><\/p>\n<ol>\n<li><strong>Abandon du tabac :<\/strong> En choisissant Mix Neutral, vous faites un pas vers l&rsquo;abandon du tabac classique, r\u00e9duisant ainsi votre exposition \u00e0 la nicotine, au goudron et \u00e0 d&rsquo;autres substances nocives li\u00e9es au tabagisme.<\/li>\n<li><strong>Bouillon blanc apaisant :<\/strong> Le bouillon blanc est reconnu pour ses propri\u00e9t\u00e9s apaisantes. Son utilisation peut contribuer \u00e0 calmer les irritations de la gorge et des voies respiratoires, fr\u00e9quentes chez les fumeurs.<\/li>\n<li><strong>D\u00e9licatesse du framboisier :<\/strong> Le framboisier ajoute une note d\u00e9licate et sucr\u00e9e \u00e0 votre exp\u00e9rience. Son ar\u00f4me subtil peut satisfaire vos papilles tout en vous \u00e9loignant des saveurs du tabac.<\/li>\n<\/ol>\n<p><strong>Utilisation avec les fleurs de CBD ou les r\u00e9sines de CBD :<\/strong><\/p>\n<p>Mix Neutral se marie parfaitement avec les fleurs de CBD et les r\u00e9sines de CBD. Utilis\u00e9 en tandem, il offre une exp\u00e9rience de relaxation compl\u00e8te. Les<strong><span style=\"color: #b7940b;\"><a style=\"color: #b7940b;\" href=\"https:\/\/fillinx.site\/tropscbdtest\/categorie-produit\/fleurs-cbd\/\"> fleurs de CBD<\/a>,<\/span><\/strong> riches en cannabidiol, peuvent aider \u00e0 r\u00e9duire le stress et l&rsquo;anxi\u00e9t\u00e9, tandis que le Mix Neutral vous lib\u00e8re du tabac.<\/p>\n<p>Lorsque vous combinez notre substitut de tabac Mix Neutral, avec nos produits au CBD, vous obtenez une synergie d&rsquo;effets b\u00e9n\u00e9fiques. Le Mix Neutral peut att\u00e9nuer les d\u00e9sirs de tabac, tandis que le CBD favorise la relaxation et le bien-\u00eatre. Cette combinaison peut \u00eatre particuli\u00e8rement efficace pour ceux qui cherchent \u00e0 arr\u00eater de fumer ou \u00e0 r\u00e9duire leur consommation de tabac tout en b\u00e9n\u00e9ficiant des avantages du CBD.<\/p>\n<p>Optez pour Mix Neutral, accompagnez votre d\u00e9marche d&rsquo;abandon du tabac avec les bienfaits du bouillon blanc et du framboisier, et d\u00e9couvrez la synergie positive que cette alternative peut apporter lorsque associ\u00e9e aux produits au CBD. Une d\u00e9marche vers un mode de vie plus sain et \u00e9quilibr\u00e9 vous attend.<\/p>\n","protected":false},"excerpt":{"rendered":"<p><span style=\"color: #000000;\">Notre s<strong>ubstitut de tabac<\/strong> \u00ab\u00a0Mix Neutral\u00a0\u00bb, est un substitut de tabac naturel et <strong><span style=\"color: #008000;\">Bio<\/span><\/strong> \u00e0 base de bouillon blanc et de framboisier. Une alternative saine pour ceux qui cherchent \u00e0 quitter le tabac traditionnel.<\/span><\/p>\n","protected":false},"featured_media":19459,"template":"","meta":[],"product_cat":[48],"product_tag":[],"_links":{"self":[{"href":"https:\/\/fillinx.site\/tropscbdtest\/wp-json\/wp\/v2\/product\/19456"}],"collection":[{"href":"https:\/\/fillinx.site\/tropscbdtest\/wp-json\/wp\/v2\/product"}],"about":[{"href":"https:\/\/fillinx.site\/tropscbdtest\/wp-json\/wp\/v2\/types\/product"}],"wp:featuredmedia":[{"embeddable":true,"href":"https:\/\/fillinx.site\/tropscbdtest\/wp-json\/wp\/v2\/media\/19459"}],"wp:attachment":[{"href":"https:\/\/fillinx.site\/tropscbdtest\/wp-json\/wp\/v2\/media?parent=19456"}],"wp:term":[{"taxonomy":"product_cat","embeddable":true,"href":"https:\/\/fillinx.site\/tropscbdtest\/wp-json\/wp\/v2\/product_cat?post=19456"},{"taxonomy":"product_tag","embeddable":true,"href":"https:\/\/fillinx.site\/tropscbdtest\/wp-json\/wp\/v2\/product_tag?post=19456"}],"curies":[{"name":"wp","href":"https:\/\/api.w.org\/{rel}","templated":true}]}}