{"id":19462,"date":"2023-10-31T15:12:31","date_gmt":"2023-10-31T15:12:31","guid":{"rendered":"https:\/\/fillinx.site\/tropscbdtest\/?post_type=product&#038;p=19462"},"modified":"2024-05-13T16:28:41","modified_gmt":"2024-05-13T14:28:41","slug":"pre-roll","status":"publish","type":"product","link":"https:\/\/fillinx.site\/tropscbdtest\/produit\/pre-roll\/","title":{"rendered":"Pre-roll CBD"},"content":{"rendered":"<p><span style=\"color: #333300;\">Le Pre-roll de CBD est une mani\u00e8re conviviale et accessible de savourer les bienfaits du cannabidiol (CBD). Con\u00e7u pour offrir une exp\u00e9rience vari\u00e9e, il est disponible dans diff\u00e9rentes cat\u00e9gories de fleurs de CBD : premium, int\u00e9rieure, et ext\u00e9rieure. Chaque cat\u00e9gorie propose une exp\u00e9rience unique, adapt\u00e9e aux pr\u00e9f\u00e9rences de chacun.<\/span><\/p>\n<p><span style=\"color: #333300;\"><strong>Diff\u00e9rentes cat\u00e9gories de fleur :<\/strong><\/span><\/p>\n<ol>\n<li><strong><a href=\"https:\/\/fillinx.site\/tropscbdtest\/categorie-produit\/fleurs-cbd\/fleurs-cbd-premium\/\"><span style=\"color: #b7940b;\">Premium<\/span><\/a> :<\/strong> <span style=\"color: #333300;\">Les pr\u00e9-rolls de la cat\u00e9gorie Premium sont fabriqu\u00e9s \u00e0 partir de nos meilleures fleurs de CBD. Ils offrent une exp\u00e9rience raffin\u00e9e et puissante pour les connaisseurs \u00e0 la recherche d&rsquo;une sensation de qualit\u00e9 sup\u00e9rieure.<\/span><\/li>\n<li><strong><span style=\"color: #b7940b;\"><a style=\"color: #b7940b;\" href=\"https:\/\/fillinx.site\/tropscbdtest\/categorie-produit\/fleurs-cbd\/fleurs-cbd-interieure-et-greenhouse\/\">Int\u00e9rieure<\/a> <\/span>:<\/strong><span style=\"color: #333300;\"> Les Pre-rolls de cat\u00e9gorie Int\u00e9rieure sont cultiv\u00e9s en environnement contr\u00f4l\u00e9, offrant une saveur plus consistante et une texture soign\u00e9e. Ils sont parfaits pour ceux qui appr\u00e9cient une exp\u00e9rience r\u00e9guli\u00e8re.<\/span><\/li>\n<li><strong><span style=\"color: #b7940b;\"><a style=\"color: #b7940b;\" href=\"https:\/\/fillinx.site\/tropscbdtest\/categorie-produit\/fleurs-cbd\/fleurs-cbd-exterieures\/\">Ext\u00e9rieure<\/a> <\/span>:<\/strong> <span style=\"color: #333300;\">Les Pre-rolls de cat\u00e9gorie Ext\u00e9rieure sont produits en plein air, capturant la saveur authentique de la plante. Ils offrent une exp\u00e9rience plus naturelle, id\u00e9ale pour les amateurs d&rsquo;authenticit\u00e9.<\/span><\/li>\n<\/ol>\n<p><span style=\"color: #333300;\"><strong>Diff\u00e9rentes sensations :<\/strong><\/span><\/p>\n<p><span style=\"color: #333300;\">Nos Pre-rolls de CBD proposent une vari\u00e9t\u00e9 de sensations, allant de la d\u00e9tente \u00e0 l&rsquo;\u00e9nergie, en passant par la clart\u00e9 mentale. Chacun peut trouver le Pre-roll qui correspond \u00e0 son humeur et \u00e0 ses besoins.<\/span><\/p>\n<p><span style=\"color: #333300;\"><strong>Diff\u00e9rentes textures et go\u00fbts pour tous:<\/strong><\/span><\/p>\n<p><span style=\"color: #333300;\">Les textures, bien s\u00fbr,varient selon la vari\u00e9t\u00e9, certaines seront bois\u00e9es, envo\u00fbtante, tandis que les saveurs vont des notes terreuses aux ar\u00f4mes fruit\u00e9s, permettant \u00e0 chacun de trouver son profil pr\u00e9f\u00e9r\u00e9.<\/span><\/p>\n<p><span style=\"color: #333300;\">Que vous soyez novice ou habitu\u00e9 du CBD, les Pre-rolls sont adapt\u00e9s \u00e0 tous les niveaux d&rsquo;exp\u00e9rience. Le dosage est pr\u00e9cis, ce qui facilite la gestion de votre consommation.<\/span><\/p>\n<p><span style=\"color: #333300;\"><strong>Facile \u00e0 transporter et \u00e0 utiliser :<\/strong><\/span><\/p>\n<p><span style=\"color: #333300;\">Les Pre-rolls de CBD sont con\u00e7us pour \u00eatre pratiques. Vous pouvez les emporter partout avec vous, et leur utilisation est aussi simple que d&rsquo;allumer et de profiter. Une solution parfaite pour une relaxation rapide et efficace.<\/span><\/p>\n","protected":false},"excerpt":{"rendered":"<p><span style=\"color: #000000;\">Nos Pre-roll de CBD sont l&rsquo;option id\u00e9ale pour profiter des bienfaits du CBD de mani\u00e8re pratique et agr\u00e9able. Disponible en diff\u00e9rentes cat\u00e9gories de fleur et offrant une vari\u00e9t\u00e9 de sensations, textures, et saveurs, ils s&rsquo;adressent \u00e0 tous, qu&rsquo;il s&rsquo;agisse d&rsquo;un petit plaisir ou d&rsquo;une envie pressante, ils sont facilement transportable et consommable partout.<\/span><\/p>\n<p><span style=\"color: #333300;\"><strong>Note<\/strong>: Il n&rsquo;est pas possible pour le moment de choisir la vari\u00e9t\u00e9. Seule la cat\u00e9gorie est disponible.\u00a0<\/span><\/p>\n<p><span style=\"color: #000000;\">Poids fleur par roll: 1,1g&lt;1,4g<\/span><\/p>\n","protected":false},"featured_media":19469,"template":"","meta":[],"product_cat":[158],"product_tag":[],"_links":{"self":[{"href":"https:\/\/fillinx.site\/tropscbdtest\/wp-json\/wp\/v2\/product\/19462"}],"collection":[{"href":"https:\/\/fillinx.site\/tropscbdtest\/wp-json\/wp\/v2\/product"}],"about":[{"href":"https:\/\/fillinx.site\/tropscbdtest\/wp-json\/wp\/v2\/types\/product"}],"wp:featuredmedia":[{"embeddable":true,"href":"https:\/\/fillinx.site\/tropscbdtest\/wp-json\/wp\/v2\/media\/19469"}],"wp:attachment":[{"href":"https:\/\/fillinx.site\/tropscbdtest\/wp-json\/wp\/v2\/media?parent=19462"}],"wp:term":[{"taxonomy":"product_cat","embeddable":true,"href":"https:\/\/fillinx.site\/tropscbdtest\/wp-json\/wp\/v2\/product_cat?post=19462"},{"taxonomy":"product_tag","embeddable":true,"href":"https:\/\/fillinx.site\/tropscbdtest\/wp-json\/wp\/v2\/product_tag?post=19462"}],"curies":[{"name":"wp","href":"https:\/\/api.w.org\/{rel}","templated":true}]}}