{"id":19471,"date":"2023-10-31T16:30:36","date_gmt":"2023-10-31T16:30:36","guid":{"rendered":"https:\/\/fillinx.site\/tropscbdtest\/?post_type=product&#038;p=19471"},"modified":"2024-03-14T12:50:43","modified_gmt":"2024-03-14T12:50:43","slug":"chargeur-hohm-tech-school-4a","status":"publish","type":"product","link":"https:\/\/fillinx.site\/tropscbdtest\/produit\/chargeur-hohm-tech-school-4a\/","title":{"rendered":"Chargeur Hohm Tech SCHOOL 4A"},"content":{"rendered":"<ul>\n<li><strong>Polyvalence :<\/strong> Le chargeur est compatible avec une gamme d&rsquo;accus Li-ion, y compris 18350, 18500, 18650, 20700, 21700, et bien d&rsquo;autres, offrant une solution de recharge universelle pour vos dispositifs de vape.<\/li>\n<li><strong>Suivi de charge :<\/strong> Chaque emplacement est \u00e9quip\u00e9 d&rsquo;une diode lumineuse indiquant l&rsquo;\u00e9tat de la charge. La couleur rouge signifie que la charge est en cours, tandis que le vert indique que l&rsquo;accu est enti\u00e8rement charg\u00e9 \u00e0 100%.<\/li>\n<li><strong>Courant de sortie r\u00e9glable :<\/strong> Le chargeur offre un courant de sortie r\u00e9glable, allant de 0.5A \u00e0 2A par baie, vous permettant de personnaliser le processus de recharge en fonction de vos besoins.<\/li>\n<li><strong>Compact et portable :<\/strong> Avec sa conception compacte, le chargeur Hohm SCHOOL 4A peut \u00eatre facilement transport\u00e9 avec votre \u00e9quipement de vape habituel, ce qui en fait un compagnon id\u00e9al pour les d\u00e9placements.<\/li>\n<li><strong>S\u00e9curit\u00e9 :<\/strong> Fabriqu\u00e9 par <strong>Hohm Tech<\/strong>, un nom de confiance dans l&rsquo;industrie de la vape, ce chargeur garantit une recharge s\u00e9curis\u00e9e de vos accus, tout en pr\u00e9servant leur dur\u00e9e de vie.<\/li>\n<\/ul>\n<p>Optez pour le <strong>chargeur Hohm SCHOOL 4A<\/strong> pour une recharge pratique, polyvalente et s\u00fbre de vos accus, et assurez-vous que votre exp\u00e9rience de vape reste sans souci.<\/p>\n","protected":false},"excerpt":{"rendered":"<p><span style=\"color: #000000;\">Le chargeur Hohm SCHOOL 4A, est l&rsquo;outil indispensable pour recharger vos accus de boxs et mods en toute simplicit\u00e9 et en toute s\u00e9curit\u00e9. <\/span><\/p>\n<p><span style=\"color: #000000;\">Il offre la possibilit\u00e9 de recharger jusqu&rsquo;\u00e0 quatre accus simultan\u00e9ment, avec une plage de capacit\u00e9 allant de 0.5A \u00e0 2A. Gr\u00e2ce \u00e0 ses ressorts, il s&rsquo;ajuste automatiquement pour accueillir des accus Li-ion de diff\u00e9rentes tailles, avec une longueur maximale de 73\u2009mm.<\/span><\/p>\n","protected":false},"featured_media":19474,"template":"","meta":[],"product_cat":[100],"product_tag":[],"_links":{"self":[{"href":"https:\/\/fillinx.site\/tropscbdtest\/wp-json\/wp\/v2\/product\/19471"}],"collection":[{"href":"https:\/\/fillinx.site\/tropscbdtest\/wp-json\/wp\/v2\/product"}],"about":[{"href":"https:\/\/fillinx.site\/tropscbdtest\/wp-json\/wp\/v2\/types\/product"}],"wp:featuredmedia":[{"embeddable":true,"href":"https:\/\/fillinx.site\/tropscbdtest\/wp-json\/wp\/v2\/media\/19474"}],"wp:attachment":[{"href":"https:\/\/fillinx.site\/tropscbdtest\/wp-json\/wp\/v2\/media?parent=19471"}],"wp:term":[{"taxonomy":"product_cat","embeddable":true,"href":"https:\/\/fillinx.site\/tropscbdtest\/wp-json\/wp\/v2\/product_cat?post=19471"},{"taxonomy":"product_tag","embeddable":true,"href":"https:\/\/fillinx.site\/tropscbdtest\/wp-json\/wp\/v2\/product_tag?post=19471"}],"curies":[{"name":"wp","href":"https:\/\/api.w.org\/{rel}","templated":true}]}}