{"id":19475,"date":"2023-10-31T17:08:17","date_gmt":"2023-10-31T17:08:17","guid":{"rendered":"https:\/\/fillinx.site\/tropscbdtest\/?post_type=product&#038;p=19475"},"modified":"2023-10-31T17:19:54","modified_gmt":"2023-10-31T17:19:54","slug":"connectar","status":"publish","type":"product","link":"https:\/\/fillinx.site\/tropscbdtest\/produit\/connectar\/","title":{"rendered":"Connectar"},"content":{"rendered":"<p>Voici pourquoi le Connectar est un incontournable pour les amateurs de CBD.<\/p>\n<p><strong>Les points forts du Connectar :<\/strong><\/p>\n<ol>\n<li><strong>Polyvalence ultime :<\/strong> Connectar se compose de trois \u00e9l\u00e9ments &#8211; une batterie SLIM de 400 mAh, une paille de vapotage et une r\u00e9sistance \u00e0 bobine interchangeable. Optez pour une r\u00e9sistance \u00e0 embout en Quartz pour des saveurs plus intenses.<\/li>\n<li><strong>CBD de qualit\u00e9 :<\/strong> Notre vaporisateur est con\u00e7u pour savourer les concentr\u00e9s de CBD de la plus haute qualit\u00e9, que ce soit de la wax, du crumble ou du distillat. Profitez d&rsquo;une exp\u00e9rience de CBD pure et puissante sans aucun THC.<\/li>\n<li><strong>Puissance \u00e0 la carte :<\/strong> Le Connectar offre trois r\u00e9glages de puissance (2.8 V, 3.4 V, 4 V) pour une personnalisation totale de votre session de vapotage. Trouvez la concentration id\u00e9ale pour chaque inhalation.<\/li>\n<li><strong>Universel et portable :<\/strong> Sa conception filet\u00e9e 510 le rend compatible avec une vari\u00e9t\u00e9 de batteries. Compact et facile \u00e0 transporter, il s&rsquo;adapte \u00e0 votre style de vie actif.<\/li>\n<li><strong>Diversit\u00e9 du CBD :<\/strong> Le Connectar s&rsquo;adapte \u00e0 tous les types de CBD, qu&rsquo;il s&rsquo;agisse de crumble, r\u00e9sine, pollen, fleur, cire, etc. Laissez votre curiosit\u00e9 vous guider vers de nouvelles exp\u00e9riences.<\/li>\n<\/ol>\n<p><strong>Quand profiter du Connectar ?<\/strong><\/p>\n<p><img fetchpriority=\"high\" decoding=\"async\" class=\"size-medium wp-image-19481 aligncenter\" src=\"https:\/\/fillinx.site\/tropscbdtest\/wp-content\/uploads\/2023\/10\/connectar-vaporisateur-trops-300x300.webp\" alt=\"\" width=\"300\" height=\"300\" srcset=\"https:\/\/fillinx.site\/tropscbdtest\/wp-content\/uploads\/2023\/10\/connectar-vaporisateur-trops-300x300.webp 300w, https:\/\/fillinx.site\/tropscbdtest\/wp-content\/uploads\/2023\/10\/connectar-vaporisateur-trops-150x150.webp 150w, https:\/\/fillinx.site\/tropscbdtest\/wp-content\/uploads\/2023\/10\/connectar-vaporisateur-trops-768x768.webp 768w, https:\/\/fillinx.site\/tropscbdtest\/wp-content\/uploads\/2023\/10\/connectar-vaporisateur-trops.webp 800w\" sizes=\"(max-width: 300px) 100vw, 300px\" \/><\/p>\n<p>Le Connectar est votre compagnon id\u00e9al pour des moments de d\u00e9tente. Qu&rsquo;il s&rsquo;agisse d&rsquo;une soir\u00e9e entre amis ou d&rsquo;un moment de calme chez vous, les produits \u00e0 base de CBD peuvent am\u00e9liorer votre humeur et r\u00e9duire le stress et l&rsquo;anxi\u00e9t\u00e9 de la vie quotidienne.<\/p>\n<p><strong>Mode d&#8217;emploi simple :<\/strong><\/p>\n<p>Assemblez les trois composants du Connectar, placez le concentr\u00e9 de CBD sur la r\u00e9sistance, et commencez \u00e0 vapoter avec la paille. Choisissez votre puissance de vapotage pr\u00e9f\u00e9r\u00e9e (faible, moyenne ou forte) et profitez des bienfaits du CBD en toute tranquillit\u00e9. Assurez-vous que la batterie est bien charg\u00e9e pour une exp\u00e9rience optimale.<\/p>\n<p><strong>D\u00e9couvrez le Connectar<\/strong> et combinez-le avec notre <strong><span style=\"color: #b7940b;\"><a style=\"color: #b7940b;\" href=\"https:\/\/fillinx.site\/tropscbdtest\/produit\/distilate-de-cbd-85\/\">distilat<\/a><\/span><\/strong>, pour une exp\u00e9rience CBD exceptionnelle.<\/p>\n<p>Plongez dans l&rsquo;univers relaxant du CBD avec Connectar, votre alli\u00e9 bien-\u00eatre.<\/p>\n<p>N&rsquo;oubliez pas que ce produit est destin\u00e9 aux adultes et est d\u00e9conseill\u00e9 aux femmes enceintes.<\/p>\n","protected":false},"excerpt":{"rendered":"<p><span style=\"color: #000000;\">Bienvenue dans le monde du bien-\u00eatre avec le ConNectar, le vaporisateur qui transforme votre exp\u00e9rience CBD en un voyage sensoriel inoubliable. <\/span><\/p>\n<p><span style=\"color: #000000;\">Imaginez-vous profiter des d\u00e9lices du CBD sous ses formes les plus pures, le tout sans aucun effet secondaire ind\u00e9sirable.<\/span><\/p>\n<p><span style=\"color: #000000;\">Plus d&rsquo;infos en description.<\/span><\/p>\n","protected":false},"featured_media":19476,"template":"","meta":[],"product_cat":[104],"product_tag":[],"_links":{"self":[{"href":"https:\/\/fillinx.site\/tropscbdtest\/wp-json\/wp\/v2\/product\/19475"}],"collection":[{"href":"https:\/\/fillinx.site\/tropscbdtest\/wp-json\/wp\/v2\/product"}],"about":[{"href":"https:\/\/fillinx.site\/tropscbdtest\/wp-json\/wp\/v2\/types\/product"}],"wp:featuredmedia":[{"embeddable":true,"href":"https:\/\/fillinx.site\/tropscbdtest\/wp-json\/wp\/v2\/media\/19476"}],"wp:attachment":[{"href":"https:\/\/fillinx.site\/tropscbdtest\/wp-json\/wp\/v2\/media?parent=19475"}],"wp:term":[{"taxonomy":"product_cat","embeddable":true,"href":"https:\/\/fillinx.site\/tropscbdtest\/wp-json\/wp\/v2\/product_cat?post=19475"},{"taxonomy":"product_tag","embeddable":true,"href":"https:\/\/fillinx.site\/tropscbdtest\/wp-json\/wp\/v2\/product_tag?post=19475"}],"curies":[{"name":"wp","href":"https:\/\/api.w.org\/{rel}","templated":true}]}}