{"id":19489,"date":"2023-11-01T10:20:37","date_gmt":"2023-11-01T10:20:37","guid":{"rendered":"https:\/\/fillinx.site\/tropscbdtest\/?post_type=product&#038;p=19489"},"modified":"2024-04-26T13:53:01","modified_gmt":"2024-04-26T11:53:01","slug":"miel-de-tournesol-50g","status":"publish","type":"product","link":"https:\/\/fillinx.site\/tropscbdtest\/produit\/miel-chataignier-50g-copie\/","title":{"rendered":"Miel de tournesol bio 50g"},"content":{"rendered":"<p><strong>Un Miel Authentique :<\/strong><\/p>\n<p>Notre miel de Tournesol est le r\u00e9sultat du travail acharn\u00e9 des pr\u00e9cieuses abeilles de <strong>Denis, <\/strong>notre apiculteur. Elles collectent le nectar sucr\u00e9 des fleurs de tournesol, cr\u00e9ant ainsi un miel naturellement riche en saveurs. Pas de nourrissement artificiel, pas de dilution avec des substituts &#8211; juste la puret\u00e9 de la nature.<\/p>\n<p><strong>Cultiv\u00e9 avec Soin :<\/strong><\/p>\n<p>Le miel de Tournesol est le fruit de fleurs sauvages et de cultures biologiques. Chaque goutte capture la magie des champs ensoleill\u00e9s. Nous sommes fiers de vous offrir un produit de qualit\u00e9, c&rsquo;est pourquoi notre miel est certifi\u00e9 par trois labels de renom : <strong>Eco cert, Bio Sud Ouest et Agriculture Biologique<\/strong>.<\/p>\n<p><strong>Savourez \u00e0 Volont\u00e9 :<\/strong><\/p>\n<p>Laissez-vous tenter par une exp\u00e9rience gustative in\u00e9gal\u00e9e en d\u00e9gustant notre miel de Tournesol au CBD.<\/p>\n<p>Ajoutez-le \u00e0 votre infusion pr\u00e9f\u00e9r\u00e9e pour une touche de douceur naturelle, incorporez-le dans vos plats pour rehausser leurs saveurs, ou si vous le souhaitez, d\u00e9gustez-le \u00e0 la petite cuill\u00e8re. Il n&rsquo;y a pas de mauvaise mani\u00e8re de savourer ce tr\u00e9sor sucr\u00e9 de la nature.<\/p>\n<p><strong>Effet Naturel :<\/strong><\/p>\n<p>Notre miel de Tournesol de 50g renferme 50mg de CBD, offrant un moyen rapide et naturel de soutenir votre syst\u00e8me endocannabino\u00efde. D\u00e9couvrez la fusion parfaite du go\u00fbt et du bien-\u00eatre dans chaque cuill\u00e8re de notre miel de Tournesol.<\/p>\n<p>Rejoignez-nous dans cette aventure culinaire et d\u00e9couvrez le miel de Tournesol sous un jour nouveau. La nature vous attend, une cuill\u00e8re \u00e0 la fois.<\/p>\n","protected":false},"excerpt":{"rendered":"<p><span style=\"color: #000000;\"><strong>D\u00e9couvrez notre Miel de Tournesol <span style=\"color: #008000;\">Bio<\/span>, Naturel et Savoureux<\/strong><\/span><\/p>\n<p><span style=\"color: #000000;\">Plongez dans l&rsquo;univers d\u00e9licieux de notre <strong>Miel de Tournesol au CBD<\/strong>, un tr\u00e9sor dor\u00e9 de la nature. <\/span><\/p>\n<p><span style=\"color: #000000;\">Con\u00e7u \u00e0 partir du nectar butin\u00e9 par les abeilles de <strong>Charente<\/strong>, ce miel est une pure merveille de la biodiversit\u00e9.<\/span><\/p>\n<p><span style=\"color: #000000;\">Plus d&rsquo;info en dessous.<\/span><\/p>\n<p>&nbsp;<\/p>\n","protected":false},"featured_media":19491,"template":"","meta":[],"product_cat":[48],"product_tag":[],"_links":{"self":[{"href":"https:\/\/fillinx.site\/tropscbdtest\/wp-json\/wp\/v2\/product\/19489"}],"collection":[{"href":"https:\/\/fillinx.site\/tropscbdtest\/wp-json\/wp\/v2\/product"}],"about":[{"href":"https:\/\/fillinx.site\/tropscbdtest\/wp-json\/wp\/v2\/types\/product"}],"wp:featuredmedia":[{"embeddable":true,"href":"https:\/\/fillinx.site\/tropscbdtest\/wp-json\/wp\/v2\/media\/19491"}],"wp:attachment":[{"href":"https:\/\/fillinx.site\/tropscbdtest\/wp-json\/wp\/v2\/media?parent=19489"}],"wp:term":[{"taxonomy":"product_cat","embeddable":true,"href":"https:\/\/fillinx.site\/tropscbdtest\/wp-json\/wp\/v2\/product_cat?post=19489"},{"taxonomy":"product_tag","embeddable":true,"href":"https:\/\/fillinx.site\/tropscbdtest\/wp-json\/wp\/v2\/product_tag?post=19489"}],"curies":[{"name":"wp","href":"https:\/\/api.w.org\/{rel}","templated":true}]}}