{"id":19500,"date":"2023-11-01T14:53:55","date_gmt":"2023-11-01T14:53:55","guid":{"rendered":"https:\/\/fillinx.site\/tropscbdtest\/?post_type=product&#038;p=19500"},"modified":"2023-12-01T08:18:10","modified_gmt":"2023-12-01T08:18:10","slug":"kit-after-puff-candy-fresh","status":"publish","type":"product","link":"https:\/\/fillinx.site\/tropscbdtest\/produit\/kit-after-puff-candy-fresh\/","title":{"rendered":"Kit After Puff &#8211; Candy Fresh"},"content":{"rendered":"<p><strong><a id=\"description\"><\/a>Explorez la vape simplifi\u00e9e avec le Kit After Puff Candy Fresh<\/strong><\/p>\n<p>Le kit After Puff Candy Fresh est con\u00e7u pour simplifier votre exp\u00e9rience de vapotage.<\/p>\n<p>C&rsquo;est le moyen id\u00e9al de d\u00e9couvrir une vape sans tracas, adapt\u00e9e aux d\u00e9butants comme aux vapoteurs exp\u00e9riment\u00e9s.<\/p>\n<p><strong>Pourquoi l&rsquo;After Puff ?<\/strong><\/p>\n<p>L&rsquo;After Puff est une e-cigarette remplissable qui vous permet de vapoter jusqu&rsquo;\u00e0 10 fois avec le e-liquide de votre choix, d\u00e9j\u00e0 inclus dans le kit. De plus, sa batterie int\u00e9gr\u00e9e de 650 mAh se recharge rapidement gr\u00e2ce \u00e0 son port USB-C. Plus besoin de se soucier des r\u00e9sistances, des accus ou du nettoyage du r\u00e9servoir. L&rsquo;After Puff Candy Fresh est une solution tout-en-un, id\u00e9ale pour ceux qui cherchent \u00e0 se passer de la cigarette.<\/p>\n<p><strong>Le E-liquide Candy Fresh : Une douceur givr\u00e9e<\/strong><\/p>\n<p>Le kit After Puff Candy Fresh est livr\u00e9 avec un e-liquide Candy Fresh. Plongez dans la saveur d&rsquo;un bonbon glac\u00e9, doux et sucr\u00e9. Ce e-liquide est disponible en deux taux de nicotine diff\u00e9rents (0% et 0,9% en sel de nicotine), vous permettant de r\u00e9duire progressivement votre consommation de nicotine tout en appr\u00e9ciant des saveurs rafra\u00eechissantes.<\/p>\n<p><strong>D\u00e9couvrez plus de saveurs fra\u00eeches et fruit\u00e9es :<\/strong><\/p>\n<p>Notre gamme sp\u00e9ciale After Puff propose au total quatre e-liquides aux saveurs fra\u00eeches et fruit\u00e9es en sels de nicotine. Vous avez l&#8217;embarras du choix pour personnaliser votre exp\u00e9rience de vapotage.<\/p>\n<p>Si vous souhaitez en savoir plus sur le kit After Puff Candy Fresh, ses caract\u00e9ristiques techniques, son fonctionnement simplifi\u00e9, et son utilisation pratique, consultez notre article d\u00e9di\u00e9 : \u00ab\u00a0<strong><span style=\"color: #b7940b;\"><a style=\"color: #b7940b;\" href=\"https:\/\/fillinx.site\/tropscbdtest\/le-kit-after-puff-le-guide-complet\/\">Le kit After Puff: le guide complet<\/a><\/span><\/strong>.\u00a0\u00bb Plongez dans une nouvelle \u00e8re de vapotage sans stress et d\u00e9couvrez une exp\u00e9rience simplifi\u00e9e, mais tout aussi satisfaisante.<\/p>\n<p><strong>Caract\u00e9ristiques Techniques :<\/strong><\/p>\n<ul>\n<li>Capacit\u00e9 de la batterie : 650 mAh<\/li>\n<li>Capacit\u00e9 du r\u00e9servoir : 2 ml<\/li>\n<li>R\u00e9sistance : 1,4 Ohm (MESH)<\/li>\n<li>Puissance de sortie : 10W<\/li>\n<li>Airflow r\u00e9glable<\/li>\n<li>Chargeur : 5V\/0,5A (USB-C)<\/li>\n<\/ul>\n","protected":false},"excerpt":{"rendered":"<p><span style=\"color: #000000;\">Le kit After Puff Candy Fresh est une e-cigarette r\u00e9volutionnaire qui vous offre une exp\u00e9rience de vapotage simple et sans souci. <\/span><\/p>\n<p><span style=\"color: #000000;\">D\u00e9couvrez une mani\u00e8re pratique de vapoter, sans vous soucier des r\u00e9sistances, des accus ou du nettoyage du r\u00e9servoir. <\/span><\/p>\n<p><span style=\"color: #000000;\">Avec une batterie int\u00e9gr\u00e9e de 650 mAh, une capacit\u00e9 de r\u00e9servoir de 2 ml, et une r\u00e9sistance de 1,4 Ohm, l&rsquo;After Puff Candy Fresh est une solution id\u00e9ale pour vous passer de la cigarette.<\/span><\/p>\n<h6><a href=\"#description\"><span style=\"color: #000000;\">Suite&#8230;<\/span><\/a><\/h6>\n","protected":false},"featured_media":19503,"template":"","meta":[],"product_cat":[113],"product_tag":[],"_links":{"self":[{"href":"https:\/\/fillinx.site\/tropscbdtest\/wp-json\/wp\/v2\/product\/19500"}],"collection":[{"href":"https:\/\/fillinx.site\/tropscbdtest\/wp-json\/wp\/v2\/product"}],"about":[{"href":"https:\/\/fillinx.site\/tropscbdtest\/wp-json\/wp\/v2\/types\/product"}],"wp:featuredmedia":[{"embeddable":true,"href":"https:\/\/fillinx.site\/tropscbdtest\/wp-json\/wp\/v2\/media\/19503"}],"wp:attachment":[{"href":"https:\/\/fillinx.site\/tropscbdtest\/wp-json\/wp\/v2\/media?parent=19500"}],"wp:term":[{"taxonomy":"product_cat","embeddable":true,"href":"https:\/\/fillinx.site\/tropscbdtest\/wp-json\/wp\/v2\/product_cat?post=19500"},{"taxonomy":"product_tag","embeddable":true,"href":"https:\/\/fillinx.site\/tropscbdtest\/wp-json\/wp\/v2\/product_tag?post=19500"}],"curies":[{"name":"wp","href":"https:\/\/api.w.org\/{rel}","templated":true}]}}