{"id":19514,"date":"2023-11-01T13:43:55","date_gmt":"2023-11-01T13:43:55","guid":{"rendered":"https:\/\/fillinx.site\/tropscbdtest\/?post_type=product&#038;p=19514"},"modified":"2023-11-03T18:21:25","modified_gmt":"2023-11-03T18:21:25","slug":"kit-after-puff-litchi-raisin","status":"publish","type":"product","link":"https:\/\/fillinx.site\/tropscbdtest\/produit\/kit-after-puff-fruits-rouges\/","title":{"rendered":"Kit After Puff &#8211; Litchi Raisin"},"content":{"rendered":"<p><strong>After Puff litchi raisin : Une vape facile et gourmande<\/strong><\/p>\n<p>Le kit After Puff Litchi Raisin vous ouvre les portes d&rsquo;une exp\u00e9rience de vapotage sans complications.<\/p>\n<p>Plongez dans l&rsquo;univers de l&rsquo;After Puff, une e-cigarette remplissable, id\u00e9ale pour les d\u00e9butants et les vapoteurs chevronn\u00e9s.<\/p>\n<p><strong>Pourquoi opter pour l&rsquo;After Puff ?<\/strong><\/p>\n<p>L&rsquo;After Puff est une e-cigarette que vous pouvez remplir pr\u00e8s de 10 fois avec le e-liquide inclus dans le kit. De plus, sa batterie int\u00e9gr\u00e9e de 650 mAh se recharge rapidement gr\u00e2ce \u00e0 son port USB-C, garantissant une utilisation continue. Fini les manipulations complexes telles que le changement de r\u00e9sistance, la recharge d&rsquo;accus ou le nettoyage du r\u00e9servoir. L&rsquo;After Puff Litchi Raisin est une solution tout-en-un, id\u00e9ale pour ceux qui souhaitent dire adieu \u00e0 la cigarette.<\/p>\n<p><strong>E-liquide litchi raisin : Une fusion de saveurs gourmandes<\/strong><\/p>\n<p>Le kit After Puff Litchi Raisin est livr\u00e9 avec un e-liquide inclus Litchi Raisin. Plongez dans une exp\u00e9rience gustative d\u00e9bordante de saveurs fruit\u00e9es, avec la douceur du litchi et l&rsquo;intensit\u00e9 du raisin. Ce e-liquide est disponible en deux taux de nicotine diff\u00e9rents (0% et 0,9% en sel de nicotine), vous permettant de r\u00e9duire progressivement votre consommation de nicotine tout en savourant des ar\u00f4mes d\u00e9licieusement gourmands.<\/p>\n<p><strong>D\u00e9couvrez une vari\u00e9t\u00e9 de saveurs fra\u00eeches et fruit\u00e9es :<\/strong><\/p>\n<p>La gamme sp\u00e9ciale After Puff propose au total quatre e-liquides aux saveurs fra\u00eeches et fruit\u00e9es en sels de nicotine. Vous avez l&#8217;embarras du choix pour personnaliser votre exp\u00e9rience de vapotage.<\/p>\n<p>Si vous d\u00e9sirez en apprendre davantage sur le kit After Puff Litchi Raisin, que ce soit pour comprendre son utilisation pratique, les d\u00e9tails de ses caract\u00e9ristiques techniques ou le fonctionnement g\u00e9n\u00e9ral, consultez notre article de blog d\u00e9di\u00e9 : \u00ab\u00a0<strong><span style=\"color: #b7940b;\"><a style=\"color: #b7940b;\" href=\"https:\/\/fillinx.site\/tropscbdtest\/le-kit-after-puff-le-guide-complet\/\">Le kit After Puff: le guide complet<\/a><\/span><\/strong>.\u00a0\u00bb Choisissez la simplicit\u00e9 de la vape et d\u00e9couvrez une exp\u00e9rience riche en saveurs sans tracas.<\/p>\n<p><strong>Caract\u00e9ristiques Techniques :<\/strong><\/p>\n<ul>\n<li>Capacit\u00e9 de la batterie : 650 mAh<\/li>\n<li>Capacit\u00e9 du r\u00e9servoir : 2 ml<\/li>\n<li>R\u00e9sistance : 1,4 Ohm (MESH)<\/li>\n<li>Puissance de sortie : 10W<\/li>\n<li>Airflow r\u00e9glable<\/li>\n<li>Chargeur : 5V\/0,5A (USB-C)<\/li>\n<\/ul>\n","protected":false},"excerpt":{"rendered":"<p><span style=\"color: #000000;\">D\u00e9couvrez le Kit After Puff Litchi Raisin, comprenant une e-cigarette After Puff et un flacon de 10 ml de e-liquide. <\/span><\/p>\n<p><span style=\"color: #000000;\">La simplicit\u00e9 de l&rsquo;After Puff, pour une exp\u00e9rience de vapotage sans blabla.<\/span><\/p>\n","protected":false},"featured_media":19517,"template":"","meta":[],"product_cat":[113],"product_tag":[],"_links":{"self":[{"href":"https:\/\/fillinx.site\/tropscbdtest\/wp-json\/wp\/v2\/product\/19514"}],"collection":[{"href":"https:\/\/fillinx.site\/tropscbdtest\/wp-json\/wp\/v2\/product"}],"about":[{"href":"https:\/\/fillinx.site\/tropscbdtest\/wp-json\/wp\/v2\/types\/product"}],"wp:featuredmedia":[{"embeddable":true,"href":"https:\/\/fillinx.site\/tropscbdtest\/wp-json\/wp\/v2\/media\/19517"}],"wp:attachment":[{"href":"https:\/\/fillinx.site\/tropscbdtest\/wp-json\/wp\/v2\/media?parent=19514"}],"wp:term":[{"taxonomy":"product_cat","embeddable":true,"href":"https:\/\/fillinx.site\/tropscbdtest\/wp-json\/wp\/v2\/product_cat?post=19514"},{"taxonomy":"product_tag","embeddable":true,"href":"https:\/\/fillinx.site\/tropscbdtest\/wp-json\/wp\/v2\/product_tag?post=19514"}],"curies":[{"name":"wp","href":"https:\/\/api.w.org\/{rel}","templated":true}]}}