{"id":20155,"date":"2023-11-23T11:43:16","date_gmt":"2023-11-23T11:43:16","guid":{"rendered":"https:\/\/fillinx.site\/tropscbdtest\/?post_type=product&#038;p=20155"},"modified":"2024-05-06T16:38:25","modified_gmt":"2024-05-06T14:38:25","slug":"huile-cbd-vet-5","status":"publish","type":"product","link":"https:\/\/fillinx.site\/tropscbdtest\/produit\/huile-cbd-vet-5\/","title":{"rendered":"Huile CBD Vet 5%"},"content":{"rendered":"<p style=\"text-align: justify;\">Tous comme les \u00eatre humains, les animaux poss\u00e8de un\u00a0<strong>syst\u00e8me endocanabino\u00efde<\/strong>. Cela leur permet de\u00a0<strong>b\u00e9n\u00e9ficier<\/strong>, tout comme nous, de tous les\u00a0<strong>bienfaits<\/strong>\u00a0du\u00a0<strong>CBD<\/strong>, pour une vie plus facile\u00a0et plus sereine.<\/p>\n<p style=\"text-align: justify;\">Notre huile de CBD doit \u00eatre utilis\u00e9e en cas de stress, d&rsquo;agitation, ou de nervosit\u00e9 de vos compagnons.<\/p>\n<p style=\"text-align: justify;\">Les ingr\u00e9dients de la plante\u00a0de chanvre (phytocannabino\u00efdes), en particulier le cannabidiol (CBD), poss\u00e8dent de multiples bienfaits pour les animaux de compagnie.<\/p>\n<p style=\"text-align: justify;\">La CBD d\u00e9ploie ses effets nourrissants et de compassion, en harmonisant le syst\u00e8me des endocannabino\u00efdes.<\/p>\n<p style=\"text-align: justify;\">Notre huile de CBD pour animaux contient un Extrait CDB 5% en spectre complet de la plante de\u00a0<strong>chanvre<\/strong>. C&rsquo;est aussi une tr\u00e8s bonne\u00a0 <strong>alternative naturelle<\/strong>, en raison de ses propri\u00e9t\u00e9s polyvalentes.<\/p>\n<p style=\"text-align: justify;\"><strong>Notre huile CBD animaux ne contiennent ni THC, ni terp\u00e8nes<\/strong>. Ces derniers ne conviennent pas aux chiens ou aux chats. Un proc\u00e9d\u00e9 sp\u00e9cial d&rsquo;extraction rend cela possible, ce qui rend ce produit unique.<\/p>\n<p style=\"text-align: justify;\">Sans lactose, sans fructose, sans c\u00e9r\u00e9ales, sans colorant, sans ar\u00f4mes\u00a0et sans conservateurs .<\/p>\n<h1 style=\"text-align: center;\">Utilisation<\/h1>\n<p style=\"text-align: justify;\">L&rsquo;application sous forme de gouttes, offre l&rsquo;avantage d&rsquo;un dosage individuel.<\/p>\n<p style=\"text-align: justify;\"><strong>Petits chiens ou chats<\/strong> (<strong>5 \u00e0 15 kg<\/strong>) : m\u00e9langer 1 \u00e0 4 gouttes dans la nourriture pour les soins, mettre directement dans la bouche ou d\u00e9poser sur une friandise.<\/p>\n<p style=\"text-align: justify;\">Si n\u00e9cessaire, ajustez la quantit\u00e9 d&rsquo;aliments.<\/p>\n","protected":false},"excerpt":{"rendered":"<p>Huile CBD sp\u00e9cialement con\u00e7u pour les petits chiens et les chats.<\/p>\n<p>Notre huile de CBD pour animaux contient un Extrait CDB 5% en spectre complet de la plante de chanvre, et est une alternative naturelle, en raison de ses propri\u00e9t\u00e9s polyvalentes.<\/p>\n<p style=\"text-align: justify;\">\n","protected":false},"featured_media":20156,"template":"","meta":[],"product_cat":[47],"product_tag":[],"_links":{"self":[{"href":"https:\/\/fillinx.site\/tropscbdtest\/wp-json\/wp\/v2\/product\/20155"}],"collection":[{"href":"https:\/\/fillinx.site\/tropscbdtest\/wp-json\/wp\/v2\/product"}],"about":[{"href":"https:\/\/fillinx.site\/tropscbdtest\/wp-json\/wp\/v2\/types\/product"}],"wp:featuredmedia":[{"embeddable":true,"href":"https:\/\/fillinx.site\/tropscbdtest\/wp-json\/wp\/v2\/media\/20156"}],"wp:attachment":[{"href":"https:\/\/fillinx.site\/tropscbdtest\/wp-json\/wp\/v2\/media?parent=20155"}],"wp:term":[{"taxonomy":"product_cat","embeddable":true,"href":"https:\/\/fillinx.site\/tropscbdtest\/wp-json\/wp\/v2\/product_cat?post=20155"},{"taxonomy":"product_tag","embeddable":true,"href":"https:\/\/fillinx.site\/tropscbdtest\/wp-json\/wp\/v2\/product_tag?post=20155"}],"curies":[{"name":"wp","href":"https:\/\/api.w.org\/{rel}","templated":true}]}}