{"id":20447,"date":"2023-12-12T13:49:47","date_gmt":"2023-12-12T13:49:47","guid":{"rendered":"https:\/\/fillinx.site\/tropscbdtest\/?post_type=product&#038;p=20447"},"modified":"2023-12-26T09:41:14","modified_gmt":"2023-12-26T09:41:14","slug":"authentic-blend-moonshinners-old-nuts","status":"publish","type":"product","link":"https:\/\/fillinx.site\/tropscbdtest\/produit\/authentic-blend-moonshinners-old-nuts\/","title":{"rendered":"Authentic Blend &#8211; Moonshinners &#8211; Old Nuts"},"content":{"rendered":"<p>Fid\u00e8le \u00e0 lui m\u00eame, le e-liquide Old Nuts, renferme toute la puissance de la torr\u00e9faction. Le <strong>burley<\/strong>\u00a0et son\u00a0<strong>caract\u00e8re affirm\u00e9<\/strong>\u00a0r\u00e9v\u00e8le un aspect plus\u00a0<strong>sec et franc<\/strong>, sans laisser de c\u00f4t\u00e9 ses notes d\u00e9licates de <strong>nougat vanill\u00e9<\/strong>, de\u00a0<strong>caramel<\/strong>\u00a0et de\u00a0<strong>noisettes<\/strong>.<\/p>\n<p>Avec son \u00e9quilibre soign\u00e9, le OLD NUTS, vous apportera, \u00e0 coup s\u00fbr, une subtilit\u00e9s aromatiques et un \u00e9quilibre tr\u00e8s appr\u00e9ci\u00e9.<\/p>\n<p>E-liquide Authentic Blend Old Nuts PGVG 50\/50 disponible en 3 mg\/ml de taux de nicotine :<\/p>\n<p>Le booster de nicotine Authentic Blend Old Nuts nicotin\u00e9s en 18 mg\/ml est fourni dans le pack :<\/p>\n<ul>\n<li>pour vaper votre e liquide en\u00a03 mg\/ml, ajoutez\u00a0le booster 18 mg\/ml\u00a0dans votre base\u00a050 ml.<\/li>\n<\/ul>\n<p>Pack tout en un Easy2Shake.<\/p>\n<p>Remplissez, secouez, vapez!<\/p>\n","protected":false},"excerpt":{"rendered":"<p><span style=\"color: #000000;\"><strong>E-liquide Old Nuts 50 ml<\/strong> : ar\u00f4me tabac Burley, nougat vanill\u00e9, caramel, noisettes grill\u00e9es<\/span><\/p>\n<p><span style=\"color: #000000;\">Le e-liquide Old Nuts est devenu plus qu&rsquo;un mythe. C&rsquo;est une l\u00e9gende. <\/span><\/p>\n<p><span style=\"color: #000000;\">Apr\u00e8s un succ\u00e8s incroyable en 2020, le e-liquide old nuts revient, avec encore plus d&rsquo;audace. Ce e-liquide se classe sans aucun doute en haut du tableau des liquides les plus gourmands de la vape.<\/span><\/p>\n<p><strong><span style=\"color: #000000;\">Le flacon de 50ml est en 0mg de nicotine. Un booster est fourni pour vaper en 3mg de nicotine.\u00a0<\/span><\/strong><\/p>\n","protected":false},"featured_media":20448,"template":"","meta":[],"product_cat":[50,124,111],"product_tag":[],"_links":{"self":[{"href":"https:\/\/fillinx.site\/tropscbdtest\/wp-json\/wp\/v2\/product\/20447"}],"collection":[{"href":"https:\/\/fillinx.site\/tropscbdtest\/wp-json\/wp\/v2\/product"}],"about":[{"href":"https:\/\/fillinx.site\/tropscbdtest\/wp-json\/wp\/v2\/types\/product"}],"wp:featuredmedia":[{"embeddable":true,"href":"https:\/\/fillinx.site\/tropscbdtest\/wp-json\/wp\/v2\/media\/20448"}],"wp:attachment":[{"href":"https:\/\/fillinx.site\/tropscbdtest\/wp-json\/wp\/v2\/media?parent=20447"}],"wp:term":[{"taxonomy":"product_cat","embeddable":true,"href":"https:\/\/fillinx.site\/tropscbdtest\/wp-json\/wp\/v2\/product_cat?post=20447"},{"taxonomy":"product_tag","embeddable":true,"href":"https:\/\/fillinx.site\/tropscbdtest\/wp-json\/wp\/v2\/product_tag?post=20447"}],"curies":[{"name":"wp","href":"https:\/\/api.w.org\/{rel}","templated":true}]}}