{"id":20450,"date":"2023-12-12T14:03:25","date_gmt":"2023-12-12T14:03:25","guid":{"rendered":"https:\/\/fillinx.site\/tropscbdtest\/?post_type=product&#038;p=20450"},"modified":"2023-12-12T17:03:48","modified_gmt":"2023-12-12T17:03:48","slug":"20450","status":"publish","type":"product","link":"https:\/\/fillinx.site\/tropscbdtest\/product\/20450\/","title":{"rendered":"Authentic Blend &#8211; Moonshinners &#8211; Old Nuts 10 ml"},"content":{"rendered":"<p><strong>Quels types d&rsquo;ar\u00f4mes je vais retrouver dans le Old Nuts Authentic Blend ?<\/strong><\/p>\n<p>Cette version du Old Nuts est un e-liquide classic-gourmand.<\/p>\n<p>Avec une recette \u00e0 base d&rsquo;ar\u00f4me de tabac, ce liquide peut satisfaire les vapoteurs d\u00e9sireux d&rsquo;entamer leur sevrage avec un mix entre go\u00fbt tabac et gourmandise.<\/p>\n<p><strong>Existe il plusieurs taux de nicotine disponibles pour le Old Nuts ?<\/strong><\/p>\n<p>Oui, ce e-liquide de la collection <strong>Moonshiners<\/strong> est disponibles en plusieurs taux de nicotine : 0, 3, 6 et 12 mg\/ml.<\/p>\n<p><strong>Quel est le ratio PG\/VG ?<\/strong><\/p>\n<p>Ce e-liquide Old nuts est \u00e9labor\u00e9 avec une base de 50% de propyl\u00e8ne glycol v\u00e9g\u00e9tal et de 50% de glyc\u00e9rine v\u00e9g\u00e9tale.<\/p>\n<p>Cette version revisit\u00e9 du Moonshiners Old Nuts propose une vape \u00e9quilibr\u00e9 entre production de vapeur et restitution aromatique.<\/p>\n","protected":false},"excerpt":{"rendered":"<p><span style=\"color: #000000;\"><strong>E-liquide Old Nuts 50 ml<\/strong> : ar\u00f4me tabac Burley, nougat vanill\u00e9, caramel, noisettes grill\u00e9es<\/span><\/p>\n<p><span style=\"color: #000000;\">Le e-liquide Old Nuts est devenu plus qu&rsquo;un mythe. C&rsquo;est une l\u00e9gende. <\/span><\/p>\n<p><span style=\"color: #000000;\">Apr\u00e8s un succ\u00e8s incroyable en 2020, le e-liquide old nuts revient, avec encore plus d&rsquo;audace. Ce e-liquide se classe sans aucun doute en haut du tableau des liquides les plus gourmands de la vape.<\/span><\/p>\n<p><strong><a href=\"https:\/\/fillinx.site\/tropscbdtest\/produit\/authentic-blend-moonshinners-old-nuts\/\"><span style=\"color: #000000;\">Existe aussi en grand format ici.<\/span><\/a><\/strong><\/p>\n","protected":false},"featured_media":20455,"template":"","meta":[],"product_cat":[50,124],"product_tag":[],"_links":{"self":[{"href":"https:\/\/fillinx.site\/tropscbdtest\/wp-json\/wp\/v2\/product\/20450"}],"collection":[{"href":"https:\/\/fillinx.site\/tropscbdtest\/wp-json\/wp\/v2\/product"}],"about":[{"href":"https:\/\/fillinx.site\/tropscbdtest\/wp-json\/wp\/v2\/types\/product"}],"wp:featuredmedia":[{"embeddable":true,"href":"https:\/\/fillinx.site\/tropscbdtest\/wp-json\/wp\/v2\/media\/20455"}],"wp:attachment":[{"href":"https:\/\/fillinx.site\/tropscbdtest\/wp-json\/wp\/v2\/media?parent=20450"}],"wp:term":[{"taxonomy":"product_cat","embeddable":true,"href":"https:\/\/fillinx.site\/tropscbdtest\/wp-json\/wp\/v2\/product_cat?post=20450"},{"taxonomy":"product_tag","embeddable":true,"href":"https:\/\/fillinx.site\/tropscbdtest\/wp-json\/wp\/v2\/product_tag?post=20450"}],"curies":[{"name":"wp","href":"https:\/\/api.w.org\/{rel}","templated":true}]}}