{"id":20458,"date":"2023-12-12T15:09:49","date_gmt":"2023-12-12T15:09:49","guid":{"rendered":"https:\/\/fillinx.site\/tropscbdtest\/?post_type=product&#038;p=20458"},"modified":"2023-12-12T17:03:20","modified_gmt":"2023-12-12T17:03:20","slug":"authentic-blend-moonshinners-ruff-skin-10-ml","status":"publish","type":"product","link":"https:\/\/fillinx.site\/tropscbdtest\/produit\/authentic-blend-moonshinners-ruff-skin-10-ml\/","title":{"rendered":"Authentic Blend &#8211; Moonshinners &#8211; Ruff Skin 10 ml"},"content":{"rendered":"<p><strong>E-liquide Ruff Skin Authentic Blend\u00a0<\/strong><\/p>\n<p><strong>Quels types d&rsquo;ar\u00f4mes je vais retrouver dans le Ruff Skin Authentic Blend ?<\/strong><\/p>\n<p>Vous retrouverez une restitution hautement r\u00e9aliste de Latakia. Cet ar\u00f4me propose une saveur <strong>franche<\/strong>\u00a0et\u00a0<strong>riche<\/strong>\u00a0avec une\u00a0<strong>puissante longueur en bouche et <\/strong>apporte une<strong>\u00a0profondeur aromatique \u00e9pic\u00e9e<\/strong>\u00a0et\u00a0<strong>fum\u00e9e<\/strong>.<\/p>\n<p>Ce e-liquide Ruff Skin est un e-liquide 100% classic.<\/p>\n<p><strong>Quel est le taux de nicotine disponibles pour le Ruff Skin Authentic Blend ?<\/strong><\/p>\n<p>Le e-liquide Ruff Skin de la collection <strong>Moonshiners<\/strong> est disponibles en plusieurs taux de nicotine : 0, 3, 6 <span style=\"letter-spacing: 0px;\">et <\/span><span style=\"letter-spacing: 0px;\">12 mg\/ml. Avec une recette \u00e0 base d&rsquo;ar\u00f4me de tabac, ce liquide peut satisfaire les vapoteurs d\u00e9sireux d&rsquo;entamer leur sevrage avec un classic pur.<\/span><\/p>\n<p><strong>Quel est le ratio PG\/VG ?<\/strong><\/p>\n<p>Le e-liquide Ruff Skin est \u00e9labor\u00e9 avec une base de 50% de propyl\u00e8ne glycol v\u00e9g\u00e9tal et de 50% de glyc\u00e9rine v\u00e9g\u00e9tale.<\/p>\n<p>Ruff Skin propose une vape \u00e9quilibr\u00e9 entre production de vapeur et restitution aromatique.<\/p>\n","protected":false},"excerpt":{"rendered":"<p><span style=\"color: #000000;\"><strong>E-liquide\u00a0Ruff Skin 50 ml<\/strong> : ar\u00f4me tabac latakia <\/span><\/p>\n<p><span style=\"color: #000000;\">Le Latakia vous offre une saveur <strong>tranch\u00e9e<\/strong>\u00a0et\u00a0<strong>riche<\/strong>\u00a0avec une\u00a0<strong>puissante longueur en bouche<\/strong>. Sa confection et ses caract\u00e9ristiques apportent une\u00a0<strong>profondeur aromatique \u00e9pic\u00e9e et fum\u00e9e<\/strong>.\u00a0<\/span><\/p>\n","protected":false},"featured_media":20459,"template":"","meta":[],"product_cat":[50,124],"product_tag":[],"_links":{"self":[{"href":"https:\/\/fillinx.site\/tropscbdtest\/wp-json\/wp\/v2\/product\/20458"}],"collection":[{"href":"https:\/\/fillinx.site\/tropscbdtest\/wp-json\/wp\/v2\/product"}],"about":[{"href":"https:\/\/fillinx.site\/tropscbdtest\/wp-json\/wp\/v2\/types\/product"}],"wp:featuredmedia":[{"embeddable":true,"href":"https:\/\/fillinx.site\/tropscbdtest\/wp-json\/wp\/v2\/media\/20459"}],"wp:attachment":[{"href":"https:\/\/fillinx.site\/tropscbdtest\/wp-json\/wp\/v2\/media?parent=20458"}],"wp:term":[{"taxonomy":"product_cat","embeddable":true,"href":"https:\/\/fillinx.site\/tropscbdtest\/wp-json\/wp\/v2\/product_cat?post=20458"},{"taxonomy":"product_tag","embeddable":true,"href":"https:\/\/fillinx.site\/tropscbdtest\/wp-json\/wp\/v2\/product_tag?post=20458"}],"curies":[{"name":"wp","href":"https:\/\/api.w.org\/{rel}","templated":true}]}}