{"id":20466,"date":"2023-12-12T15:35:36","date_gmt":"2023-12-12T15:35:36","guid":{"rendered":"https:\/\/fillinx.site\/tropscbdtest\/?post_type=product&#038;p=20466"},"modified":"2023-12-12T17:03:00","modified_gmt":"2023-12-12T17:03:00","slug":"authentic-blend-moonshinners-wild-ruby-10-ml","status":"publish","type":"product","link":"https:\/\/fillinx.site\/tropscbdtest\/produit\/authentic-blend-moonshinners-wild-ruby-10-ml\/","title":{"rendered":"Authentic Blend &#8211; Moonshinners &#8211; Wild Ruby 10 ml"},"content":{"rendered":"<p><span style=\"color: #000000;\"><strong>E-liquide Wild Ruby Authentic Blend<\/strong><\/span><\/p>\n<p><span style=\"color: #000000;\">Voici le go\u00fbt d&rsquo;un tabac de haute qualit\u00e9. La vari\u00e9t\u00e9 <strong>Kentucky<\/strong> est connue pour sa<strong>\u00a0saveur forte et robuste<\/strong>. Apr\u00e8s avoir \u00e9t\u00e9 minutieusement torr\u00e9fi\u00e9 et s\u00e9ch\u00e9, le Kentucky offre des ar\u00f4mes exceptionnels. La <strong>cerise griotte<\/strong>\u00a0am\u00e8nera une note suppl\u00e9mentaire\u00a0<strong>l\u00e9g\u00e8rement acidul\u00e9e<\/strong>\u00a0et<strong>\u00a0pleinement parfum\u00e9e<\/strong>.<\/span><\/p>\n<p><span style=\"color: #000000;\"><strong>Quels types d&rsquo;ar\u00f4mes je vais retrouver dans le Wild Ruby Authentic Blend ?<\/strong><\/span><\/p>\n<p><span style=\"color: #000000;\">Ce\u00a0e-liquide Wild Ruby\u00a0est un e-liquide classic-fruit\u00e9, m\u00ealant une recette de base fruit\u00e9e \u00e0 un ar\u00f4me tabac torr\u00e9fi\u00e9.<\/span><\/p>\n<p><span style=\"color: #000000;\"><strong>Quel est le taux de nicotine disponibles pour le Ruff Skin Authentic Blend ?<\/strong><\/span><\/p>\n<p><span style=\"color: #000000;\">Ce e-liquide de la collection <strong>Moonshiners<\/strong> est disponibles en plusieurs taux de nicotine : 0, 3, 6 et 12 mg\/ml. Avec une recette \u00e0 base d&rsquo;ar\u00f4me de tabac, ce liquide peut satisfaire les vapoteurs d\u00e9sireux d&rsquo;entamer leur sevrage avec un mix entre go\u00fbt tabac et saveur fruit\u00e9e.<\/span><\/p>\n<p><span style=\"color: #000000;\"><strong>Quel est le ratio PG\/VG ?<\/strong><\/span><\/p>\n<p><span style=\"color: #000000;\">Le e-liquide Wild ruby est \u00e9labor\u00e9 avec une base de 50% de propyl\u00e8ne glycol v\u00e9g\u00e9tal et de 50% de glyc\u00e9rine v\u00e9g\u00e9tale.<\/span><\/p>\n<p><span style=\"color: #000000;\">Wild Ruby propose une vape \u00e9quilibr\u00e9 entre production de vapeur et restitution aromatique.<\/span><\/p>\n","protected":false},"excerpt":{"rendered":"<p><span style=\"color: #000000;\"><strong>E-liquide Wild Ruby 50 ml<\/strong> : ar\u00f4me tabac kentucky, cerise griotte<\/span><\/p>\n<p><span style=\"color: #000000;\">Voici le go\u00fbt d&rsquo;un tabac de haute qualit\u00e9. La vari\u00e9t\u00e9 <strong>Kentucky<\/strong> est connue pour sa<strong>\u00a0saveur forte et robuste<\/strong>. Apr\u00e8s avoir \u00e9t\u00e9 minutieusement torr\u00e9fi\u00e9 et s\u00e9ch\u00e9, le Kentucky offre des ar\u00f4mes exceptionnels. La <strong>cerise griotte<\/strong>\u00a0am\u00e8nera une note suppl\u00e9mentaire\u00a0<strong>l\u00e9g\u00e8rement acidul\u00e9e<\/strong>\u00a0et<strong>\u00a0pleinement parfum\u00e9e<\/strong>.<\/span><\/p>\n<p><span style=\"color: #000000;\">Existe aussi en easy to shake de 60ml et 3mg de nicotine<\/span><\/p>\n","protected":false},"featured_media":20467,"template":"","meta":[],"product_cat":[50,124],"product_tag":[],"_links":{"self":[{"href":"https:\/\/fillinx.site\/tropscbdtest\/wp-json\/wp\/v2\/product\/20466"}],"collection":[{"href":"https:\/\/fillinx.site\/tropscbdtest\/wp-json\/wp\/v2\/product"}],"about":[{"href":"https:\/\/fillinx.site\/tropscbdtest\/wp-json\/wp\/v2\/types\/product"}],"wp:featuredmedia":[{"embeddable":true,"href":"https:\/\/fillinx.site\/tropscbdtest\/wp-json\/wp\/v2\/media\/20467"}],"wp:attachment":[{"href":"https:\/\/fillinx.site\/tropscbdtest\/wp-json\/wp\/v2\/media?parent=20466"}],"wp:term":[{"taxonomy":"product_cat","embeddable":true,"href":"https:\/\/fillinx.site\/tropscbdtest\/wp-json\/wp\/v2\/product_cat?post=20466"},{"taxonomy":"product_tag","embeddable":true,"href":"https:\/\/fillinx.site\/tropscbdtest\/wp-json\/wp\/v2\/product_tag?post=20466"}],"curies":[{"name":"wp","href":"https:\/\/api.w.org\/{rel}","templated":true}]}}