{"id":20477,"date":"2023-12-12T17:29:01","date_gmt":"2023-12-12T17:29:01","guid":{"rendered":"https:\/\/fillinx.site\/tropscbdtest\/?post_type=product&#038;p=20477"},"modified":"2024-03-05T09:45:14","modified_gmt":"2024-03-05T09:45:14","slug":"e-liquide-amnesia-nouvelle-nature","status":"publish","type":"product","link":"https:\/\/fillinx.site\/tropscbdtest\/produit\/e-liquide-amnesia-nouvelle-nature\/","title":{"rendered":"E-liquide Amnesia &#8211; Nouvelle Nature"},"content":{"rendered":"<p><span style=\"color: #000000;\"><strong>Du CBD et du CBN dans le m\u00eame e-liquide.\u00a0<\/strong><\/span><\/p>\n<p><span style=\"color: #000000;\">Trop&rsquo;s vous propose un e-liquide Fran\u00e7ais unique, cr\u00e9e \u00e0 partir de l&rsquo;\u0153uvre de Sam The Skunkman et qui reproduit parfaitement le go\u00fbt de la plante d&rsquo;Amn\u00e9sia.\u00a0<\/span><\/p>\n<p><span style=\"color: #000000;\">Ce e-liquide Amnesia 10ml poss\u00e8de un profil aromatique tr\u00e8s puissant de la plante de cannabis Amnesia. Son parfum punchy est tr\u00e8s herbac\u00e9\u00a0et\u00a0\u00e9pic\u00e9\u00a0et ses terp\u00e8nes d&rsquo;agrumes plantent le caract\u00e8re acidul\u00e9 de la plante dans votre bouche ! <\/span><\/p>\n<p><span style=\"color: #000000;\">Le go\u00fbt de ce e-liquide est juste exceptionnel. D\u00e9tendez vous et savourez un instant de pur bonheur avec la combinaison du CBD et du CBN.\u00a0<\/span><\/p>\n<p><span style=\"color: #000000;\">Les\u00a0e-liquides CBD\/CBN\u00a0de Nouvelle Nature sont fabriqu\u00e9s et conditionn\u00e9s en France, \u00e0 Nantes, par le laboratoire Lips France.<\/span><\/p>\n<p>&nbsp;<\/p>\n","protected":false},"excerpt":{"rendered":"<p><span style=\"color: #000000;\">Oubliez tout ce que vous pensez savoir sur les e-liquides de CBD. <\/span><\/p>\n<p><span style=\"color: #000000;\"><strong>Trop&rsquo;s<\/strong> vous pr\u00e9sente le meilleur e-liquide CBD qui existe. Et en plus de \u00e7a, il est Fran\u00e7ais.\u00a0<\/span><\/p>\n<p><span style=\"color: #000000;\"> Ce e-liquide poss\u00e8de un go\u00fbt authentique de cannabis <strong>Amnesia. <\/strong>Il combine aussi 2 mol\u00e9cules de la plante: le CBD et le CBN.<\/span><\/p>\n<p><span style=\"color: #000000;\">Offrez vous une vape d\u00e9tente au profil terp\u00e9nique cors\u00e9, de celles dont vous vous souviendrez !<\/span><\/p>\n<p><span style=\"color: #000000;\"><strong>Sans THC<\/strong><\/span><\/p>\n<p><span style=\"color: #000000;\"><strong>Plus d&rsquo;info en description.<\/strong><\/span><\/p>\n","protected":false},"featured_media":20480,"template":"","meta":[],"product_cat":[50,123],"product_tag":[],"_links":{"self":[{"href":"https:\/\/fillinx.site\/tropscbdtest\/wp-json\/wp\/v2\/product\/20477"}],"collection":[{"href":"https:\/\/fillinx.site\/tropscbdtest\/wp-json\/wp\/v2\/product"}],"about":[{"href":"https:\/\/fillinx.site\/tropscbdtest\/wp-json\/wp\/v2\/types\/product"}],"wp:featuredmedia":[{"embeddable":true,"href":"https:\/\/fillinx.site\/tropscbdtest\/wp-json\/wp\/v2\/media\/20480"}],"wp:attachment":[{"href":"https:\/\/fillinx.site\/tropscbdtest\/wp-json\/wp\/v2\/media?parent=20477"}],"wp:term":[{"taxonomy":"product_cat","embeddable":true,"href":"https:\/\/fillinx.site\/tropscbdtest\/wp-json\/wp\/v2\/product_cat?post=20477"},{"taxonomy":"product_tag","embeddable":true,"href":"https:\/\/fillinx.site\/tropscbdtest\/wp-json\/wp\/v2\/product_tag?post=20477"}],"curies":[{"name":"wp","href":"https:\/\/api.w.org\/{rel}","templated":true}]}}