{"id":20687,"date":"2023-12-22T13:58:53","date_gmt":"2023-12-22T13:58:53","guid":{"rendered":"https:\/\/fillinx.site\/tropscbdtest\/?post_type=product&#038;p=20687"},"modified":"2024-05-06T14:54:27","modified_gmt":"2024-05-06T12:54:27","slug":"infusion-cbd-douceur-orange","status":"publish","type":"product","link":"https:\/\/fillinx.site\/tropscbdtest\/produit\/infusion-cbd-douceur-orange\/","title":{"rendered":"Infusion CBD douceur orang\u00e9"},"content":{"rendered":"<p class=\"cvGsUA direction-ltr align-justify para-style-body\"><span style=\"color: #000000;\"><span class=\"OYPEnA text-decoration-none text-strikethrough-none\">L&rsquo;\u00e9corce d&rsquo;orange d\u00e9ploie une fra\u00eecheur agrumes <\/span><span class=\"OYPEnA text-decoration-none text-strikethrough-none\">vivifiante, tandis que le rooibos, gorg\u00e9 d&rsquo;antioxydants <\/span><span class=\"OYPEnA text-decoration-none text-strikethrough-none\">enveloppe chaque gorg\u00e9e d&rsquo;une s\u00e9r\u00e9nit\u00e9 apaisante.<\/span><\/span><\/p>\n<p class=\"cvGsUA direction-ltr align-justify para-style-body\"><span class=\"OYPEnA text-decoration-none text-strikethrough-none\" style=\"color: #000000;\">La pomme, avec sa douceur naturelle, ajoute une note de r\u00e9confort subtile \u00e0 l&rsquo;ensemble. Les baies sauvages, quant \u00e0 elles, parach\u00e8vent cette symphonie avec des ar\u00f4mes fruit\u00e9s et d\u00e9licats qui dansent sur le palais.<\/span><\/p>\n<p class=\"cvGsUA direction-ltr align-justify para-style-body\"><span class=\"OYPEnA text-decoration-none text-strikethrough-none\" style=\"color: #000000;\">Cette infusion contribue \u00e0 une exp\u00e9rience de bien-\u00eatre globale et vous convie \u00e0 un instant pour vous, \u00e0 vous laisser captiver par les nuances des saveurs et \u00e0 c\u00e9l\u00e9brer chaque gorg\u00e9e.<\/span><\/p>\n","protected":false},"excerpt":{"rendered":"<p class=\"cvGsUA direction-ltr align-justify para-style-body\"><span class=\"OYPEnA text-decoration-none text-strikethrough-none\" style=\"color: #000000;\">D\u00e9couvrez notre infusion CBD \u00ab\u00a0Douceur Orang\u00e9e\u00a0\u00bb : une caresse de saveurs qui apaise vos sens et ravit votre palais.<\/span><\/p>\n<p class=\"cvGsUA direction-ltr align-justify para-style-body\"><span class=\"OYPEnA text-decoration-none text-strikethrough-none\" style=\"color: #000000;\">La symphonie harmonieuse des \u00e9corces d&rsquo;orange, du rooibos et de la pomme vous emporte dans un voyage gustatif apaisant, offrant une douceur r\u00e9confortante \u00e0 chaque d\u00e9gustation.<\/span><\/p>\n","protected":false},"featured_media":20689,"template":"","meta":[],"product_cat":[49,48],"product_tag":[],"_links":{"self":[{"href":"https:\/\/fillinx.site\/tropscbdtest\/wp-json\/wp\/v2\/product\/20687"}],"collection":[{"href":"https:\/\/fillinx.site\/tropscbdtest\/wp-json\/wp\/v2\/product"}],"about":[{"href":"https:\/\/fillinx.site\/tropscbdtest\/wp-json\/wp\/v2\/types\/product"}],"wp:featuredmedia":[{"embeddable":true,"href":"https:\/\/fillinx.site\/tropscbdtest\/wp-json\/wp\/v2\/media\/20689"}],"wp:attachment":[{"href":"https:\/\/fillinx.site\/tropscbdtest\/wp-json\/wp\/v2\/media?parent=20687"}],"wp:term":[{"taxonomy":"product_cat","embeddable":true,"href":"https:\/\/fillinx.site\/tropscbdtest\/wp-json\/wp\/v2\/product_cat?post=20687"},{"taxonomy":"product_tag","embeddable":true,"href":"https:\/\/fillinx.site\/tropscbdtest\/wp-json\/wp\/v2\/product_tag?post=20687"}],"curies":[{"name":"wp","href":"https:\/\/api.w.org\/{rel}","templated":true}]}}