{"id":20871,"date":"2024-01-04T11:31:23","date_gmt":"2024-01-04T11:31:23","guid":{"rendered":"https:\/\/fillinx.site\/tropscbdtest\/?post_type=product&#038;p=20871"},"modified":"2024-05-06T17:04:21","modified_gmt":"2024-05-06T15:04:21","slug":"alien","status":"publish","type":"product","link":"https:\/\/fillinx.site\/tropscbdtest\/produit\/alien\/","title":{"rendered":"Alien"},"content":{"rendered":"<p><span style=\"color: #000000;\"><strong>Trop&rsquo;s CBD<\/strong> vous pr\u00e9sente la Alien, une vari\u00e9t\u00e9 de fleur de CBD au parfum naturel. <\/span><\/p>\n<p><span style=\"color: #000000;\">La Alien se distingue par son profil gustatif unique, mariant habilement les saveurs terreuses profondes \u00e0 des nuances bois\u00e9es.<\/span><\/p>\n<p><span style=\"color: #000000;\">La fleur de CBD Alien est une aventure pour vos sens. Chaque bouff\u00e9e est une invitation \u00e0 explorer des ar\u00f4mes robustes et captivants, offrant une relaxation profonde et un apaisement de l&rsquo;esprit. C&rsquo;est l&rsquo;\u00e9vasion parfaite pour ceux qui cherchent \u00e0 se d\u00e9connecter du tumulte quotidien.<\/span><\/p>\n<p><span style=\"color: #000000;\">Chez Trop&rsquo;s CBD, nous nous consacrons \u00e0 la qualit\u00e9. Alien est le fruit d&rsquo;une culture m\u00e9ticuleuse et d&rsquo;une s\u00e9lection rigoureuse, assurant une puret\u00e9 et une puissance in\u00e9gal\u00e9es. Choisir l&rsquo;Alien, c&rsquo;est choisir une exp\u00e9rience CBD de premier ordre, garantie sans compromis.<\/span><\/p>\n<p><span style=\"color: #000000;\">Alien est bien plus qu&rsquo;une fleur de CBD premium. C&rsquo;est un symbole de sophistication et d&rsquo;excellence. Que vous soyez un novice ou un expert en CBD, la Alien vous s\u00e9duira par sa richesse aromatique, son go\u00fbt unique et les sensations de tranquillit\u00e9 qu&rsquo;elle procure. Embarquez pour un voyage extraordinaire avec la Alien de Trop&rsquo;s CBD et d\u00e9couvrez la quintessence du CBD premium au go\u00fbt naturellement terreux.<\/span><\/p>\n","protected":false},"excerpt":{"rendered":"<p><span style=\"color: #000000;\"><strong>Alien &#8211; Fleur de CBD Premium<\/strong><\/span><\/p>\n<p><span style=\"color: #000000;\">D\u00e9couvrez notre<strong> fleur de CBD<\/strong> Alien, une fleur de CBD haut de gamme qui combine un go\u00fbt terreux authentique avec des notes bois\u00e9es. Reconnue pour sa qualit\u00e9 premium, Alien offre une exp\u00e9rience riche et enveloppante pour les amateurs de CBD qui appr\u00e9cient la complexit\u00e9 des saveurs naturelles.<\/span><\/p>\n","protected":false},"featured_media":20893,"template":"","meta":[],"product_cat":[30,63],"product_tag":[],"_links":{"self":[{"href":"https:\/\/fillinx.site\/tropscbdtest\/wp-json\/wp\/v2\/product\/20871"}],"collection":[{"href":"https:\/\/fillinx.site\/tropscbdtest\/wp-json\/wp\/v2\/product"}],"about":[{"href":"https:\/\/fillinx.site\/tropscbdtest\/wp-json\/wp\/v2\/types\/product"}],"wp:featuredmedia":[{"embeddable":true,"href":"https:\/\/fillinx.site\/tropscbdtest\/wp-json\/wp\/v2\/media\/20893"}],"wp:attachment":[{"href":"https:\/\/fillinx.site\/tropscbdtest\/wp-json\/wp\/v2\/media?parent=20871"}],"wp:term":[{"taxonomy":"product_cat","embeddable":true,"href":"https:\/\/fillinx.site\/tropscbdtest\/wp-json\/wp\/v2\/product_cat?post=20871"},{"taxonomy":"product_tag","embeddable":true,"href":"https:\/\/fillinx.site\/tropscbdtest\/wp-json\/wp\/v2\/product_tag?post=20871"}],"curies":[{"name":"wp","href":"https:\/\/api.w.org\/{rel}","templated":true}]}}