{"id":20886,"date":"2024-01-04T11:22:58","date_gmt":"2024-01-04T11:22:58","guid":{"rendered":"https:\/\/fillinx.site\/tropscbdtest\/?post_type=product&#038;p=20886"},"modified":"2024-05-13T16:30:11","modified_gmt":"2024-05-13T14:30:11","slug":"nice","status":"publish","type":"product","link":"https:\/\/fillinx.site\/tropscbdtest\/produit\/nice\/","title":{"rendered":"Nice"},"content":{"rendered":"<p><span style=\"color: #000000;\">Entrez dans un monde de relaxation et de plaisir sensoriel avec cette fleur de CBD premium de qualit\u00e9 sup\u00e9rieure. Cette fleur de cannabis, soigneusement s\u00e9lectionn\u00e9e, se caract\u00e9rise par un profil aromatique exceptionnel : des notes l\u00e9g\u00e8rement fruit\u00e9es et acidul\u00e9es qui \u00e9voquent la fra\u00eecheur du citron. Chaque inhalation vous transporte dans un verger d&rsquo;agrumes, promettant une exp\u00e9rience olfactive aussi agr\u00e9able qu&rsquo;unique.<\/span><\/p>\n<p><span style=\"color: #000000;\">Mais la \u00ab\u00a0Nice\u00a0\u00bb n&rsquo;est pas seulement une merveille pour les sens. Elle incarne la puissance tranquille du CBD. Reconnu pour ses propri\u00e9t\u00e9s relaxantes, le CBD contenu dans la \u00ab\u00a0Nice\u00a0\u00bb vous aide \u00e0 apaiser le stress et la tension du quotidien. Que vous cherchiez \u00e0 vous d\u00e9tendre apr\u00e8s une longue journ\u00e9e ou \u00e0 trouver un moment de paix, cette fleur est votre alli\u00e9e.<\/span><\/p>\n<p><span style=\"color: #000000;\">L&rsquo;achat de \u00ab\u00a0Nice\u00a0\u00bb n&rsquo;est pas seulement un choix pour votre bien-\u00eatre personnel, mais aussi une d\u00e9cision \u00e9clair\u00e9e pour ceux qui appr\u00e9cient la qualit\u00e9. Nos fleurs sont cultiv\u00e9es avec le plus grand soin, garantissant un produit pur, sans additifs ni pesticides. Choisir \u00ab\u00a0Nice\u00a0\u00bb, c&rsquo;est opter pour une exp\u00e9rience naturelle et authentique.<\/span><\/p>\n<p><span style=\"color: #000000;\">Nous sommes fiers de vous offrir une fleur de CBD qui allie go\u00fbt exquis, ar\u00f4mes enchanteurs et bienfaits apaisants. Parfaite pour les connaisseurs de cannabis et pour ceux qui d\u00e9butent dans le monde du CBD, cette fleur est une invitation \u00e0 d\u00e9couvrir la richesse et la diversit\u00e9 des exp\u00e9riences que le cannabis peut offrir.\u00a0<\/span><\/p>\n","protected":false},"excerpt":{"rendered":"<p><span style=\"color: #000000;\">D\u00e9couvrez notre fleur de CBD premium: la \u00ab\u00a0Nice\u00a0\u00bb. <\/span><\/p>\n<p><span style=\"color: #000000;\">Avec son profil l\u00e9g\u00e8rement fruit\u00e9 et acidul\u00e9, rappelant les nuances du citron, cette fleur de cannabis se distingue par son go\u00fbt exquis et ses ar\u00f4mes rafra\u00eechissants. Parfaite pour ceux qui recherchent une exp\u00e9rience sensorielle unique, la Nice offre les bienfaits apaisants du CBD et un plaisir gustatif unique. Cette fleur de CBD est id\u00e9ale pour la d\u00e9tente et le bien-\u00eatre.<\/span><\/p>\n","protected":false},"featured_media":20890,"template":"","meta":[],"product_cat":[30,63],"product_tag":[],"_links":{"self":[{"href":"https:\/\/fillinx.site\/tropscbdtest\/wp-json\/wp\/v2\/product\/20886"}],"collection":[{"href":"https:\/\/fillinx.site\/tropscbdtest\/wp-json\/wp\/v2\/product"}],"about":[{"href":"https:\/\/fillinx.site\/tropscbdtest\/wp-json\/wp\/v2\/types\/product"}],"wp:featuredmedia":[{"embeddable":true,"href":"https:\/\/fillinx.site\/tropscbdtest\/wp-json\/wp\/v2\/media\/20890"}],"wp:attachment":[{"href":"https:\/\/fillinx.site\/tropscbdtest\/wp-json\/wp\/v2\/media?parent=20886"}],"wp:term":[{"taxonomy":"product_cat","embeddable":true,"href":"https:\/\/fillinx.site\/tropscbdtest\/wp-json\/wp\/v2\/product_cat?post=20886"},{"taxonomy":"product_tag","embeddable":true,"href":"https:\/\/fillinx.site\/tropscbdtest\/wp-json\/wp\/v2\/product_tag?post=20886"}],"curies":[{"name":"wp","href":"https:\/\/api.w.org\/{rel}","templated":true}]}}