{"id":21066,"date":"2024-01-30T13:27:01","date_gmt":"2024-01-30T13:27:01","guid":{"rendered":"https:\/\/fillinx.site\/tropscbdtest\/?post_type=product&#038;p=21066"},"modified":"2024-05-20T09:02:40","modified_gmt":"2024-05-20T07:02:40","slug":"tangerine","status":"publish","type":"product","link":"https:\/\/fillinx.site\/tropscbdtest\/produit\/tangerine\/","title":{"rendered":"Tangerine"},"content":{"rendered":"<p><span style=\"color: #333300;\">Plongez dans un monde de saveurs exquises avec \u00ab\u00a0Tangerine\u00a0\u00bb, notre vari\u00e9t\u00e9 premium de fleur de CBD. Cette s\u00e9lection unique est une c\u00e9l\u00e9bration des sens, offrant une exp\u00e9rience aromatique qui rappelle un verger de mandarines sous le soleil. Son parfum d\u00e9licatement fruit\u00e9 et son go\u00fbt sucr\u00e9 vous invitent \u00e0 un moment de pur plaisir et de d\u00e9tente.<\/span><\/p>\n<p><span style=\"color: #333300;\">La \u00ab\u00a0<strong>Tangerine<\/strong>\u00a0\u00bb n&rsquo;est pas seulement un d\u00e9lice pour les papilles. Elle est aussi une source de bien-\u00eatre, gr\u00e2ce aux vertus apaisantes du CBD. Id\u00e9ale pour ceux qui recherchent \u00e0 se relaxer ou \u00e0 soulager le stress quotidien, cette fleur agit comme un baume naturel pour l&rsquo;esprit et le corps. Ses effets relaxants sont doux mais efficaces, vous permettant de vous d\u00e9tendre gr\u00e2ce \u00e0 sa grande concentration de CBD.<\/span><\/p>\n<p><span style=\"color: #333300;\">Cultiv\u00e9e avec le plus grand soin, la \u00ab\u00a0<strong>Tangerine<\/strong>\u00a0\u00bb est le fruit d&rsquo;un engagement in\u00e9branlable envers la qualit\u00e9 et la puret\u00e9. Chaque bourgeon est une promesse de naturalit\u00e9 et d&rsquo;authenticit\u00e9. En choisissant cette vari\u00e9t\u00e9, vous optez pour un produit de haute qualit\u00e9, respectueux de l&rsquo;environnement et de votre sant\u00e9.<\/span><\/p>\n<p><span style=\"color: #333300;\">Que vous soyez un connaisseur de CBD ou un nouveau venu dans ce monde fascinant, cette fleur est id\u00e9ale pour enrichir votre exp\u00e9rience. Elle n&rsquo;est pas seulement une fleur de CBD ; c&rsquo;est une invitation \u00e0 s&rsquo;\u00e9vader dans un monde de saveurs, de d\u00e9tente et de bien-\u00eatre.<\/span><\/p>\n","protected":false},"excerpt":{"rendered":"<p><span style=\"color: #333300;\">D\u00e9couvrez notre \u00ab\u00a0<strong>Tangerine<\/strong>\u00ab\u00a0, une fleur de CBD premium qui incarne la douceur et la fra\u00eecheur. Avec son odeur envo\u00fbtante \u00e9voquant la mandarine ainsi que son go\u00fbt fruit\u00e9 et sucr\u00e9, la <strong>Tangerine<\/strong> est une invitation \u00e0 un voyage sensoriel unique, parfait pour ceux qui cherchent \u00e0 enrichir leur exp\u00e9rience avec une touche d&rsquo;agrume d\u00e9licatement sucr\u00e9e.<\/span><\/p>\n","protected":false},"featured_media":21067,"template":"","meta":[],"product_cat":[30,63],"product_tag":[],"_links":{"self":[{"href":"https:\/\/fillinx.site\/tropscbdtest\/wp-json\/wp\/v2\/product\/21066"}],"collection":[{"href":"https:\/\/fillinx.site\/tropscbdtest\/wp-json\/wp\/v2\/product"}],"about":[{"href":"https:\/\/fillinx.site\/tropscbdtest\/wp-json\/wp\/v2\/types\/product"}],"wp:featuredmedia":[{"embeddable":true,"href":"https:\/\/fillinx.site\/tropscbdtest\/wp-json\/wp\/v2\/media\/21067"}],"wp:attachment":[{"href":"https:\/\/fillinx.site\/tropscbdtest\/wp-json\/wp\/v2\/media?parent=21066"}],"wp:term":[{"taxonomy":"product_cat","embeddable":true,"href":"https:\/\/fillinx.site\/tropscbdtest\/wp-json\/wp\/v2\/product_cat?post=21066"},{"taxonomy":"product_tag","embeddable":true,"href":"https:\/\/fillinx.site\/tropscbdtest\/wp-json\/wp\/v2\/product_tag?post=21066"}],"curies":[{"name":"wp","href":"https:\/\/api.w.org\/{rel}","templated":true}]}}