{"id":21072,"date":"2024-01-30T13:48:18","date_gmt":"2024-01-30T13:48:18","guid":{"rendered":"https:\/\/fillinx.site\/tropscbdtest\/?post_type=product&#038;p=21072"},"modified":"2024-03-26T09:41:10","modified_gmt":"2024-03-26T09:41:10","slug":"strawberry-5p","status":"publish","type":"product","link":"https:\/\/fillinx.site\/tropscbdtest\/produit\/strawberry-5p\/","title":{"rendered":"Strawberry THCP"},"content":{"rendered":"<p><span style=\"color: #333300;\">Strawberry\u00a0\u00bb est bien plus qu&rsquo;une simple fleur de THCP ; c&rsquo;est une symphonie de saveurs, con\u00e7ue pour les amateurs de nuances d\u00e9licates et naturelles. Chaque bourgeon est un chef-d&rsquo;\u0153uvre de la nature, offrant un go\u00fbt l\u00e9g\u00e8rement fruit\u00e9 et sucr\u00e9 qui rappelle la fra\u00eecheur et la tendresse des fraises m\u00fbres. Cette vari\u00e9t\u00e9 premium est le fruit d&rsquo;une s\u00e9lection m\u00e9ticuleuse, destin\u00e9e \u00e0 ceux qui appr\u00e9cient la finesse et l&rsquo;authenticit\u00e9.<\/span><\/p>\n<p><span style=\"color: #333300;\">En plus de son profil gustatif exquis, cette Strawberry se distingue par la qualit\u00e9 sup\u00e9rieure de ses effets. Le THCP, connu pour sa puissance et sa puret\u00e9, offre une exp\u00e9rience enrichissante et satisfaisante. Que vous cherchiez \u00e0 vous d\u00e9tendre en fin de journ\u00e9e ou \u00e0 profiter d&rsquo;un moment de s\u00e9r\u00e9nit\u00e9, la Strawberry est l&rsquo;accompagnatrice parfaite pour un voyage de d\u00e9tente et de bien-\u00eatre.<\/span><\/p>\n<p><span style=\"color: #333300;\"><span style=\"color: #ff0000;\"><strong>Attention:<\/strong><\/span><br \/>\n<\/span><span style=\"color: #333300;\">Cette vari\u00e9t\u00e9 offre des effets puissants, sup\u00e9rieur au fleur de CBD. Nous vous conseillons de commencer par de petites dose et d&rsquo;augmenter si besoin.<br \/>\nM\u00eame ceux qui consomment du THC traditionnel. Ce n&rsquo;est pas la m\u00eame mol\u00e9cule!<\/span><\/p>\n","protected":false},"excerpt":{"rendered":"<p><span style=\"color: #333300;\">D\u00e9couvrez notre Strawberry 5P, notre fleur de THCP premium, une v\u00e9ritable d\u00e9lectation pour les sens. Son go\u00fbt subtilement fruit\u00e9 et sucr\u00e9, \u00e9voquant la douceur des fraises fra\u00eeches, en fait une vari\u00e9t\u00e9 de choix pour ceux en qu\u00eate d&rsquo;une exp\u00e9rience gustative raffin\u00e9e, d&rsquo;effets puissants et d&rsquo;une qualit\u00e9 exceptionnelle.<\/span><\/p>\n","protected":false},"featured_media":21073,"template":"","meta":[],"product_cat":[128,132],"product_tag":[],"_links":{"self":[{"href":"https:\/\/fillinx.site\/tropscbdtest\/wp-json\/wp\/v2\/product\/21072"}],"collection":[{"href":"https:\/\/fillinx.site\/tropscbdtest\/wp-json\/wp\/v2\/product"}],"about":[{"href":"https:\/\/fillinx.site\/tropscbdtest\/wp-json\/wp\/v2\/types\/product"}],"wp:featuredmedia":[{"embeddable":true,"href":"https:\/\/fillinx.site\/tropscbdtest\/wp-json\/wp\/v2\/media\/21073"}],"wp:attachment":[{"href":"https:\/\/fillinx.site\/tropscbdtest\/wp-json\/wp\/v2\/media?parent=21072"}],"wp:term":[{"taxonomy":"product_cat","embeddable":true,"href":"https:\/\/fillinx.site\/tropscbdtest\/wp-json\/wp\/v2\/product_cat?post=21072"},{"taxonomy":"product_tag","embeddable":true,"href":"https:\/\/fillinx.site\/tropscbdtest\/wp-json\/wp\/v2\/product_tag?post=21072"}],"curies":[{"name":"wp","href":"https:\/\/api.w.org\/{rel}","templated":true}]}}