{"id":21652,"date":"2024-02-21T10:14:17","date_gmt":"2024-02-21T10:14:17","guid":{"rendered":"https:\/\/fillinx.site\/tropscbdtest\/?post_type=product&#038;p=21652"},"modified":"2024-05-20T09:14:33","modified_gmt":"2024-05-20T07:14:33","slug":"la-haze","status":"publish","type":"product","link":"https:\/\/fillinx.site\/tropscbdtest\/produit\/la-haze\/","title":{"rendered":"La Haze"},"content":{"rendered":"<p><span style=\"color: #333300;\">Notre fleur de CBD \u00ab\u00a0la Haze\u00a0\u00bb incarne la vivacit\u00e9 et la puissance, sp\u00e9cialement s\u00e9lectionn\u00e9e pour les amateurs de sensations fortes. Cette vari\u00e9t\u00e9 se distingue par son profil aromatique unique, m\u00ealant des notes piquantes \u00e0 une acidit\u00e9 rafra\u00eechissante, pour une exp\u00e9rience qui stimule et revigore.<\/span><\/p>\n<p><span style=\"color: #333300;\">C&rsquo;est une fleur de CBD premium Fran\u00e7aise cultiv\u00e9e en Charente Maritime.<\/span><\/p>\n<p><span style=\"color: #333300;\"><strong>Un profil aromatique \u00e9xaltant et une puissance d\u00e9licieuse<\/strong><\/span><\/p>\n<p><span style=\"color: #333300;\">\u00ab\u00a0La Haze\u00a0\u00bb est une explosion de saveurs, combinant une acidit\u00e9 saisissante \u00e0 des touches piquantes qui captivent d\u00e8s la premi\u00e8re inhalation. Ce m\u00e9lange audacieux promet une aventure gustative hors du commun, d\u00e9fiant les attentes et \u00e9levant l&rsquo;exp\u00e9rience du CBD \u00e0 de nouveaux sommets.<\/span><\/p>\n<p><span style=\"color: #333300;\">Chaque bouff\u00e9e de \u00ab\u00a0la Haze\u00a0\u00bb est une bouff\u00e9e d&rsquo;\u00e9nergie, offrant une puissance qui inspire et revitalise. Elle est id\u00e9ale pour ceux qui recherchent un coup de fouet naturel, permettant de traverser la journ\u00e9e avec une vigueur renouvel\u00e9e. \u00ab\u00a0La Haze\u00a0\u00bb est la compagne parfaite pour les esprits aventureux et dynamiques.<\/span><\/p>\n","protected":false},"excerpt":{"rendered":"<p><span style=\"color: #333300;\">Plongez dans l&rsquo;univers \u00e9nergisant de \u00ab\u00a0la <strong>Haze<\/strong>\u00ab\u00a0, une fleur de CBD d&rsquo;exception cultiv\u00e9e avec soin en Charente Maritime. Ses notes piquantes et acides \u00e9veillent les sens, offrant une exp\u00e9rience puissante et revigorante. \u00ab\u00a0La <strong>Haze<\/strong>\u00a0\u00bb est une invitation \u00e0 dynamiser votre esprit avec chaque bouff\u00e9e.<\/span><\/p>\n","protected":false},"featured_media":21656,"template":"","meta":[],"product_cat":[63,30],"product_tag":[],"_links":{"self":[{"href":"https:\/\/fillinx.site\/tropscbdtest\/wp-json\/wp\/v2\/product\/21652"}],"collection":[{"href":"https:\/\/fillinx.site\/tropscbdtest\/wp-json\/wp\/v2\/product"}],"about":[{"href":"https:\/\/fillinx.site\/tropscbdtest\/wp-json\/wp\/v2\/types\/product"}],"wp:featuredmedia":[{"embeddable":true,"href":"https:\/\/fillinx.site\/tropscbdtest\/wp-json\/wp\/v2\/media\/21656"}],"wp:attachment":[{"href":"https:\/\/fillinx.site\/tropscbdtest\/wp-json\/wp\/v2\/media?parent=21652"}],"wp:term":[{"taxonomy":"product_cat","embeddable":true,"href":"https:\/\/fillinx.site\/tropscbdtest\/wp-json\/wp\/v2\/product_cat?post=21652"},{"taxonomy":"product_tag","embeddable":true,"href":"https:\/\/fillinx.site\/tropscbdtest\/wp-json\/wp\/v2\/product_tag?post=21652"}],"curies":[{"name":"wp","href":"https:\/\/api.w.org\/{rel}","templated":true}]}}