{"id":21685,"date":"2024-02-24T10:27:13","date_gmt":"2024-02-24T10:27:13","guid":{"rendered":"https:\/\/fillinx.site\/tropscbdtest\/?post_type=product&#038;p=21685"},"modified":"2024-03-06T08:39:48","modified_gmt":"2024-03-06T08:39:48","slug":"le-declic","status":"publish","type":"product","link":"https:\/\/fillinx.site\/tropscbdtest\/produit\/le-declic\/","title":{"rendered":"Le d\u00e9clic"},"content":{"rendered":"<p><span style=\"color: #333300;\"><strong>Plongez dans l&rsquo;univers unique du e-liquide Le D\u00e9clic<\/strong>, la quintessence de la saveur tabac, con\u00e7u pour ceux qui cherchent \u00e0 embrasser le monde du vapotage sans compromis sur le go\u00fbt. Notre secret ? Un mac\u00e9rat d&rsquo;exception qui capture l&rsquo;\u00e2me du tabac blond Virginia, offrant des notes douces et envo\u00fbtantes, pour une exp\u00e9rience gustative in\u00e9gal\u00e9e. <strong>Le D\u00e9clic<\/strong> se distingue par son r\u00e9alisme et sa fid\u00e9lit\u00e9 aromatique, faisant de lui le choix parfait pour les vapoteurs en qu\u00eate d&rsquo;authenticit\u00e9.<\/span><\/p>\n<p><span style=\"color: #333300;\">Avec <strong>Le D\u00e9clic<\/strong>, chaque bouff\u00e9e est une invitation \u00e0 red\u00e9couvrir le tabac sous sa forme la plus noble et naturelle. Nous avons m\u00e9ticuleusement s\u00e9lectionn\u00e9 et mac\u00e9r\u00e9 les feuilles de tabac pour garantir une restitution des saveurs fid\u00e8le et profonde, qui ravira les palais les plus exigeants. Disponible dans une gamme compl\u00e8te de taux de nicotine (0, 3, 6, 12, 16 mg\/ml), <strong>Le D\u00e9clic<\/strong> s&rsquo;adapte \u00e0 votre parcours de vapoteur, que vous soyez \u00e0 la recherche d&rsquo;une alternative sans nicotine ou en qu\u00eate d&rsquo;un soutien pour r\u00e9duire progressivement votre consommation.<\/span><\/p>\n<p><span style=\"color: #333300;\">Chez <strong>Trop&rsquo;s Vap<\/strong>, nous nous engageons \u00e0 offrir une exp\u00e9rience de vapotage de premier choix. Notre collection d&rsquo;e-liquides classic go\u00fbt tabac est con\u00e7ue pour satisfaire les d\u00e9sirs des primo-vapoteurs comme des aficionados. En choisissant <strong>Le D\u00e9clic<\/strong>, vous optez pour un voyage gustatif authentique et satisfaisant, soutenu par la qualit\u00e9 et l&rsquo;innovation. D\u00e9couvrez sans attendre l&rsquo;ensemble de notre gamme classic et laissez-vous s\u00e9duire par la richesse des saveurs traditionnelles revisit\u00e9es.<\/span><\/p>\n<p><span style=\"color: #333300;\"><strong>Le D\u00e9clic<\/strong> : plus qu&rsquo;un simple e-liquide, une porte ouverte vers un nouvel horizon de plaisir et de d\u00e9couverte.<\/span><\/p>\n","protected":false},"excerpt":{"rendered":"<p><span style=\"color: #333300;\"><strong>Le e-liquide \u00ab\u00a0le D\u00e9clic\u00a0\u00bb<\/strong>, est votre alli\u00e9 id\u00e9al pour une transition douce vers le vapotage. Savourez l&rsquo;essence pure du tabac blond Virginia, magnifiquement restitu\u00e9e gr\u00e2ce \u00e0 un mac\u00e9rat d&rsquo;exception. Ce e-liquide, au r\u00e9alisme saisissant, est un incontournable pour les amateurs de saveurs classiques. <\/span><\/p>\n<p><span style=\"color: #333300;\">Disponible en plusieurs taux de nicotine (0, 3, 6, 12, 16 mg\/ml), il r\u00e9pond \u00e0 tous les besoins. Rejoignez la r\u00e9volution du vapotage et explorez notre gamme classic. <\/span><\/p>\n<p><span style=\"color: #333300;\"><strong>Le D\u00e9clic<\/strong> : plus qu&rsquo;un e-liquide, une r\u00e9v\u00e9lation !<\/span><\/p>\n","protected":false},"featured_media":21686,"template":"","meta":[],"product_cat":[50,109],"product_tag":[],"_links":{"self":[{"href":"https:\/\/fillinx.site\/tropscbdtest\/wp-json\/wp\/v2\/product\/21685"}],"collection":[{"href":"https:\/\/fillinx.site\/tropscbdtest\/wp-json\/wp\/v2\/product"}],"about":[{"href":"https:\/\/fillinx.site\/tropscbdtest\/wp-json\/wp\/v2\/types\/product"}],"wp:featuredmedia":[{"embeddable":true,"href":"https:\/\/fillinx.site\/tropscbdtest\/wp-json\/wp\/v2\/media\/21686"}],"wp:attachment":[{"href":"https:\/\/fillinx.site\/tropscbdtest\/wp-json\/wp\/v2\/media?parent=21685"}],"wp:term":[{"taxonomy":"product_cat","embeddable":true,"href":"https:\/\/fillinx.site\/tropscbdtest\/wp-json\/wp\/v2\/product_cat?post=21685"},{"taxonomy":"product_tag","embeddable":true,"href":"https:\/\/fillinx.site\/tropscbdtest\/wp-json\/wp\/v2\/product_tag?post=21685"}],"curies":[{"name":"wp","href":"https:\/\/api.w.org\/{rel}","templated":true}]}}