{"id":21717,"date":"2024-02-24T13:25:26","date_gmt":"2024-02-24T13:25:26","guid":{"rendered":"https:\/\/fillinx.site\/tropscbdtest\/?post_type=product&#038;p=21717"},"modified":"2024-02-24T13:25:27","modified_gmt":"2024-02-24T13:25:27","slug":"leemo-litchi-raisin","status":"publish","type":"product","link":"https:\/\/fillinx.site\/tropscbdtest\/produit\/leemo-litchi-raisin\/","title":{"rendered":"Leemo Litchi Raisin"},"content":{"rendered":"<div class=\"flex-1 overflow-hidden\">\n<div class=\"react-scroll-to-bottom--css-dciir-79elbk h-full\">\n<div class=\"react-scroll-to-bottom--css-dciir-1n7m0yu\">\n<div class=\"flex flex-col pb-9 text-sm\">\n<div class=\"w-full text-token-text-primary\" data-testid=\"conversation-turn-4\">\n<div class=\"px-4 py-2 justify-center text-base md:gap-6 m-auto\">\n<div class=\"flex flex-1 text-base mx-auto gap-3 md:px-5 lg:px-1 xl:px-5 md:max-w-3xl lg:max-w-[40rem] xl:max-w-[48rem] group final-completion\">\n<div class=\"relative flex w-full flex-col agent-turn\">\n<div class=\"flex-col gap-1 md:gap-3\">\n<div class=\"flex flex-grow flex-col max-w-full\">\n<div class=\"min-h-[20px] text-message flex flex-col items-start gap-3 whitespace-pre-wrap break-words [.text-message+&amp;]:mt-5 overflow-x-auto\" data-message-author-role=\"assistant\" data-message-id=\"413dfdb3-b337-4953-a6a4-e2298f5f8bdd\">\n<div class=\"markdown prose w-full break-words dark:prose-invert dark\">\n<p><span style=\"color: #333300;\"><strong>Votre Kit Easy2Shake LEEMO &#8211; Litchi Raisin Citron inclut :<\/strong><\/span><\/p>\n<ul>\n<li><span style=\"color: #333300;\">Un flacon de 50 ml de base 50\/50, g\u00e9n\u00e9reusement aromatis\u00e9e avec notre irr\u00e9sistible LEEMO &#8211; Litchi Raisin.<\/span><\/li>\n<li><span style=\"color: #333300;\">Un booster Nicomax de 10 ml de nicotine \u00e0 20 mg\/ml, pour une exp\u00e9rience de vape en 3 mg\/ml.<\/span><\/li>\n<\/ul>\n<p><span style=\"color: #333300;\">Profitez de notre offre tout-en-un avec le pack Easy2Shake, comprenant le e-liquide LEEMO &#8211; Litchi Raisin en format 50 ml avec une base 50\/50 PG\/VG pr\u00eate \u00e0 \u00eatre boost\u00e9e, accompagn\u00e9 d&rsquo;un booster Nicomax de 20 mg\/ml de nicotine. Ce kit est une solution \u00e9conomique et pratique pour votre quotidien.<\/span><\/p>\n<p><span style=\"color: #333300;\"><strong>Pr\u00e9paration simplifi\u00e9e de votre kit Easy2Shake Limonade Litchi Raisin :<\/strong><\/span><\/p>\n<ol>\n<li><span style=\"color: #333300;\">Ouvrez le grand flacon et retirez l&rsquo;opercule.<\/span><\/li>\n<li><span style=\"color: #333300;\">Versez l&rsquo;int\u00e9gralit\u00e9 du booster de nicotine si vous souhaitez une concentration en nicotine de 3 mg\/ml.<\/span><\/li>\n<li><span style=\"color: #333300;\">Refermez et secouez vigoureusement&#8230; Votre m\u00e9lange est pr\u00eat \u00e0 l&#8217;emploi !<\/span><\/li>\n<\/ol>\n<p><span style=\"color: #333300;\">Pour une exp\u00e9rience optimale respectant le profil aromatique de notre gamme LEEMO, il est conseill\u00e9 de ne pas utiliser ces e-liquides avec des appareils sub-ohm \u00e0 une puissance d\u00e9passant 40 watts.<\/span><\/p>\n<p><span style=\"color: #333300;\"><strong>Options de taux de nicotine pour les kits Easy2Shake Leemo :<\/strong><\/span><\/p>\n<p><span style=\"color: #333300;\">Le kit initial propose un taux de nicotine de 3 mg\/ml. Pour ajuster la concentration \u00e0 votre pr\u00e9f\u00e9rence :<\/span><\/p>\n<ul>\n<li><span style=\"color: #333300;\">Ajoutez un booster suppl\u00e9mentaire pour atteindre 6 mg\/ml de nicotine.<\/span><\/li>\n<li><span style=\"color: #333300;\">Avec 3 boosters suppl\u00e9mentaires, profitez d&rsquo;un e-liquide \u00e0 9 mg\/ml de nicotine.<\/span><\/li>\n<\/ul>\n<p><span style=\"color: #333300;\">Notez que le flacon est con\u00e7u pour accueillir jusqu&rsquo;\u00e0 4 boosters de 10 ml chacun sans compromettre l&rsquo;intensit\u00e9 aromatique. Soyez attentif au nombre de boosters ajout\u00e9s pour maintenir la richesse de saveur de votre e-liquide LEEMO.<\/span><\/p>\n<\/div>\n<\/div>\n<\/div>\n<\/div>\n<\/div>\n<\/div>\n<\/div>\n<\/div>\n<\/div>\n<\/div>\n<\/div>\n<\/div>\n","protected":false},"excerpt":{"rendered":"<p><span style=\"color: #333300;\">Succombez \u00e0 l&rsquo;exquise harmonie du litchi juteux et de la grappe de raisin sous le soleil, une union parfaite qui \u00e9voque une sc\u00e8ne idyllique d&rsquo;une \u0153uvre de Botticelli. Savourez l&rsquo;alliance suave et riche en jus du litchi et du raisin, sublim\u00e9e par la touche acidul\u00e9e et p\u00e9tillante d&rsquo;une limonade l\u00e9g\u00e8rement citronn\u00e9e. Cette exp\u00e9rience gustative unique, \u00e0 la fois ensoleill\u00e9e et bucolique, vous enchantera \u00e0 chaque bouff\u00e9e. D\u00e9couvrez le plaisir sans pareil de notre e-liquide LEEMO Limonade Litchi Raisin.<\/span><\/p>\n","protected":false},"featured_media":21718,"template":"","meta":[],"product_cat":[133,50,111,45],"product_tag":[],"_links":{"self":[{"href":"https:\/\/fillinx.site\/tropscbdtest\/wp-json\/wp\/v2\/product\/21717"}],"collection":[{"href":"https:\/\/fillinx.site\/tropscbdtest\/wp-json\/wp\/v2\/product"}],"about":[{"href":"https:\/\/fillinx.site\/tropscbdtest\/wp-json\/wp\/v2\/types\/product"}],"wp:featuredmedia":[{"embeddable":true,"href":"https:\/\/fillinx.site\/tropscbdtest\/wp-json\/wp\/v2\/media\/21718"}],"wp:attachment":[{"href":"https:\/\/fillinx.site\/tropscbdtest\/wp-json\/wp\/v2\/media?parent=21717"}],"wp:term":[{"taxonomy":"product_cat","embeddable":true,"href":"https:\/\/fillinx.site\/tropscbdtest\/wp-json\/wp\/v2\/product_cat?post=21717"},{"taxonomy":"product_tag","embeddable":true,"href":"https:\/\/fillinx.site\/tropscbdtest\/wp-json\/wp\/v2\/product_tag?post=21717"}],"curies":[{"name":"wp","href":"https:\/\/api.w.org\/{rel}","templated":true}]}}