{"id":21723,"date":"2024-02-24T13:37:55","date_gmt":"2024-02-24T13:37:55","guid":{"rendered":"https:\/\/fillinx.site\/tropscbdtest\/?post_type=product&#038;p=21723"},"modified":"2024-02-24T13:37:58","modified_gmt":"2024-02-24T13:37:58","slug":"leemo-bonbon-tutti-frutti-10-ml","status":"publish","type":"product","link":"https:\/\/fillinx.site\/tropscbdtest\/produit\/leemo-bonbon-tutti-frutti-10-ml\/","title":{"rendered":"Leemo Bonbon Tutti Frutti &#8211; 10 ml"},"content":{"rendered":"<p><span style=\"color: #333300;\">Une escapade estivale encapsul\u00e9e dans chaque flacon. Leemo Tutti Frutti marie avec brio le go\u00fbt des drag\u00e9es fruit\u00e9es et la vivacit\u00e9 d&rsquo;une limonade, pour une aventure gustative pleine de douceur et de tonus. Ce mix fruit\u00e9 est \u00e9quilibr\u00e9 par une l\u00e9g\u00e8re sucrosit\u00e9 et un effervescent qui rappelle les boissons gazeuses les plus rafra\u00eechissantes, offrant une longueur en bouche remarquable.<\/span><\/p>\n<p><span style=\"color: #333300;\">Que vous soyez en qu\u00eate de r\u00e9duction nicotinique ou un ancien gros fumeur \u00e0 la recherche d&rsquo;un taux plus \u00e9lev\u00e9, Tutti Frutti r\u00e9pond \u00e0 vos besoins avec des options de 3, 6, et 12 mg\/ml, ainsi qu&rsquo;une version en sel de nicotine pour une satisfaction accrue.<\/span><\/p>\n<p><span style=\"color: #333300;\">Compos\u00e9 d&rsquo;une base \u00e9quilibr\u00e9e 50\/50 de Propyl\u00e8ne Glycol v\u00e9g\u00e9tal et de Glyc\u00e9rine v\u00e9g\u00e9tale, ce e-liquide Leemo se distingue par un parfait \u00e9quilibre entre production de vapeur et restitution fid\u00e8le des ar\u00f4mes.<\/span><\/p>\n<p><span style=\"color: #333300;\">La puissance de vapotage id\u00e9ale d\u00e9pend de votre mat\u00e9riel et de vos pr\u00e9f\u00e9rences personnelles, mais nous recommandons une vape ti\u00e8de pour profiter pleinement de ce e-liquide fruit\u00e9 et p\u00e9tillant.<\/span><\/p>\n<h4><strong>La signification de Tutti Frutti<\/strong><\/h4>\n<p><span style=\"color: #333300;\">Une expression italienne traversant les \u00e9poques et adoptant diverses significations, de la cr\u00e8me glac\u00e9e aux fruits au c\u00e9l\u00e8bre titre de Little Richard, en passant par une cha\u00eene de restaurants au Qu\u00e9bec. Pour Lips Vape, Tutti Frutti incarne l&rsquo;essence d&rsquo;un e-liquide joyeusement fruit\u00e9 et exub\u00e9rant.<\/span><\/p>\n","protected":false},"excerpt":{"rendered":"<p><span style=\"color: #333300;\">C\u00e9l\u00e9brez l&rsquo;arriv\u00e9e des beaux jours avec le <strong>e-liquide Leemo Tutti Frutti<\/strong> de Lips Vape ! <\/span><\/p>\n<p><span style=\"color: #333300;\">Ce m\u00e9lange fascinant vous offre le go\u00fbt authentique des drag\u00e9es color\u00e9es et fruit\u00e9es, rehauss\u00e9 par la fra\u00eecheur d&rsquo;une limonade p\u00e9tillante. Une exp\u00e9rience de vape unique o\u00f9 la douceur rencontre les notes vivifiantes, cr\u00e9ant un \u00e9quilibre parfait avec une pointe de sucrosit\u00e9 et un p\u00e9tillant caract\u00e9ristique. Chaque bouff\u00e9e est un voyage estival, rond et plein de relief, id\u00e9al \u00e0 savourer \u00e0 tout moment de la journ\u00e9e.<\/span><\/p>\n","protected":false},"featured_media":21726,"template":"","meta":[],"product_cat":[133,45,50],"product_tag":[],"_links":{"self":[{"href":"https:\/\/fillinx.site\/tropscbdtest\/wp-json\/wp\/v2\/product\/21723"}],"collection":[{"href":"https:\/\/fillinx.site\/tropscbdtest\/wp-json\/wp\/v2\/product"}],"about":[{"href":"https:\/\/fillinx.site\/tropscbdtest\/wp-json\/wp\/v2\/types\/product"}],"wp:featuredmedia":[{"embeddable":true,"href":"https:\/\/fillinx.site\/tropscbdtest\/wp-json\/wp\/v2\/media\/21726"}],"wp:attachment":[{"href":"https:\/\/fillinx.site\/tropscbdtest\/wp-json\/wp\/v2\/media?parent=21723"}],"wp:term":[{"taxonomy":"product_cat","embeddable":true,"href":"https:\/\/fillinx.site\/tropscbdtest\/wp-json\/wp\/v2\/product_cat?post=21723"},{"taxonomy":"product_tag","embeddable":true,"href":"https:\/\/fillinx.site\/tropscbdtest\/wp-json\/wp\/v2\/product_tag?post=21723"}],"curies":[{"name":"wp","href":"https:\/\/api.w.org\/{rel}","templated":true}]}}