{"id":21735,"date":"2024-02-24T14:17:23","date_gmt":"2024-02-24T14:17:23","guid":{"rendered":"https:\/\/fillinx.site\/tropscbdtest\/?post_type=product&#038;p=21735"},"modified":"2024-02-24T14:17:24","modified_gmt":"2024-02-24T14:17:24","slug":"polaris-sunset","status":"publish","type":"product","link":"https:\/\/fillinx.site\/tropscbdtest\/produit\/polaris-sunset\/","title":{"rendered":"Polaris Sunset"},"content":{"rendered":"<p><span style=\"color: #333300;\">Quand la chaleur monte, Polaris Sunset arrive comme une brise fra\u00eeche, promettant une exp\u00e9rience de vape fruit\u00e9e et intens\u00e9ment rafra\u00eechissante. Ce e-liquide unique combine le meilleur des p\u00eaches sucr\u00e9es et des poires juteuses avec un brin de menthe, offrant un granit\u00e9 de saveurs qui rafra\u00eechit instantan\u00e9ment.<\/span><\/p>\n<p><span style=\"color: #333300;\">Le Polaris Sunset se pr\u00e9sente dans un grand format de 50 ml, vous assurant de nombreux moments de vape d\u00e9licieuse. Gr\u00e2ce au bouchon \u00ab\u00a0iFillGood\u00a0\u00bb, exclusivit\u00e9 fran\u00e7aise, ajouter du liquide \u00e0 votre flacon devient un jeu d&rsquo;enfant, assurant une fra\u00eecheur constante \u00e0 chaque bouff\u00e9e.<\/span><\/p>\n<p><span style=\"color: #333300;\">La <strong><span style=\"color: #b7940b;\"><a style=\"color: #b7940b;\" href=\"https:\/\/fillinx.site\/tropscbdtest\/categorie-produit\/vap\/e-liquide\/polaris\/\">gamme Polaris<\/a><\/span><\/strong>, reconnue pour revisiter les classiques fruit\u00e9s-frais, s&rsquo;enrichit avec le Polaris Sunset. Savourez la richesse des fruits ensoleill\u00e9s qui se d\u00e9voilent \u00e0 l&rsquo;inspiration, suivie d&rsquo;une puissante vague de fra\u00eecheur polaire en expiration, marquant la signature de cette cr\u00e9ation exceptionnelle.<\/span><\/p>\n<p><span style=\"color: #333300;\">Avec Polaris Sunset, personnalisez votre exp\u00e9rience de vape en ajoutant le booster Nicomax pour atteindre un taux de nicotine de 3 mg\/ml, tout en profitant d&rsquo;un \u00e9quilibre parfait 50\/50 PG\/VG. Que vous pr\u00e9f\u00e9riez vaper avec ou sans nicotine, Polaris Sunset r\u00e9pond \u00e0 toutes vos pr\u00e9f\u00e9rences.<\/span><\/p>\n<p><span style=\"color: #333300;\">Chaque bouff\u00e9e de Polaris Sunset est une promesse de fra\u00eecheur et de saveurs exquises. Embarquez pour un voyage gustatif o\u00f9 la douceur des fruits rencontre l&rsquo;intensit\u00e9 de la menthe, pour une exp\u00e9rience de vape inoubliable et intens\u00e9ment rafra\u00eechissante.<\/span><\/p>\n","protected":false},"excerpt":{"rendered":"<p><span style=\"color: #333300;\">D\u00e9couvrez une fra\u00eecheur in\u00e9gal\u00e9e avec le e-liquide Polaris Sunset, un m\u00e9lange parfait de p\u00eaches et de poires juteuses, agr\u00e9ment\u00e9 d&rsquo;une touche de menthe pour une sensation de granit\u00e9 rafra\u00eechissante. <\/span><\/p>\n<p><span style=\"color: #333300;\">Ce e-liquide grand format de 50 ml est votre alli\u00e9 id\u00e9al pour abaisser la temp\u00e9rature lors des chaudes journ\u00e9es d&rsquo;\u00e9t\u00e9. \u00c9quip\u00e9 du bouchon innovant \u00ab\u00a0iFillGood\u00a0\u00bb, remplir votre flacon n&rsquo;a jamais \u00e9t\u00e9 aussi simple et rapide. <\/span><\/p>\n<p><span style=\"color: #333300;\">Pr\u00e9parez-vous pour une explosion de saveurs fruit\u00e9es avec une finition fra\u00eeche et polaire !<\/span><\/p>\n","protected":false},"featured_media":21737,"template":"","meta":[],"product_cat":[136,50,45],"product_tag":[],"_links":{"self":[{"href":"https:\/\/fillinx.site\/tropscbdtest\/wp-json\/wp\/v2\/product\/21735"}],"collection":[{"href":"https:\/\/fillinx.site\/tropscbdtest\/wp-json\/wp\/v2\/product"}],"about":[{"href":"https:\/\/fillinx.site\/tropscbdtest\/wp-json\/wp\/v2\/types\/product"}],"wp:featuredmedia":[{"embeddable":true,"href":"https:\/\/fillinx.site\/tropscbdtest\/wp-json\/wp\/v2\/media\/21737"}],"wp:attachment":[{"href":"https:\/\/fillinx.site\/tropscbdtest\/wp-json\/wp\/v2\/media?parent=21735"}],"wp:term":[{"taxonomy":"product_cat","embeddable":true,"href":"https:\/\/fillinx.site\/tropscbdtest\/wp-json\/wp\/v2\/product_cat?post=21735"},{"taxonomy":"product_tag","embeddable":true,"href":"https:\/\/fillinx.site\/tropscbdtest\/wp-json\/wp\/v2\/product_tag?post=21735"}],"curies":[{"name":"wp","href":"https:\/\/api.w.org\/{rel}","templated":true}]}}