{"id":21741,"date":"2024-02-24T14:31:40","date_gmt":"2024-02-24T14:31:40","guid":{"rendered":"https:\/\/fillinx.site\/tropscbdtest\/?post_type=product&#038;p=21741"},"modified":"2024-02-24T14:31:41","modified_gmt":"2024-02-24T14:31:41","slug":"polaris-berry-mix","status":"publish","type":"product","link":"https:\/\/fillinx.site\/tropscbdtest\/produit\/polaris-berry-mix\/","title":{"rendered":"Polaris Berry Mix"},"content":{"rendered":"<div class=\"flex-1 overflow-hidden\">\n<div class=\"react-scroll-to-bottom--css-dciir-79elbk h-full\">\n<div class=\"react-scroll-to-bottom--css-dciir-1n7m0yu\">\n<div class=\"flex flex-col pb-9 text-sm\">\n<div class=\"w-full text-token-text-primary\" data-testid=\"conversation-turn-16\">\n<div class=\"px-4 py-2 justify-center text-base md:gap-6 m-auto\">\n<div class=\"flex flex-1 text-base mx-auto gap-3 md:px-5 lg:px-1 xl:px-5 md:max-w-3xl lg:max-w-[40rem] xl:max-w-[48rem] group final-completion\">\n<div class=\"relative flex w-full flex-col agent-turn\">\n<div class=\"flex-col gap-1 md:gap-3\">\n<div class=\"flex flex-grow flex-col max-w-full\">\n<div class=\"min-h-[20px] text-message flex flex-col items-start gap-3 whitespace-pre-wrap break-words [.text-message+&amp;]:mt-5 overflow-x-auto\" data-message-author-role=\"assistant\" data-message-id=\"d574d897-4dc7-4e6b-bf85-4637ea83c746\">\n<div class=\"markdown prose w-full break-words dark:prose-invert dark\">\n<p><span style=\"color: #333300;\">Embarquez pour un voyage sensoriel unique avec le e-liquide Polaris Berry Mix. Con\u00e7u pour les amateurs de fra\u00eecheur et de saveurs fruit\u00e9es, ce m\u00e9lange sublime de fruits rouges et de citron vert promet une exp\u00e9rience de vape exaltante.<\/span><\/p>\n<p><span style=\"color: #333300;\">Le Polaris Berry Mix est une c\u00e9l\u00e9bration des fruits juteux, gorg\u00e9s de soleil. D\u00e8s l&rsquo;inspiration, les saveurs des fruits rouges enveloppent d\u00e9licatement vos sens, tandis que l&rsquo;acidit\u00e9 du citron vert vient \u00e9quilibrer le tout, apportant une touche p\u00e9tillante et rafra\u00eechissante. La fin d&rsquo;expiration r\u00e9serve une surprise avec une pointe de fra\u00eecheur polaire, signant chaque bouff\u00e9e d&rsquo;une finition exquise.<\/span><\/p>\n<p><span style=\"color: #333300;\">Disponible en grand format Up to 60 mL, le Polaris Berry Mix est \u00e9quip\u00e9 du bouchon innovant \u00ab\u00a0iFillGood\u00a0\u00bb, une exclusivit\u00e9 fran\u00e7aise qui simplifie le remplissage de votre flacon. Ce syst\u00e8me assure une pr\u00e9paration ais\u00e9e de votre e-liquide, permettant une exp\u00e9rience de vape ininterrompue.<\/span><\/p>\n<p><span style=\"color: #333300;\">Que vous pr\u00e9f\u00e9riez vaper avec ou sans nicotine, Polaris Berry Mix s&rsquo;adapte \u00e0 vos besoins. Surdos\u00e9 en ar\u00f4me pour une richesse gustative maximale, il vous suffit d&rsquo;ajouter un booster Nicomax pour atteindre un taux de nicotine de 3 mg\/ml, avec un parfait \u00e9quilibre de 50\/50 PG\/VG.<\/span><\/p>\n<p><span style=\"color: #333300;\">Avec le Polaris Berry Mix, plongez dans un monde o\u00f9 la fra\u00eecheur intense rencontre la richesse fruit\u00e9e des tropiques. C&rsquo;est plus qu&rsquo;un e-liquide ; c&rsquo;est une invitation \u00e0 explorer de nouvelles dimensions gustatives, o\u00f9 chaque bouff\u00e9e est une promesse de fra\u00eecheur et de plaisir.<\/span><\/p>\n<\/div>\n<\/div>\n<\/div>\n<\/div>\n<\/div>\n<\/div>\n<\/div>\n<\/div>\n<\/div>\n<\/div>\n<\/div>\n<\/div>\n","protected":false},"excerpt":{"rendered":"<p><span style=\"color: #333300;\">R\u00e9veillez vos papilles avec le e-liquide Polaris Berry Mix, une fusion rafra\u00eechissante de fruits rouges et de citron vert. <\/span><\/p>\n<p><span style=\"color: #333300;\">Cette cr\u00e9ation allie la douceur des fruits rouges \u00e0 l&rsquo;acidit\u00e9 vivifiante du citron vert, offrant une fra\u00eecheur garantie \u00e0 chaque bouff\u00e9e. <\/span><\/p>\n<p><span style=\"color: #333300;\">Id\u00e9al pour les journ\u00e9es chaudes, le Polaris Berry Mix est votre billet pour une \u00e9vasion vers le cercle polaire, sans quitter le confort de votre vape.<\/span><\/p>\n","protected":false},"featured_media":21743,"template":"","meta":[],"product_cat":[136,50,45],"product_tag":[],"_links":{"self":[{"href":"https:\/\/fillinx.site\/tropscbdtest\/wp-json\/wp\/v2\/product\/21741"}],"collection":[{"href":"https:\/\/fillinx.site\/tropscbdtest\/wp-json\/wp\/v2\/product"}],"about":[{"href":"https:\/\/fillinx.site\/tropscbdtest\/wp-json\/wp\/v2\/types\/product"}],"wp:featuredmedia":[{"embeddable":true,"href":"https:\/\/fillinx.site\/tropscbdtest\/wp-json\/wp\/v2\/media\/21743"}],"wp:attachment":[{"href":"https:\/\/fillinx.site\/tropscbdtest\/wp-json\/wp\/v2\/media?parent=21741"}],"wp:term":[{"taxonomy":"product_cat","embeddable":true,"href":"https:\/\/fillinx.site\/tropscbdtest\/wp-json\/wp\/v2\/product_cat?post=21741"},{"taxonomy":"product_tag","embeddable":true,"href":"https:\/\/fillinx.site\/tropscbdtest\/wp-json\/wp\/v2\/product_tag?post=21741"}],"curies":[{"name":"wp","href":"https:\/\/api.w.org\/{rel}","templated":true}]}}