{"id":21744,"date":"2024-02-24T14:40:54","date_gmt":"2024-02-24T14:40:54","guid":{"rendered":"https:\/\/fillinx.site\/tropscbdtest\/?post_type=product&#038;p=21744"},"modified":"2024-02-24T15:04:09","modified_gmt":"2024-02-24T15:04:09","slug":"gold-sucker-moonshiners","status":"publish","type":"product","link":"https:\/\/fillinx.site\/tropscbdtest\/produit\/gold-sucker-moonshiners\/","title":{"rendered":"Gold Sucker Moonshiners"},"content":{"rendered":"<p><span style=\"color: #333300;\">Avec le <strong>GOLD SUCKER<\/strong>, <strong><span style=\"color: #b7940b;\"><a style=\"color: #b7940b;\" href=\"https:\/\/fillinx.site\/tropscbdtest\/categorie-produit\/vap\/e-liquide\/moonshiners\/\">Moonshiners<\/a><\/span><\/strong> vous invite \u00e0 revivre l&rsquo;esprit pionnier de la ru\u00e9e vers l&rsquo;or californienne des ann\u00e9es 1850. Ce e-liquide est une v\u00e9ritable p\u00e9pite gustative, con\u00e7ue pour les aventuriers du go\u00fbt en qu\u00eate d&rsquo;exp\u00e9riences uniques. Imaginez-vous en pionnier, traversant des terres inexplor\u00e9es, avec pour seul but de d\u00e9couvrir le tr\u00e9sor aromatique ultime.<\/span><\/p>\n<p><span style=\"color: #333300;\">Le <strong>GOLD SUCKER<\/strong> se distingue par son <strong>blend classique<\/strong> riche et parfum\u00e9, parfaitement \u00e9quilibr\u00e9 avec une base gourmande de c\u00e9r\u00e9ales croquantes et de vanille doucement sucr\u00e9e. Cette combinaison sophistiqu\u00e9e vous enveloppe d&rsquo;une couverture aromatique chaleureuse et r\u00e9confortante, rappelant les longues soir\u00e9es au coin du feu des campements des chercheurs d&rsquo;or.<\/span><\/p>\n<p><span style=\"color: #333300;\">Embarquez pour un voyage sans pr\u00e9c\u00e9dent \u00e0 la d\u00e9couverte du GOLD SUCKER. Chaque bouff\u00e9e est une exploration des saveurs, un pas de plus vers la d\u00e9couverte de votre propre p\u00e9pite d&rsquo;or. Laissez-vous transporter par ce m\u00e9lange subtil et harmonieux, signe d&rsquo;un savoir-faire in\u00e9gal\u00e9, et devenez \u00e0 votre tour un d\u00e9couvreur de tr\u00e9sors.<\/span><\/p>\n<p><span style=\"color: #333300;\">Le pack tout-en-un <strong>Easy2Shake<\/strong> vous offre la simplicit\u00e9 et l&rsquo;\u00e9conomie. Avec un flacon de 50 ml surdos\u00e9 en ar\u00f4me et un booster de nicotine, le GOLD SUCKER , vous pouvez personnaliser votre vape en 3 mg\/ml ou 6 mg\/ml, selon vos pr\u00e9f\u00e9rences. Profitez d&rsquo;un \u00e9quilibre parfait entre saveur et vapeur gr\u00e2ce \u00e0 un dosage PG\/VG de 50\/50.<\/span><\/p>\n<p><span style=\"color: #333300;\">GOLD SUCKER n&rsquo;est pas seulement un e-liquide, c&rsquo;est l&rsquo;incarnation d&rsquo;une \u00e9poque, d&rsquo;un esprit d&rsquo;aventure et de d\u00e9couverte. Avec Moonshiners, partez \u00e0 la conqu\u00eate de saveurs in\u00e9dites et laissez-vous captiver par l&rsquo;histoire aromatique que GOLD SUCKER a \u00e0 raconter.<\/span><\/p>\n<p><span style=\"color: #333300;\">Le gold sucker est aussi disponible en 10ml <strong><span style=\"color: #b7940b;\"><a style=\"color: #b7940b;\" href=\"https:\/\/fillinx.site\/tropscbdtest\/produit\/gold-sucker-moonshiners-10-ml\/\">ici<\/a><\/span><\/strong>.<\/span><\/p>\n","protected":false},"excerpt":{"rendered":"<p><span style=\"color: #333300;\">D\u00e9couvrez l&rsquo;aventure gustative ultime avec <strong>GOLD SUCKER<\/strong> par Moonshiners. <\/span><\/p>\n<p><span style=\"color: #333300;\">Inspir\u00e9 de la mythique ru\u00e9e vers l&rsquo;or, ce e-liquide vous transporte au c\u0153ur du r\u00eave am\u00e9ricain avec un m\u00e9lange classique enrichi d&rsquo;une touche gourmande de c\u00e9r\u00e9ales et de vanille onctueuse. <\/span><\/p>\n<p><span style=\"color: #333300;\">Pr\u00e9parez-vous \u00e0 une qu\u00eate aromatique riche en saveurs.<\/span><\/p>\n","protected":false},"featured_media":21746,"template":"","meta":[],"product_cat":[124,50,111,45],"product_tag":[],"_links":{"self":[{"href":"https:\/\/fillinx.site\/tropscbdtest\/wp-json\/wp\/v2\/product\/21744"}],"collection":[{"href":"https:\/\/fillinx.site\/tropscbdtest\/wp-json\/wp\/v2\/product"}],"about":[{"href":"https:\/\/fillinx.site\/tropscbdtest\/wp-json\/wp\/v2\/types\/product"}],"wp:featuredmedia":[{"embeddable":true,"href":"https:\/\/fillinx.site\/tropscbdtest\/wp-json\/wp\/v2\/media\/21746"}],"wp:attachment":[{"href":"https:\/\/fillinx.site\/tropscbdtest\/wp-json\/wp\/v2\/media?parent=21744"}],"wp:term":[{"taxonomy":"product_cat","embeddable":true,"href":"https:\/\/fillinx.site\/tropscbdtest\/wp-json\/wp\/v2\/product_cat?post=21744"},{"taxonomy":"product_tag","embeddable":true,"href":"https:\/\/fillinx.site\/tropscbdtest\/wp-json\/wp\/v2\/product_tag?post=21744"}],"curies":[{"name":"wp","href":"https:\/\/api.w.org\/{rel}","templated":true}]}}