{"id":21755,"date":"2024-02-24T15:22:55","date_gmt":"2024-02-24T15:22:55","guid":{"rendered":"https:\/\/fillinx.site\/tropscbdtest\/?post_type=product&#038;p=21755"},"modified":"2024-05-06T16:47:51","modified_gmt":"2024-05-06T14:47:51","slug":"e-liquide-ice-mint-sel-de-nicotine","status":"publish","type":"product","link":"https:\/\/fillinx.site\/tropscbdtest\/produit\/e-liquide-ice-mint-sel-de-nicotine\/","title":{"rendered":"Ice Mint &#8211; sel de nicotine"},"content":{"rendered":"<div class=\"flex-1 overflow-hidden\">\n<div class=\"react-scroll-to-bottom--css-dciir-79elbk h-full\">\n<div class=\"react-scroll-to-bottom--css-dciir-1n7m0yu\">\n<div class=\"flex flex-col pb-9 text-sm\">\n<div class=\"w-full text-token-text-primary\" data-testid=\"conversation-turn-4\">\n<div class=\"px-4 py-2 justify-center text-base md:gap-6 m-auto\">\n<div class=\"flex flex-1 text-base mx-auto gap-3 md:px-5 lg:px-1 xl:px-5 md:max-w-3xl lg:max-w-[40rem] xl:max-w-[48rem] group final-completion\">\n<div class=\"relative flex w-full flex-col agent-turn\">\n<div class=\"flex-col gap-1 md:gap-3\">\n<div class=\"flex flex-grow flex-col max-w-full\">\n<div class=\"min-h-[20px] text-message flex flex-col items-start gap-3 whitespace-pre-wrap break-words [.text-message+&amp;]:mt-5 overflow-x-auto\" data-message-author-role=\"assistant\" data-message-id=\"69c72c16-799b-4478-b7e8-a8dedab1fb0e\">\n<div class=\"markdown prose w-full break-words dark:prose-invert dark\">\n<p><span style=\"color: #333300;\">Pour ceux qui privil\u00e9gient les e-liquides au sel de nicotine, notre gamme Salt e-Vapor est la solution id\u00e9ale. Le sel de nicotine, extrait directement de la feuille de tabac, assure une forme plus stable de nicotine, r\u00e9duisant les risques de d\u00e9gradation et garantissant une assimilation plus douce.<\/span><\/p>\n<p><span style=\"color: #333300;\">Les avantages des e-liquides au sel de nicotine Salt e-Vapor comprennent une diminution significative du hit, permettant une inhalation plus douce sans irritation de la gorge, et une meilleure assimilation des liquides riches en nicotine. Ce type d&rsquo;e-liquide est sp\u00e9cialement con\u00e7u pour ceux qui cherchent \u00e0 arr\u00eater de fumer, offrant une alternative confortable et r\u00e9duisant les risques associ\u00e9s au tabagisme.<\/span><\/p>\n<p><span style=\"color: #333300;\">Que vous soyez un vapoteur d\u00e9butant \u00e0 la recherche d&rsquo;un e-liquide moins irritant ou un utilisateur exp\u00e9riment\u00e9 en qu\u00eate d&rsquo;une satisfaction nicotinique rapide et efficace, notre e-liquide Ice Mint Salt e-Vapor r\u00e9pondra \u00e0 vos attentes. Avec des dosages de 10mg\/mL ou 20mg\/mL, choisissez le niveau de nicotine qui convient le mieux \u00e0 votre exp\u00e9rience de vapotage.<\/span><\/p>\n<p><span style=\"color: #333300;\">Notre e-liquide Ice Mint Salt e-Vapor est compatible avec la majorit\u00e9 des dispositifs de vapotage, y compris les cigarettes \u00e9lectroniques, pipes, cigares et chichas \u00e9lectroniques \u00e9quip\u00e9s d&rsquo;un r\u00e9servoir rechargeable. Pour une exp\u00e9rience optimale, nous recommandons l&rsquo;utilisation de dispositifs de vapotage de petite taille.<\/span><\/p>\n<\/div>\n<\/div>\n<\/div>\n<\/div>\n<\/div>\n<\/div>\n<\/div>\n<\/div>\n<\/div>\n<\/div>\n<\/div>\n<\/div>\n","protected":false},"excerpt":{"rendered":"<p><span style=\"color: #333300;\">D\u00e9couvrez la sensation rafra\u00eechissante de notre e-liquide Ice Mint au sel de nicotine, une fusion parfaite de menthe verte et glaciale qui promet une explosion de fra\u00eecheur \u00e0 chaque inhalation. Gr\u00e2ce \u00e0 son ar\u00f4me menthol\u00e9 intense, profitez d&rsquo;une exp\u00e9rience de vapeur fra\u00eeche et durable, id\u00e9ale pour ceux qui recherchent une saveur menthol\u00e9e puissante et persistante en bouche.<\/span><\/p>\n<p><span style=\"color: #333300;\">Notre e-liquide Ice Mint est disponible en deux concentrations de nicotine : 10 et 20 mg\/ml, vous offrant la possibilit\u00e9 de choisir l&rsquo;intensit\u00e9 nicotinique adapt\u00e9e \u00e0 vos besoins.<\/span><\/p>\n","protected":false},"featured_media":21773,"template":"","meta":[],"product_cat":[134,50,45],"product_tag":[],"_links":{"self":[{"href":"https:\/\/fillinx.site\/tropscbdtest\/wp-json\/wp\/v2\/product\/21755"}],"collection":[{"href":"https:\/\/fillinx.site\/tropscbdtest\/wp-json\/wp\/v2\/product"}],"about":[{"href":"https:\/\/fillinx.site\/tropscbdtest\/wp-json\/wp\/v2\/types\/product"}],"wp:featuredmedia":[{"embeddable":true,"href":"https:\/\/fillinx.site\/tropscbdtest\/wp-json\/wp\/v2\/media\/21773"}],"wp:attachment":[{"href":"https:\/\/fillinx.site\/tropscbdtest\/wp-json\/wp\/v2\/media?parent=21755"}],"wp:term":[{"taxonomy":"product_cat","embeddable":true,"href":"https:\/\/fillinx.site\/tropscbdtest\/wp-json\/wp\/v2\/product_cat?post=21755"},{"taxonomy":"product_tag","embeddable":true,"href":"https:\/\/fillinx.site\/tropscbdtest\/wp-json\/wp\/v2\/product_tag?post=21755"}],"curies":[{"name":"wp","href":"https:\/\/api.w.org\/{rel}","templated":true}]}}