{"id":21756,"date":"2024-02-24T15:27:08","date_gmt":"2024-02-24T15:27:08","guid":{"rendered":"https:\/\/fillinx.site\/tropscbdtest\/?post_type=product&#038;p=21756"},"modified":"2024-03-05T08:36:21","modified_gmt":"2024-03-05T08:36:21","slug":"usa-classic-sel-de-nicotine","status":"publish","type":"product","link":"https:\/\/fillinx.site\/tropscbdtest\/produit\/usa-classic-sel-de-nicotine\/","title":{"rendered":"USA Classic &#8211; sel de nicotine"},"content":{"rendered":"<div class=\"flex-1 overflow-hidden\">\n<div class=\"react-scroll-to-bottom--css-dciir-79elbk h-full\">\n<div class=\"react-scroll-to-bottom--css-dciir-1n7m0yu\">\n<div class=\"flex flex-col pb-9 text-sm\">\n<div class=\"w-full text-token-text-primary\" data-testid=\"conversation-turn-6\">\n<div class=\"px-4 py-2 justify-center text-base md:gap-6 m-auto\">\n<div class=\"flex flex-1 text-base mx-auto gap-3 md:px-5 lg:px-1 xl:px-5 md:max-w-3xl lg:max-w-[40rem] xl:max-w-[48rem] group final-completion\">\n<div class=\"relative flex w-full flex-col agent-turn\">\n<div class=\"flex-col gap-1 md:gap-3\">\n<div class=\"flex flex-grow flex-col max-w-full\">\n<div class=\"min-h-[20px] text-message flex flex-col items-start gap-3 whitespace-pre-wrap break-words [.text-message+&amp;]:mt-5 overflow-x-auto\" data-message-author-role=\"assistant\" data-message-id=\"b297a642-2d42-4196-a709-0ebf2a534520\">\n<div class=\"markdown prose w-full break-words dark:prose-invert dark\">\n<p><span style=\"color: #333300;\">R\u00e9veillez l&rsquo;\u00e2me d&rsquo;un cow-boy qui sommeille en vous avec notre e-liquide USA Classic, une c\u00e9l\u00e9bration du tabac blond am\u00e9ricain rehauss\u00e9 par la finesse du sel de nicotine. Ce voyage gustatif commence d\u00e8s la premi\u00e8re bouff\u00e9e, o\u00f9 la douceur et la profondeur du tabac blond vous enveloppent, vous offrant une longueur en bouche remarquable et un plaisir persistant.<\/span><\/p>\n<p><span style=\"color: #333300;\">Notre USA Classic est bien plus qu&rsquo;un e-liquide; c&rsquo;est la restitution fid\u00e8le de l&rsquo;authenticit\u00e9 et de la richesse d&rsquo;un tabac am\u00e9ricain de choix. Con\u00e7u pour ceux qui cherchent \u00e0 allier la tradition du tabac \u00e0 l&rsquo;innovation de la vape, chaque bouff\u00e9e est une promesse de satisfaction et de confort, gr\u00e2ce \u00e0 l&rsquo;ajout de sel de nicotine. Ce dernier, extrait directement de la feuille de tabac, offre une forme plus stable et moins irritante de nicotine, rendant votre exp\u00e9rience de vape \u00e0 la fois intense et agr\u00e9able.<\/span><\/p>\n<p><span style=\"color: #333300;\">Que vous soyez un vapoteur d\u00e9butant \u00e0 la recherche d&rsquo;une alternative moins irritante ou un utilisateur exp\u00e9riment\u00e9 en qu\u00eate d&rsquo;une satisfaction nicotinique imm\u00e9diate, le USA Classic r\u00e9pond \u00e0 toutes les attentes. Disponible en deux concentrations, 10mg\/mL et 20mg\/mL, il s&rsquo;adapte \u00e0 votre rythme et \u00e0 vos besoins en nicotine, tout en minimisant le hit et en maximisant le plaisir.<\/span><\/p>\n<p><span style=\"color: #333300;\"><strong>Compatibilit\u00e9 et Conseils d&rsquo;Utilisation<\/strong><\/span><\/p>\n<p><span style=\"color: #333300;\">Notre e-liquide USA Classic au sel de nicotine est con\u00e7u pour \u00eatre compatible avec une vaste gamme de dispositifs de vapotage. Pour une exp\u00e9rience optimale, nous recommandons son utilisation avec des dispositifs \u00e0 faible puissance, s&rsquo;accordant parfaitement avec le profil aromatique riche et la douceur du sel de nicotine.<\/span><\/p>\n<p><span style=\"color: #333300;\">Explorez \u00e9galement notre gamme Salt e-Vapor pour d\u00e9couvrir une vari\u00e9t\u00e9 de saveurs captivantes, des plus fruit\u00e9es aux plus gourmandes, en passant par des notes classiques et rafra\u00eechissantes. Chaque e-liquide de notre collection est une invitation \u00e0 une exp\u00e9rience de vape exceptionnelle, o\u00f9 qualit\u00e9, authenticit\u00e9 et satisfaction sont toujours au rendez-vous.<\/span><\/p>\n<\/div>\n<\/div>\n<\/div>\n<\/div>\n<\/div>\n<\/div>\n<\/div>\n<\/div>\n<\/div>\n<\/div>\n<\/div>\n<\/div>\n","protected":false},"excerpt":{"rendered":"<p><span style=\"color: #333300;\">Plongez dans l&rsquo;essence du Far West avec notre e-liquide USA Classic, une ode au tabac blond am\u00e9ricain. <\/span><\/p>\n<p><span style=\"color: #333300;\">Avec une touche de sel de nicotine pour une vape plus douce, chaque inhalation vous transporte dans une \u00e9pop\u00e9e de saveurs authentiques et enveloppantes. Disponible en 10 et 20 mg\/ml, c&rsquo;est la promesse d&rsquo;une exp\u00e9rience de vape unique.<\/span><\/p>\n","protected":false},"featured_media":21770,"template":"","meta":[],"product_cat":[134,45,50],"product_tag":[],"_links":{"self":[{"href":"https:\/\/fillinx.site\/tropscbdtest\/wp-json\/wp\/v2\/product\/21756"}],"collection":[{"href":"https:\/\/fillinx.site\/tropscbdtest\/wp-json\/wp\/v2\/product"}],"about":[{"href":"https:\/\/fillinx.site\/tropscbdtest\/wp-json\/wp\/v2\/types\/product"}],"wp:featuredmedia":[{"embeddable":true,"href":"https:\/\/fillinx.site\/tropscbdtest\/wp-json\/wp\/v2\/media\/21770"}],"wp:attachment":[{"href":"https:\/\/fillinx.site\/tropscbdtest\/wp-json\/wp\/v2\/media?parent=21756"}],"wp:term":[{"taxonomy":"product_cat","embeddable":true,"href":"https:\/\/fillinx.site\/tropscbdtest\/wp-json\/wp\/v2\/product_cat?post=21756"},{"taxonomy":"product_tag","embeddable":true,"href":"https:\/\/fillinx.site\/tropscbdtest\/wp-json\/wp\/v2\/product_tag?post=21756"}],"curies":[{"name":"wp","href":"https:\/\/api.w.org\/{rel}","templated":true}]}}