{"id":21779,"date":"2024-02-24T15:49:14","date_gmt":"2024-02-24T15:49:14","guid":{"rendered":"https:\/\/fillinx.site\/tropscbdtest\/?post_type=product&#038;p=21779"},"modified":"2024-02-24T16:02:31","modified_gmt":"2024-02-24T16:02:31","slug":"la-chose-10-ml","status":"publish","type":"product","link":"https:\/\/fillinx.site\/tropscbdtest\/produit\/la-chose-10-ml\/","title":{"rendered":"La Chose 10 ml"},"content":{"rendered":"<p><span style=\"color: #333300;\">L&rsquo;e-liquide La Chose vous invite \u00e0 un voyage gustatif d\u00e8s la premi\u00e8re bouff\u00e9e, o\u00f9 la gourmandise rencontre l&rsquo;\u00e9quilibre parfait. Pr\u00e9parez-vous \u00e0 \u00eatre s\u00e9duit par l&rsquo;onctuosit\u00e9 du caramel au beurre sal\u00e9 et la richesse de la noisette grill\u00e9e, qui s&rsquo;entrem\u00ealent avec les notes robustes de caf\u00e9. La douceur est ensuite magnifiquement compl\u00e9t\u00e9e par les ar\u00f4mes subtils de noix de p\u00e9can et de vanille, offrant une finition ronde et pleine en bouche qui vous incite \u00e0 revenir pour plus.<\/span><\/p>\n<p><span style=\"color: #333300;\">Ce joyau du French Liquide et Lips Vape se distingue par sa recette unique, vous garantissant une exp\u00e9rience de vape incomparable et toute en gourmandise. Avec une bonne longueur en bouche et un \u00ab\u00a0go\u00fbt de reviens-y\u00a0\u00bb, La Chose est fi\u00e8rement l&rsquo;une des sensations de vape les plus pris\u00e9es.<\/span><\/p>\n<p><span style=\"color: #333300;\">Choisissez parmi une vari\u00e9t\u00e9 de taux de nicotine selon votre parcours de sevrage tabagique et nicotinique, avec des options allant de 0 \u00e0 12 mg\/ml, ainsi qu&rsquo;une version sans nicotine. Pour ceux qui recherchent une exp\u00e9rience plus intense, La Chose est \u00e9galement disponible en <strong><span style=\"color: #b7940b;\"><a style=\"color: #b7940b;\" href=\"https:\/\/fillinx.site\/tropscbdtest\/produit\/e-liquide-la-chose-sel-de-nicotine\/\">sel de nicotine<\/a><\/span><\/strong>, offrant une satisfaction rapide pour les anciens gros fumeurs.<\/span><\/p>\n<p><span style=\"color: #333300;\">Formul\u00e9 avec un ratio \u00e9quilibr\u00e9 de 50% de Propyl\u00e8ne Glycol v\u00e9g\u00e9tal et 50% de Glyc\u00e9rine v\u00e9g\u00e9tale, cet e-liquide promet un \u00e9quilibre parfait entre production de vapeur et restitution des saveurs. Que ce soit pour accompagner votre th\u00e9 matinal ou pour savourer tout au long de la journ\u00e9e, La Chose est l&rsquo;e-liquide gourmand incontournable qui transformera votre exp\u00e9rience de vape. Compatible avec la plupart des dispositifs de vapotage, il est id\u00e9alement vapot\u00e9 avec du \u00ab\u00a0petit mat\u00e9riel\u00a0\u00bb pour une performance optimale.<\/span><\/p>\n","protected":false},"excerpt":{"rendered":"<p><span style=\"color: #333300;\">R\u00e9veillez vos sens avec l&rsquo;e-liquide La Chose, une c\u00e9l\u00e9bration gourmande parfaite pour d\u00e9buter votre journ\u00e9e. <\/span><\/p>\n<p><span style=\"color: #333300;\">D\u00e9couvrez un m\u00e9lange riche et harmonieux de caramel au beurre sal\u00e9, noisette grill\u00e9e, caf\u00e9, noix de p\u00e9can, et vanille pour un plaisir gustatif sans fin.<\/span><\/p>\n","protected":false},"featured_media":21781,"template":"","meta":[],"product_cat":[110,45,50],"product_tag":[],"_links":{"self":[{"href":"https:\/\/fillinx.site\/tropscbdtest\/wp-json\/wp\/v2\/product\/21779"}],"collection":[{"href":"https:\/\/fillinx.site\/tropscbdtest\/wp-json\/wp\/v2\/product"}],"about":[{"href":"https:\/\/fillinx.site\/tropscbdtest\/wp-json\/wp\/v2\/types\/product"}],"wp:featuredmedia":[{"embeddable":true,"href":"https:\/\/fillinx.site\/tropscbdtest\/wp-json\/wp\/v2\/media\/21781"}],"wp:attachment":[{"href":"https:\/\/fillinx.site\/tropscbdtest\/wp-json\/wp\/v2\/media?parent=21779"}],"wp:term":[{"taxonomy":"product_cat","embeddable":true,"href":"https:\/\/fillinx.site\/tropscbdtest\/wp-json\/wp\/v2\/product_cat?post=21779"},{"taxonomy":"product_tag","embeddable":true,"href":"https:\/\/fillinx.site\/tropscbdtest\/wp-json\/wp\/v2\/product_tag?post=21779"}],"curies":[{"name":"wp","href":"https:\/\/api.w.org\/{rel}","templated":true}]}}