{"id":21786,"date":"2024-02-24T16:28:16","date_gmt":"2024-02-24T16:28:16","guid":{"rendered":"https:\/\/fillinx.site\/tropscbdtest\/?post_type=product&#038;p=21786"},"modified":"2024-05-13T14:50:49","modified_gmt":"2024-05-13T12:50:49","slug":"la-chose-50-50","status":"publish","type":"product","link":"https:\/\/fillinx.site\/tropscbdtest\/produit\/la-chose-50-50\/","title":{"rendered":"La Chose 50\/50"},"content":{"rendered":"<p><span style=\"color: #333300;\">L&rsquo;e-liquide <strong>La Chose<\/strong> est une invitation \u00e0 \u00e9veiller vos sens d\u00e8s les premi\u00e8res lueurs du jour, avec une composition gourmande qui enchantera vos papilles. L&rsquo;exp\u00e9rience d\u00e9bute par la douceur enveloppante du caramel au beurre sal\u00e9 et de la noisette grill\u00e9e, avant de se laisser porter par la robustesse du caf\u00e9. Les notes finales de noix de p\u00e9can et de vanille viennent parfaire cette symphonie gustative, vous offrant une longueur en bouche inoubliable.<\/span><\/p>\n<p><span style=\"color: #333300;\">Pr\u00e9sent\u00e9 dans un flacon de 50ml, cet e-liquide int\u00e8gre le bouchon r\u00e9volutionnaire \u00ab\u00a0iFillGood\u00a0\u00bb, une innovation fran\u00e7aise qui simplifie le remplissage gr\u00e2ce \u00e0 un opercule refermable. Avec La Chose en version 50-50, plongez au c\u0153ur de la gourmandise.\u00a0<\/span><\/p>\n<p><span style=\"color: #333300;\"> Rajoutez votre nicotine \u00e0 votre convenance avec nos boosters Nicomax (<strong><span style=\"color: #b7940b;\"><a style=\"color: #b7940b;\" href=\"https:\/\/fillinx.site\/tropscbdtest\/produit\/booster-nicotine-nicomax\/\">disponible ici<\/a><\/span><\/strong>) pour une concentration en nicotine de 3 mg\/ml ou 6 mg\/ml.<\/span><\/p>\n<p><span style=\"color: #333300;\">La gamme La Chose, \u00e9labor\u00e9e par Le French Liquide, regorge de tr\u00e9sors \u00e0 explorer : du flacon <strong><span style=\"color: #b7940b;\"><a style=\"color: #b7940b;\" href=\"https:\/\/fillinx.site\/tropscbdtest\/produit\/la-chose-10-ml\/\">d\u00e9couverte de 10ml<\/a><\/span><\/strong> en passant \u00e0 la version <strong><span style=\"color: #b7940b;\"><a style=\"color: #b7940b;\" href=\"https:\/\/fillinx.site\/tropscbdtest\/produit\/e-liquide-la-chose-sel-de-nicotine\/\">sel de nicotine<\/a><\/span><\/strong>, et le kit DIY Easy2Shake 50\/50. Laissez-vous s\u00e9duire par La Chose, une recette incontournable qui promet une exp\u00e9rience de vape exceptionnelle, jour apr\u00e8s jour.<\/span><\/p>\n","protected":false},"excerpt":{"rendered":"<div class=\"flex-shrink-0 flex flex-col relative items-end\">\n<div>\n<div class=\"pt-0.5\">\n<div class=\"gizmo-shadow-stroke flex h-6 w-6 items-center justify-center overflow-hidden rounded-full\">\n<div class=\"h-6 w-6\"><\/div>\n<\/div>\n<\/div>\n<\/div>\n<\/div>\n<div class=\"relative flex w-full flex-col agent-turn\">\n<div class=\"flex-col gap-1 md:gap-3\">\n<div class=\"flex flex-grow flex-col max-w-full\">\n<div class=\"min-h-[20px] text-message flex flex-col items-start gap-3 whitespace-pre-wrap break-words [.text-message+&amp;]:mt-5 overflow-x-auto\" data-message-author-role=\"assistant\" data-message-id=\"3a39a617-ae0c-4ec6-ba76-64242f0b19f0\">\n<div class=\"markdown prose w-full break-words dark:prose-invert dark\">\n<p><span style=\"color: #333300;\">Commencez votre journ\u00e9e avec une touche de douceur gr\u00e2ce \u00e0 l&rsquo;e-liquide La Chose, une harmonie parfaite de caramel au beurre sal\u00e9, noisette grill\u00e9e, caf\u00e9, noix de p\u00e9can et vanille. <\/span><\/p>\n<p><span style=\"color: #333300;\">Profitez de cette gourmandise en flacon de 50ml <strong>sans nicotine<\/strong>, \u00e9quip\u00e9 du bouchon innovant \u00ab\u00a0iFillGood\u00a0\u00bb, con\u00e7u pour faciliter le remplissage de votre flacon.<\/span><\/p>\n<p><span style=\"color: #333300;\">Rajoutez votre nicotine \u00e0 votre convenance avec nos boosters<\/span> <strong><span style=\"color: #b7940b;\"><a style=\"color: #b7940b;\" href=\"https:\/\/fillinx.site\/tropscbdtest\/produit\/booster-nicotine-nicomax\/\">disponible ici<\/a><\/span><\/strong>.<\/p>\n<\/div>\n<\/div>\n<\/div>\n<\/div>\n<\/div>\n","protected":false},"featured_media":21789,"template":"","meta":[],"product_cat":[110,45,50],"product_tag":[],"_links":{"self":[{"href":"https:\/\/fillinx.site\/tropscbdtest\/wp-json\/wp\/v2\/product\/21786"}],"collection":[{"href":"https:\/\/fillinx.site\/tropscbdtest\/wp-json\/wp\/v2\/product"}],"about":[{"href":"https:\/\/fillinx.site\/tropscbdtest\/wp-json\/wp\/v2\/types\/product"}],"wp:featuredmedia":[{"embeddable":true,"href":"https:\/\/fillinx.site\/tropscbdtest\/wp-json\/wp\/v2\/media\/21789"}],"wp:attachment":[{"href":"https:\/\/fillinx.site\/tropscbdtest\/wp-json\/wp\/v2\/media?parent=21786"}],"wp:term":[{"taxonomy":"product_cat","embeddable":true,"href":"https:\/\/fillinx.site\/tropscbdtest\/wp-json\/wp\/v2\/product_cat?post=21786"},{"taxonomy":"product_tag","embeddable":true,"href":"https:\/\/fillinx.site\/tropscbdtest\/wp-json\/wp\/v2\/product_tag?post=21786"}],"curies":[{"name":"wp","href":"https:\/\/api.w.org\/{rel}","templated":true}]}}