{"id":21852,"date":"2024-02-29T17:42:54","date_gmt":"2024-02-29T17:42:54","guid":{"rendered":"https:\/\/fillinx.site\/tropscbdtest\/?post_type=product&#038;p=21852"},"modified":"2024-03-05T09:39:16","modified_gmt":"2024-03-05T09:39:16","slug":"resistances-ec-n-015-ohm","status":"publish","type":"product","link":"https:\/\/fillinx.site\/tropscbdtest\/produit\/resistances-ec-n-015-ohm\/","title":{"rendered":"R\u00e9sistances EC-N 0,15 ohm"},"content":{"rendered":"<div class=\"flex-1 overflow-hidden\">\n<div class=\"react-scroll-to-bottom--css-wrmwj-79elbk h-full\">\n<div class=\"react-scroll-to-bottom--css-wrmwj-1n7m0yu\">\n<div class=\"flex flex-col text-sm pb-9\">\n<div class=\"w-full text-token-text-primary\" data-testid=\"conversation-turn-12\">\n<div class=\"px-4 py-2 justify-center text-base md:gap-6 m-auto\">\n<div class=\"flex flex-1 text-base mx-auto gap-3 md:px-5 lg:px-1 xl:px-5 md:max-w-3xl lg:max-w-[40rem] xl:max-w-[48rem] group final-completion\">\n<div class=\"relative flex w-full flex-col agent-turn\">\n<div class=\"flex-col gap-1 md:gap-3\">\n<div class=\"flex flex-grow flex-col max-w-full\">\n<div class=\"min-h-[20px] text-message flex flex-col items-start gap-3 whitespace-pre-wrap break-words [.text-message+&amp;]:mt-5 overflow-x-auto\" data-message-author-role=\"assistant\" data-message-id=\"af079af4-1b8d-4d98-9bdb-e8a65bede537\">\n<div class=\"markdown prose w-full break-words dark:prose-invert dark\">\n<p><span style=\"color: #333300;\"><strong>Les R\u00e9sistances EC Head EC-N par Eleaf : Innovation et performance au rendez-Vous<\/strong><\/span><\/p>\n<p><span style=\"color: #333300;\">Les r\u00e9sistances EC Head EC-N par Eleaf introduisent une nouvelle \u00e8re dans la vape, en offrant aux utilisateurs des performances accrues gr\u00e2ce \u00e0 l&rsquo;utilisation innovante du Kanthal et du Mesh. Con\u00e7ues sp\u00e9cifiquement pour les clearomiseurs Melo &#8211; du Melo 3 au Melo 6, ainsi que le Melo C et iJust ECM &#8211; ces r\u00e9sistances sont le choix id\u00e9al pour les amateurs de vape a\u00e9rienne, qu&rsquo;elle soit en inhalation directe (DL) ou restrictive (RDL).<\/span><\/p>\n<p><span style=\"color: #333300;\"><strong>Caract\u00e9ristiques principales :<\/strong><\/span><\/p>\n<ul>\n<li><span style=\"color: #333300;\"><strong>R\u00e9sistance EC-N de 0.15 ohm :<\/strong> Parfaitement adapt\u00e9es pour une utilisation entre 30 et 70 watts, ces r\u00e9sistances sont id\u00e9ales pour ceux recherchant un \u00e9quilibre parfait entre saveur intense et production de vapeur cons\u00e9quente.<\/span><\/li>\n<\/ul>\n<p><span style=\"color: #333300;\"><strong>Petites recommandations :<\/strong> Pour une exp\u00e9rience optimale, nous vous conseillons d&rsquo;utiliser des e-liquides \u00e0 fort taux de glyc\u00e9rine v\u00e9g\u00e9tale (VG), surtout si vous vapotez \u00e0 pleine puissance, afin de minimiser tout risque d&rsquo;\u00e9coulement ou de fuite. N&rsquo;oubliez pas d&rsquo;amorcer correctement votre r\u00e9sistance avant son utilisation en appliquant quelques gouttes de e-liquide sur le coton visible et en la laissant reposer quelques minutes dans le r\u00e9servoir plein.<\/span><\/p>\n<p><span style=\"color: #333300;\"><strong>Changement de r\u00e9sistance simplifi\u00e9 :<\/strong> Que vous soyez l&rsquo;heureux possesseur d&rsquo;un Melo 3, 3 Mini, 4, 4S, 5, ou C, le remplacement de la r\u00e9sistance se fait en toute simplicit\u00e9, assurant ainsi une maintenance ais\u00e9e de votre mat\u00e9riel. Les r\u00e9sistances EC Head EC-N pour clearomiseurs Melo et iJust ECM sont fabriqu\u00e9es par Eleaf, t\u00e9moignant d&rsquo;une qualit\u00e9 et d&rsquo;une fiabilit\u00e9 sans faille.<\/span><\/p>\n<p><span style=\"color: #333300;\"><strong>Pack avantageux :<\/strong> Chaque bo\u00eete contient 5 r\u00e9sistances EC-N, vous permettant de maintenir une exp\u00e9rience de vape de haute qualit\u00e9 sur une longue p\u00e9riode.<\/span><\/p>\n<p><span style=\"color: #333300;\">Optez pour les r\u00e9sistances EC Head EC-N par Eleaf pour une vape qui marie \u00e0 la perfection innovation, performance et durabilit\u00e9. Ces r\u00e9sistances sont votre billet vers une exp\u00e9rience de vape enrichie, o\u00f9 chaque bouff\u00e9e est un plaisir renouvel\u00e9.<\/span><\/p>\n<\/div>\n<\/div>\n<\/div>\n<\/div>\n<\/div>\n<\/div>\n<\/div>\n<\/div>\n<\/div>\n<\/div>\n<\/div>\n<\/div>\n<div class=\"w-full pt-2 md:pt-0 dark:border-white\/20 md:border-transparent md:dark:border-transparent md:w-[calc(100%-.5rem)]\">\n<form class=\"stretch mx-2 flex flex-row gap-3 last:mb-2 md:mx-4 md:last:mb-6 lg:mx-auto lg:max-w-2xl xl:max-w-3xl\">\n<div class=\"relative flex h-full flex-1 flex-col\">\n<div class=\"flex w-full items-center\"><\/div>\n<\/div>\n<\/form>\n<\/div>\n","protected":false},"excerpt":{"rendered":"<p><span style=\"color: #333300;\"><strong>Boite de 5 r\u00e9sistances<\/strong>.<\/span><\/p>\n<p><span style=\"color: #333300;\">D\u00e9couvrez la puissance a\u00e9rienne avec les r\u00e9sistances EC Head EC-N de Eleaf, con\u00e7ues pour transformer votre exp\u00e9rience de vape. <\/span><\/p>\n<p><span style=\"color: #333300;\">\u00c0 0.15 ohm pour une utilisation de 30 \u00e0 70 watts, ces r\u00e9sistances en Kanthal et Mesh promettent une durabilit\u00e9 exceptionnelle. <\/span><\/p>\n<p><span style=\"color: #333300;\">Choisissez la perfection pour une vape en inhalation directe ou restrictive. <\/span><\/p>\n<p><span style=\"color: #333300;\">Plus de d\u00e9tails ci-dessous.<\/span><\/p>\n","protected":false},"featured_media":21855,"template":"","meta":[],"product_cat":[139,58,45],"product_tag":[],"_links":{"self":[{"href":"https:\/\/fillinx.site\/tropscbdtest\/wp-json\/wp\/v2\/product\/21852"}],"collection":[{"href":"https:\/\/fillinx.site\/tropscbdtest\/wp-json\/wp\/v2\/product"}],"about":[{"href":"https:\/\/fillinx.site\/tropscbdtest\/wp-json\/wp\/v2\/types\/product"}],"wp:featuredmedia":[{"embeddable":true,"href":"https:\/\/fillinx.site\/tropscbdtest\/wp-json\/wp\/v2\/media\/21855"}],"wp:attachment":[{"href":"https:\/\/fillinx.site\/tropscbdtest\/wp-json\/wp\/v2\/media?parent=21852"}],"wp:term":[{"taxonomy":"product_cat","embeddable":true,"href":"https:\/\/fillinx.site\/tropscbdtest\/wp-json\/wp\/v2\/product_cat?post=21852"},{"taxonomy":"product_tag","embeddable":true,"href":"https:\/\/fillinx.site\/tropscbdtest\/wp-json\/wp\/v2\/product_tag?post=21852"}],"curies":[{"name":"wp","href":"https:\/\/api.w.org\/{rel}","templated":true}]}}