{"id":22456,"date":"2024-04-07T16:04:19","date_gmt":"2024-04-07T16:04:19","guid":{"rendered":"https:\/\/fillinx.site\/tropscbdtest\/?post_type=product&#038;p=22456"},"modified":"2024-05-20T09:14:41","modified_gmt":"2024-05-20T07:14:41","slug":"mango-haze-5p","status":"publish","type":"product","link":"https:\/\/fillinx.site\/tropscbdtest\/produit\/mango-haze-5p\/","title":{"rendered":"Mango Haze 5P"},"content":{"rendered":"<p><span style=\"color: #333300;\">La Mango Haze 5p, un joyau dans la collection de Trop&rsquo;s, incarne l&rsquo;essence m\u00eame de l&rsquo;exotisme avec une touche distinctive de THCPO, amplifiant l&rsquo;exp\u00e9rience \u00e0 des niveaux sans pr\u00e9c\u00e9dent.<br \/>\nAvec son profil de saveur irr\u00e9sistiblement sucr\u00e9 et juteux, cette vari\u00e9t\u00e9 premium capture l&rsquo;essence des paradis tropicaux, transportant ceux qui la consomment dans un univers o\u00f9 chaque note de go\u00fbt est une c\u00e9l\u00e9bration de la nature. La fra\u00eecheur incomparable de la Mango Haze 5p s&rsquo;accompagne d&rsquo;une texture velout\u00e9e et d&rsquo;une complexit\u00e9 aromatique qui se d\u00e9voile en bouche, laissant une empreinte durable de pure satisfaction.<\/span><\/p>\n<p><span style=\"color: #333300;\">Mais la Mango Haze est bien plus qu&rsquo;une simple exp\u00e9rience gustative; elle est synonyme d&rsquo;effets dynamisants et enrichissants, qui \u00e9veillent \u00e0 la fois le corps et l&rsquo;esprit. Id\u00e9ale pour ceux en qu\u00eate d&rsquo;une exp\u00e9rience CBD augment\u00e9e, cette vari\u00e9t\u00e9 offre une \u00e9vasion vers des niveaux de bien-\u00eatre et de plaisir jusqu&rsquo;alors inexplor\u00e9s, marquant le d\u00e9but d&rsquo;une \u00e8re nouvelle dans la consommation de produits \u00e0 base de cannabis. Chaque inhalation est une invitation \u00e0 red\u00e9couvrir le monde avec des yeux nouveaux, o\u00f9 le go\u00fbt, l&rsquo;ar\u00f4me, et les sensations se fusionnent pour cr\u00e9er un moment v\u00e9ritablement m\u00e9morable.<\/span><\/p>\n","protected":false},"excerpt":{"rendered":"<p><span style=\"color: #333300;\">Laissez-vous s\u00e9duire par l&rsquo;attrait exotique et irr\u00e9sistible de la Mango Haze version THCPO, une fusion spectaculaire du THCPO et de la saveur sucr\u00e9e de la mangue, offrant une aventure gustative de premier choix.<br \/>\nCette vari\u00e9t\u00e9 sublime r\u00e9unit l&rsquo;intensit\u00e9 et la profondeur des effets du THCPO avec l&rsquo;ar\u00f4me tropical et ensoleill\u00e9 de la mangue, cr\u00e9ant une exp\u00e9rience sensorielle riche et vibrante qui titille les sens et \u00e9veille l&rsquo;esprit.<\/span><\/p>\n","protected":false},"featured_media":22457,"template":"","meta":[],"product_cat":[132,128],"product_tag":[],"_links":{"self":[{"href":"https:\/\/fillinx.site\/tropscbdtest\/wp-json\/wp\/v2\/product\/22456"}],"collection":[{"href":"https:\/\/fillinx.site\/tropscbdtest\/wp-json\/wp\/v2\/product"}],"about":[{"href":"https:\/\/fillinx.site\/tropscbdtest\/wp-json\/wp\/v2\/types\/product"}],"wp:featuredmedia":[{"embeddable":true,"href":"https:\/\/fillinx.site\/tropscbdtest\/wp-json\/wp\/v2\/media\/22457"}],"wp:attachment":[{"href":"https:\/\/fillinx.site\/tropscbdtest\/wp-json\/wp\/v2\/media?parent=22456"}],"wp:term":[{"taxonomy":"product_cat","embeddable":true,"href":"https:\/\/fillinx.site\/tropscbdtest\/wp-json\/wp\/v2\/product_cat?post=22456"},{"taxonomy":"product_tag","embeddable":true,"href":"https:\/\/fillinx.site\/tropscbdtest\/wp-json\/wp\/v2\/product_tag?post=22456"}],"curies":[{"name":"wp","href":"https:\/\/api.w.org\/{rel}","templated":true}]}}