{"id":22462,"date":"2024-04-07T16:09:30","date_gmt":"2024-04-07T16:09:30","guid":{"rendered":"https:\/\/fillinx.site\/tropscbdtest\/?post_type=product&#038;p=22462"},"modified":"2024-05-13T16:28:48","modified_gmt":"2024-05-13T14:28:48","slug":"skunk","status":"publish","type":"product","link":"https:\/\/fillinx.site\/tropscbdtest\/produit\/skunk\/","title":{"rendered":"Skunk"},"content":{"rendered":"<p><span style=\"color: #333300;\">Cette Skunk est une v\u00e9ritable r\u00e9volution dans le monde du CBD, offrant une exp\u00e9rience qui va bien au-del\u00e0 de l&rsquo;ordinaire. Cette fleur d&rsquo;exception, dot\u00e9e d&rsquo;un caract\u00e8re olfactif profond\u00e9ment piquant et d&rsquo;un go\u00fbt singulier, se distingue par sa capacit\u00e9 \u00e0 bousculer les normes et \u00e0 red\u00e9finir les attentes. Avec son profil aromatique intense et captivant, la Skunk est con\u00e7ue pour s\u00e9duire et d\u00e9fier, offrant une richesse de saveurs qui s&rsquo;adresse directement aux passionn\u00e9s en qu\u00eate d&rsquo;authenticit\u00e9 et de caract\u00e8re.<\/span><\/p>\n<p><span style=\"color: #333300;\">Mais la Skunk ne s&rsquo;arr\u00eate pas \u00e0 ses qualit\u00e9s gustatives. Elle se distingue aussi par des effets dynamiques et revigorants, agissant comme un catalyseur d&rsquo;\u00e9nergie et de cr\u00e9ativit\u00e9. Id\u00e9ale pour ceux qui cherchent \u00e0 dynamiser leur quotidien, elle stimule l&rsquo;esprit et r\u00e9veille les sens, offrant un \u00e9lan de vitalit\u00e9 qui inspire et renouvelle. La Skunk est le symbole de l&rsquo;engagement de Trop&rsquo;s \u00e0 fournir des exp\u00e9riences uniques et m\u00e9morables, refl\u00e9tant un savoir-faire exceptionnel dans l&rsquo;art de cultiver des vari\u00e9t\u00e9s CBD qui non seulement enchantent le palais mais \u00e9galement \u00e9nergisent l&rsquo;\u00e2me.<\/span><\/p>\n","protected":false},"excerpt":{"rendered":"<p><span style=\"color: #333300;\">La Skunk de Trop&rsquo;s se r\u00e9v\u00e8le comme un chef-d&rsquo;\u0153uvre de la gamme premium, brisant tous les clich\u00e9s avec son ar\u00f4me intens\u00e9ment piquant et son profil gustatif r\u00e9solument audacieux.<br \/>\nReconnue pour son intensit\u00e9 in\u00e9gal\u00e9e, cette vari\u00e9t\u00e9 est une invitation \u00e0 l&rsquo;aventure pour ceux qui osent d\u00e9fier les limites du go\u00fbt et recherchent une exp\u00e9rience sensorielle sans compromis, charg\u00e9e de nuances fortes et marquantes.<\/span><\/p>\n","protected":false},"featured_media":22463,"template":"","meta":[],"product_cat":[63,30],"product_tag":[],"_links":{"self":[{"href":"https:\/\/fillinx.site\/tropscbdtest\/wp-json\/wp\/v2\/product\/22462"}],"collection":[{"href":"https:\/\/fillinx.site\/tropscbdtest\/wp-json\/wp\/v2\/product"}],"about":[{"href":"https:\/\/fillinx.site\/tropscbdtest\/wp-json\/wp\/v2\/types\/product"}],"wp:featuredmedia":[{"embeddable":true,"href":"https:\/\/fillinx.site\/tropscbdtest\/wp-json\/wp\/v2\/media\/22463"}],"wp:attachment":[{"href":"https:\/\/fillinx.site\/tropscbdtest\/wp-json\/wp\/v2\/media?parent=22462"}],"wp:term":[{"taxonomy":"product_cat","embeddable":true,"href":"https:\/\/fillinx.site\/tropscbdtest\/wp-json\/wp\/v2\/product_cat?post=22462"},{"taxonomy":"product_tag","embeddable":true,"href":"https:\/\/fillinx.site\/tropscbdtest\/wp-json\/wp\/v2\/product_tag?post=22462"}],"curies":[{"name":"wp","href":"https:\/\/api.w.org\/{rel}","templated":true}]}}