{"id":22468,"date":"2024-04-18T11:39:33","date_gmt":"2024-04-18T09:39:33","guid":{"rendered":"https:\/\/fillinx.site\/tropscbdtest\/?post_type=product&#038;p=22468"},"modified":"2024-05-20T09:13:10","modified_gmt":"2024-05-20T07:13:10","slug":"og-trops","status":"publish","type":"product","link":"https:\/\/fillinx.site\/tropscbdtest\/produit\/og-trops\/","title":{"rendered":"OG Trop&rsquo;s"},"content":{"rendered":"<p><span style=\"color: #333300;\">La OG de Trop&rsquo;s, tr\u00e9sor du patrimoine cannabique, est l&rsquo;expression vivante d&rsquo;un h\u00e9ritage riche et v\u00e9n\u00e9rable.<br \/>\nCultiv\u00e9e avec un savoir-faire ancestral, chaque fleur de cette vari\u00e9t\u00e9 premium distille une essence qui est un hymne \u00e0 la tradition du cannabis. Son ar\u00f4me bois\u00e9, quasi mystique, s&rsquo;entrelace avec des notes terreuses profondes, offrant un panorama gustatif qui enflamme l&rsquo;imagination et transporte vers des contr\u00e9es lointaines et oubli\u00e9es.<\/span><\/p>\n<p><span style=\"color: #333300;\">Les connaisseurs sauront appr\u00e9cier la complexit\u00e9 de la OG, une signature de Trop&rsquo;s, o\u00f9 chaque inhalation est un voyage \u00e0 travers le temps et l&rsquo;espace, d\u00e9voilant des couches de saveurs anciennes et immuables.<br \/>\nLes effets de la OG ne sont pas en reste, tissant une toile de tranquillit\u00e9 et de profonde r\u00e9flexion, offrant une \u00e9chapp\u00e9e belle loin du tumulte quotidien. Dans la danse des saveurs et des sensations, la OG se positionne comme une \u00e9toile guide, illuminant le chemin vers une exp\u00e9rience cannabique qui est \u00e0 la fois un retour aux racines et une c\u00e9l\u00e9bration de la modernit\u00e9 du CBD de haute qualit\u00e9.<\/span><\/p>\n","protected":false},"excerpt":{"rendered":"<p><span style=\"color: #333300;\">Plongez au c\u0153ur de la tradition avec la OG de Trop&rsquo;s, o\u00f9 l&rsquo;\u00e2me du cannabis se r\u00e9v\u00e8le dans chaque effluve bois\u00e9. <\/span><br \/>\n<span style=\"color: #333300;\">Savourez le retour aux origines avec cette vari\u00e9t\u00e9 embl\u00e9matique, qui vous enlace de son ar\u00f4me riche et terreux, forgeant un lien intime avec le v\u00e9ritable esprit du cannabis.<br \/>\nLa OG est l&rsquo;invitation \u00e0 une odyss\u00e9e sensorielle, r\u00e9v\u00e9lant une puissance et une authenticit\u00e9 qui captivent et ravissent.<\/span><\/p>\n","protected":false},"featured_media":22472,"template":"","meta":[],"product_cat":[63,30],"product_tag":[],"_links":{"self":[{"href":"https:\/\/fillinx.site\/tropscbdtest\/wp-json\/wp\/v2\/product\/22468"}],"collection":[{"href":"https:\/\/fillinx.site\/tropscbdtest\/wp-json\/wp\/v2\/product"}],"about":[{"href":"https:\/\/fillinx.site\/tropscbdtest\/wp-json\/wp\/v2\/types\/product"}],"wp:featuredmedia":[{"embeddable":true,"href":"https:\/\/fillinx.site\/tropscbdtest\/wp-json\/wp\/v2\/media\/22472"}],"wp:attachment":[{"href":"https:\/\/fillinx.site\/tropscbdtest\/wp-json\/wp\/v2\/media?parent=22468"}],"wp:term":[{"taxonomy":"product_cat","embeddable":true,"href":"https:\/\/fillinx.site\/tropscbdtest\/wp-json\/wp\/v2\/product_cat?post=22468"},{"taxonomy":"product_tag","embeddable":true,"href":"https:\/\/fillinx.site\/tropscbdtest\/wp-json\/wp\/v2\/product_tag?post=22468"}],"curies":[{"name":"wp","href":"https:\/\/api.w.org\/{rel}","templated":true}]}}