{"id":22477,"date":"2024-04-18T11:36:35","date_gmt":"2024-04-18T09:36:35","guid":{"rendered":"https:\/\/fillinx.site\/tropscbdtest\/?post_type=product&#038;p=22477"},"modified":"2024-05-20T09:13:05","modified_gmt":"2024-05-20T07:13:05","slug":"lemon-cannatonic","status":"publish","type":"product","link":"https:\/\/fillinx.site\/tropscbdtest\/product\/lemon-cannatonic\/","title":{"rendered":"Lemon cannatonic"},"content":{"rendered":"<div class=\"flex-1 overflow-hidden\">\n<div class=\"react-scroll-to-bottom--css-xyfpj-79elbk h-full\">\n<div class=\"react-scroll-to-bottom--css-xyfpj-1n7m0yu\">\n<div>\n<div class=\"flex flex-col text-sm pb-9\">\n<div class=\"w-full text-token-text-primary\" dir=\"auto\" data-testid=\"conversation-turn-20\">\n<div class=\"px-4 py-2 justify-center text-base md:gap-6 m-auto\">\n<div class=\"flex flex-1 text-base mx-auto gap-3 juice:gap-4 juice:md:gap-6 md:px-5 lg:px-1 xl:px-5 md:max-w-3xl lg:max-w-[40rem] xl:max-w-[48rem] group final-completion\">\n<div class=\"relative flex w-full flex-col agent-turn\">\n<div class=\"flex-col gap-1 md:gap-3\">\n<div class=\"flex flex-grow flex-col max-w-full\">\n<div class=\"min-h-[20px] text-message flex flex-col items-start gap-3 whitespace-pre-wrap break-words [.text-message+&amp;]:mt-5 overflow-x-auto\" dir=\"auto\" data-message-author-role=\"assistant\" data-message-id=\"ab9cded7-f8d5-477b-b9c6-fc8677fba5a4\">\n<div class=\"markdown prose w-full break-words dark:prose-invert dark\">\n<p><span style=\"color: #333300;\">La Lemon Cannatonic se d\u00e9voile comme une \u0153uvre d&rsquo;art du monde du CBD, offrant une alliance sublime entre l&rsquo;intensit\u00e9 rafra\u00eechissante du citron et la noblesse d&rsquo;un arri\u00e8re-go\u00fbt bois\u00e9. Cette vari\u00e9t\u00e9 est un chef-d&rsquo;\u0153uvre de go\u00fbt et de senteur, o\u00f9 chaque inhalation est une promenade dans un verger bois\u00e9 baign\u00e9 de soleil. Cultiv\u00e9e avec une attention m\u00e9ticuleuse \u00e0 chaque d\u00e9tail, la Lemon Cannatonic repr\u00e9sente le summum de la qualit\u00e9 premium, garantissant une exp\u00e9rience qui \u00e9veille l&rsquo;esprit et caresse l&rsquo;\u00e2me.<\/span><\/p>\n<p><span style=\"color: #333300;\">Les effets de cette fleur unique en son genre sont \u00e0 la fois relaxants et \u00e9nergisants, offrant un \u00e9quilibre parfait pour une renaissance int\u00e9rieure et un bien-\u00eatre prolong\u00e9.<br \/>\nId\u00e9ale pour ceux \u00e0 la recherche d&rsquo;une \u00e9chapp\u00e9e belle dans le monde du CBD, la Lemon Cannatonic incarne la passion et le savoir-faire de Trop&rsquo;s, se r\u00e9v\u00e9lant comme le choix privil\u00e9gi\u00e9 des connaisseurs d\u00e9sireux de red\u00e9couvrir la magie du cannabis sous une forme \u00e9l\u00e9gante et inspir\u00e9e.<\/span><\/p>\n<\/div>\n<\/div>\n<\/div>\n<\/div>\n<\/div>\n<\/div>\n<\/div>\n<\/div>\n<\/div>\n<\/div>\n<\/div>\n<\/div>\n<\/div>\n","protected":false},"excerpt":{"rendered":"<p><span style=\"color: #333300;\">Embarquez pour un voyage sensoriel avec la Lemon Cannatonic, o\u00f9 l&rsquo;\u00e9clat du citron rencontre la profondeur du bois\u00e9 dans une harmonie parfaite. <\/span><\/p>\n<p><span style=\"color: #333300;\">Cette vari\u00e9t\u00e9 premium, r\u00e9v\u00e9lant un go\u00fbt d\u00e9licieusement acidul\u00e9, stimule les sens et rafra\u00eechit l&rsquo;esprit. Sa qualit\u00e9 exceptionnelle et son profil aromatique distinct font de chaque d\u00e9gustation un moment de pur plaisir et de d\u00e9couverte, promettant une exp\u00e9rience qui r\u00e9sonne avec la finesse et la sophistication.<\/span><\/p>\n","protected":false},"featured_media":22482,"template":"","meta":[],"product_cat":[63,30],"product_tag":[],"_links":{"self":[{"href":"https:\/\/fillinx.site\/tropscbdtest\/wp-json\/wp\/v2\/product\/22477"}],"collection":[{"href":"https:\/\/fillinx.site\/tropscbdtest\/wp-json\/wp\/v2\/product"}],"about":[{"href":"https:\/\/fillinx.site\/tropscbdtest\/wp-json\/wp\/v2\/types\/product"}],"wp:featuredmedia":[{"embeddable":true,"href":"https:\/\/fillinx.site\/tropscbdtest\/wp-json\/wp\/v2\/media\/22482"}],"wp:attachment":[{"href":"https:\/\/fillinx.site\/tropscbdtest\/wp-json\/wp\/v2\/media?parent=22477"}],"wp:term":[{"taxonomy":"product_cat","embeddable":true,"href":"https:\/\/fillinx.site\/tropscbdtest\/wp-json\/wp\/v2\/product_cat?post=22477"},{"taxonomy":"product_tag","embeddable":true,"href":"https:\/\/fillinx.site\/tropscbdtest\/wp-json\/wp\/v2\/product_tag?post=22477"}],"curies":[{"name":"wp","href":"https:\/\/api.w.org\/{rel}","templated":true}]}}