{"id":22527,"date":"2024-04-18T14:47:01","date_gmt":"2024-04-18T12:47:01","guid":{"rendered":"https:\/\/fillinx.site\/tropscbdtest\/?post_type=product&#038;p=22527"},"modified":"2024-04-18T15:34:36","modified_gmt":"2024-04-18T13:34:36","slug":"le-petit-prince","status":"publish","type":"product","link":"https:\/\/fillinx.site\/tropscbdtest\/produit\/le-petit-prince\/","title":{"rendered":"Le petit prince"},"content":{"rendered":"<p><span style=\"color: #333300;\">Le petit prince est un pre-roll de CBD soigneusement \u00e9labor\u00e9 \u00e0 la main, destin\u00e9 aux amateurs de produits naturels et authentiques. Contenant pas moins de 6g de la pr\u00e9cieuse fleur de Crystal candy, cultiv\u00e9e en int\u00e9rieur sous des conditions strictement contr\u00f4l\u00e9es, ce pre-roll se distingue par sa qualit\u00e9 sup\u00e9rieure. Sa composition est enti\u00e8rement naturelle, envelopp\u00e9e d&rsquo;une feuille de chanvre qui accentue son essence pure.<\/span><\/p>\n<p><span style=\"color: #333300;\">Fabriqu\u00e9 en France par une \u00e9quipe d&rsquo;artisans passionn\u00e9s, le petit prince est le r\u00e9sultat d&rsquo;un savoir-faire unique qui garantit une exp\u00e9rience de consommation exceptionnelle. Sa pr\u00e9paration manuelle assure non seulement une conservation optimale des propri\u00e9t\u00e9s organoleptiques de la fleur, mais aussi un hommage \u00e0 l&rsquo;artisanat traditionnel.<\/span><\/p>\n<p><span style=\"color: #333300;\">Les utilisateurs peuvent s&rsquo;attendre \u00e0 un produit de relaxation douce, id\u00e9al pour une d\u00e9tente en fin de journ\u00e9e ou pour accompagner des moments de tranquillit\u00e9. Son go\u00fbt et son ar\u00f4me, d\u00e9licatement bois\u00e9s avec des touches de terre fra\u00eeche, promettent une \u00e9vasion sensorielle qui ravira les connaisseurs.<\/span><\/p>\n","protected":false},"excerpt":{"rendered":"<p><span style=\"color: #333300;\">D\u00e9couvrez le charme artisanal du petit prince, notre pre-roll de CBD, enroul\u00e9 \u00e0 la main dans une feuille de chanvre. <\/span><\/p>\n<p><span style=\"color: #333300;\">Chaque pi\u00e8ce renferme g\u00e9n\u00e9reusement 6g de fleur de Crystal Candy, cultiv\u00e9e en int\u00e9rieur pour une qualit\u00e9 et une puret\u00e9 exceptionnelles. Plongez dans l&rsquo;excellence fran\u00e7aise avec chaque inhalation.<\/span><\/p>\n","protected":false},"featured_media":22528,"template":"","meta":[],"product_cat":[158],"product_tag":[],"_links":{"self":[{"href":"https:\/\/fillinx.site\/tropscbdtest\/wp-json\/wp\/v2\/product\/22527"}],"collection":[{"href":"https:\/\/fillinx.site\/tropscbdtest\/wp-json\/wp\/v2\/product"}],"about":[{"href":"https:\/\/fillinx.site\/tropscbdtest\/wp-json\/wp\/v2\/types\/product"}],"wp:featuredmedia":[{"embeddable":true,"href":"https:\/\/fillinx.site\/tropscbdtest\/wp-json\/wp\/v2\/media\/22528"}],"wp:attachment":[{"href":"https:\/\/fillinx.site\/tropscbdtest\/wp-json\/wp\/v2\/media?parent=22527"}],"wp:term":[{"taxonomy":"product_cat","embeddable":true,"href":"https:\/\/fillinx.site\/tropscbdtest\/wp-json\/wp\/v2\/product_cat?post=22527"},{"taxonomy":"product_tag","embeddable":true,"href":"https:\/\/fillinx.site\/tropscbdtest\/wp-json\/wp\/v2\/product_tag?post=22527"}],"curies":[{"name":"wp","href":"https:\/\/api.w.org\/{rel}","templated":true}]}}