{"id":22529,"date":"2024-04-18T15:53:41","date_gmt":"2024-04-18T13:53:41","guid":{"rendered":"https:\/\/fillinx.site\/tropscbdtest\/?post_type=product&#038;p=22529"},"modified":"2024-04-18T15:56:17","modified_gmt":"2024-04-18T13:56:17","slug":"la-lady","status":"publish","type":"product","link":"https:\/\/fillinx.site\/tropscbdtest\/produit\/la-lady\/","title":{"rendered":"La Lady"},"content":{"rendered":"<p><span style=\"color: #333300;\">La Lady est un cigare de CBD exceptionnel, fa\u00e7onn\u00e9 \u00e0 la main par des artisans fran\u00e7ais d\u00e9di\u00e9s \u00e0 la qualit\u00e9 et \u00e0 l&rsquo;authenticit\u00e9. Ce cigare long est enti\u00e8rement compos\u00e9 de chanvre de premier choix, garantissant une exp\u00e9rience de consommation pure et naturelle. Avec un minimum de 2g de la fleur Crystal Candy, r\u00e9put\u00e9e pour ses ar\u00f4mes sucr\u00e9s et ses effets relaxants, chaque cigare offre une s\u00e9ance de d\u00e9tente luxueuse.<\/span><\/p>\n<p><span style=\"color: #333300;\">Produit dans la m\u00eame gamme que le c\u00e9l\u00e8bre &lsquo;Le petit prince&rsquo;, La Lady se distingue par sa taille \u00e9l\u00e9gante et son engagement envers les m\u00e9thodes de fabrication traditionnelles. Ce cigare n&rsquo;est pas seulement un produit de CBD, c&rsquo;est une \u0153uvre d&rsquo;art, con\u00e7ue pour ceux qui appr\u00e9cient les moments de calme enrichis par un go\u00fbt exquis et une qualit\u00e9 irr\u00e9prochable.<\/span><\/p>\n<p><span style=\"color: #333300;\">Id\u00e9al pour les fins de soir\u00e9es ou les instants de pause en mode luxe, La Lady se r\u00e9v\u00e8le \u00eatre un choix parfait pour les connaisseurs cherchant \u00e0 combiner style et bien-\u00eatre. Son profil aromatique de bonbons et de notes l\u00e9g\u00e8rement fruit\u00e9es promet une \u00e9vasion sensorielle qui enchante et apaise.<\/span><\/p>\n","protected":false},"excerpt":{"rendered":"<p><span style=\"color: #333300;\">Savourez l&rsquo;\u00e9l\u00e9gance de La Lady, un cigare de chanvre 100% artisanal. <\/span><\/p>\n<p><span style=\"color: #333300;\">Chaque pre-roll CBD, roul\u00e9e \u00e0 la main en France, contient minimum 2g de la pr\u00e9cieuse fleur Crystal Candy pour une exp\u00e9rience de d\u00e9tente pure et raffin\u00e9e.<\/span><\/p>\n","protected":false},"featured_media":22530,"template":"","meta":[],"product_cat":[158],"product_tag":[],"_links":{"self":[{"href":"https:\/\/fillinx.site\/tropscbdtest\/wp-json\/wp\/v2\/product\/22529"}],"collection":[{"href":"https:\/\/fillinx.site\/tropscbdtest\/wp-json\/wp\/v2\/product"}],"about":[{"href":"https:\/\/fillinx.site\/tropscbdtest\/wp-json\/wp\/v2\/types\/product"}],"wp:featuredmedia":[{"embeddable":true,"href":"https:\/\/fillinx.site\/tropscbdtest\/wp-json\/wp\/v2\/media\/22530"}],"wp:attachment":[{"href":"https:\/\/fillinx.site\/tropscbdtest\/wp-json\/wp\/v2\/media?parent=22529"}],"wp:term":[{"taxonomy":"product_cat","embeddable":true,"href":"https:\/\/fillinx.site\/tropscbdtest\/wp-json\/wp\/v2\/product_cat?post=22529"},{"taxonomy":"product_tag","embeddable":true,"href":"https:\/\/fillinx.site\/tropscbdtest\/wp-json\/wp\/v2\/product_tag?post=22529"}],"curies":[{"name":"wp","href":"https:\/\/api.w.org\/{rel}","templated":true}]}}