{"id":3436,"date":"2023-09-13T12:12:51","date_gmt":"2023-09-13T12:12:51","guid":{"rendered":"https:\/\/fillinx.site\/tropscbdtest\/?post_type=product&#038;p=3436"},"modified":"2024-05-10T15:01:44","modified_gmt":"2024-05-10T13:01:44","slug":"creme-pour-les-yeux","status":"publish","type":"product","link":"https:\/\/fillinx.site\/tropscbdtest\/produit\/creme-pour-les-yeux\/","title":{"rendered":"Cr\u00e9me pour les yeux"},"content":{"rendered":"<p>Le complexe complet d&rsquo;ingr\u00e9dients actifs contenu dans la cr\u00e8me,\u00a0<strong>hydrate<\/strong>,\u00a0<strong>r\u00e9g\u00e9n\u00e8re<\/strong>\u00a0et\u00a0<strong>lisse<\/strong>\u00a0la peau sensible du contour des yeux.<\/p>\n<p>Le processus anti-\u00e2ge est activ\u00e9 et les signes de vieillissement sont visiblement ralentis.<\/p>\n<p><strong>Le cannabidiol est la cl\u00e9 du succ\u00e8s.<\/strong><\/p>\n<p>Il r\u00e9gule le syst\u00e8me immunitaire de la peau, active la r\u00e9g\u00e9n\u00e9ration cellulaire, prot\u00e8ge la peau et la rajeunit. De plus, le cannabidiol peut arr\u00eater l&rsquo;inflammation qui peut survenir avec le vieillissement. Il soulage et renforce le tissu conjonctif.<\/p>\n<p><strong>VinUp Lift<\/strong>, un \u00e9lixir extrait du raisin appel\u00e9\u00a0<strong>vin de glace<\/strong>, r\u00e9duit la s\u00e9cheresse cutan\u00e9e et les pattes d&rsquo;oie, en agissant de concert avec l&rsquo;<strong>acide hyaluronique<\/strong>\u00a0bio-ferment\u00e9.<\/p>\n<p>Le\u00a0<strong>QT40\u00ae<\/strong>\u00a0est constitu\u00e9 d&rsquo;oligosaccharides pr\u00e9cieux issus de la laitue de mer. Il active les structures du r\u00e9seau de collag\u00e8ne, ce qui am\u00e9liore l&rsquo;\u00e9lasticit\u00e9 et la fermet\u00e9 de la peau. Il en r\u00e9sulte une densification et une restructuration de la matrice de la peau sensible du contour des yeux, et au final une r\u00e9duction des rides existantes.<\/p>\n<h1>Propri\u00e9t\u00e9s premium<\/h1>\n<p>Le\u00a0<strong>bisabolol<\/strong>, apaisera et assurera une application agr\u00e9able sur\u00a0votre peau.<\/p>\n<p>La provitamine A, contenu dans la cr\u00e8me, favorise la r\u00e9g\u00e9n\u00e9ration des cellules cutan\u00e9es les plus externes, ce qui renforce la peau du contour des yeux.<\/p>\n<p>Les antioxydants naturels du caf\u00e9 vert prot\u00e8gent les structures cellulaires et le tissu conjonctif de votre peau contre les dommages caus\u00e9s par les radicaux libres.<\/p>\n<p>&nbsp;<\/p>\n<h4><\/h4>\n<p>Sans paraffines, huiles de silicone, microplastiques et poly\u00e9thyl\u00e8ne glycols.<\/p>\n<h1>Application<\/h1>\n<p>Appliquez deux fois par jour, sur une\u00a0peau nettoy\u00e9e, en tapotant doucement le contour de vos yeux du bout des doigts.<\/p>\n<p>Utilisez la cr\u00e8me r\u00e9guli\u00e8rement pendant au moins 2 mois pour de meilleurs r\u00e9sultats.<\/p>\n<p><strong>Complexe d&rsquo;actifs :\u00a0<\/strong><\/p>\n<p>cannabidiol, VinUP Lift (\u00e9lixir de raisin), QT 40\u00ae, extrait de caf\u00e9 vert, aloe vera, phytost\u00e9rols, huile de graines de chanvre, dexpanth\u00e9nol (provitamine B5), vitamine E, bisabolol, acide hyaluronique (bioferment\u00e9)<\/p>\n<p>&nbsp;<\/p>\n<h4><strong>Ingr\u00e9dients\u00a0:<\/strong><\/h4>\n<p>aqua*, jus de feuilles d&rsquo;aloe barbadensis*\/**, glyc\u00e9rine*\/**, st\u00e9arate de glyc\u00e9ryle*, huile de graines de cannabis sativa (chanvre)*\/**, huile de graines de crambe abyssinica*, laurate d&rsquo;isoamyle*, alcool c\u00e9t\u00e9arylique*, beurre de butyrospermum parkii (karit\u00e9)*\/**, extrait hydrolys\u00e9 d&rsquo;ulva lactuca*, panth\u00e9nol, phytost\u00e9rols*, vin*, gomme de caesalpinia spinosa (graines de tara)*, cannabidiol (cbd), extrait de graine de coffea arabica*, maltodextrine*, acide st\u00e9arique *, lauroyl glutamate de sodium*, caprylate de glyc\u00e9ryle*, ac\u00e9tate de tocoph\u00e9ryle (vitamine e stable), gomme de cyamopsis tetragonoloba (guar)*, gomme xanthane*, bisabolol*, acide hyaluronique (bioferment\u00e9)*, alcool ol\u00e9ique*, acide d\u00e9hydroac\u00e9tique, parfum ( naturel-bio)*\/**, l\u00e9vulinate de sodium*, sorbate de potassium, acide citrique, phytate de sodium*, alcool benzylique, linalol***, limon\u00e8ne***, citronellol***, g\u00e9raniol***<\/p>\n<p>* Ingr\u00e9dients d&rsquo;origine naturelle (97,5%)<\/p>\n<p>** Ingr\u00e9dients d&rsquo;origine agricole biologique (24,5%)<\/p>\n<p>*** Le parfum est compos\u00e9 de composants d&rsquo;huiles essentielles naturelles-bio<\/p>\n<p>Cosm\u00e9tiques naturels biologiques au CBD selon les directives de l&rsquo;institut ECOGEA.<\/p>\n","protected":false},"excerpt":{"rendered":"<p>Dans notre gamme cosm\u00e9tique, d\u00e9couvrez la cr\u00e8me pour les yeux\u00a0<strong>antioxydante<\/strong>, qui vous\u00a0<strong>prot\u00e8gera<\/strong>\u00a0contre les dommages caus\u00e9s par les radicaux libres<\/p>\n<p>Compos\u00e9 de plusieurs principe actif de premi\u00e8re qualit\u00e9, elle permettra de\u00a0<strong>r\u00e9duire les rides<\/strong>\u00a0et les\u00a0<strong>pattes d&rsquo;oie<\/strong>, pour une apparence\u00a0<strong>plus jeune<\/strong>\u00a0et fra\u00eeche.<\/p>\n<p>Tout en r\u00e9duisant les ridules de d\u00e9shydratation, la cr\u00e8me contour des yeux am\u00e9liore l&rsquo;\u00e9lasticit\u00e9 de la peau du contour des yeux et stimule la synth\u00e8se de\u00a0<strong>procollag\u00e8ne<\/strong>.<\/p>\n<p>Votre peau est reconstruite et repulp\u00e9e.<\/p>\n<p>Profitez des\u00a0<strong>bienfaits<\/strong>\u00a0du<strong>\u00a0vin de glace antioxydant<\/strong>\u00a0et ralentissez visiblement les signes de vieillissement.<\/p>\n","protected":false},"featured_media":1032,"template":"","meta":[],"product_cat":[46],"product_tag":[],"_links":{"self":[{"href":"https:\/\/fillinx.site\/tropscbdtest\/wp-json\/wp\/v2\/product\/3436"}],"collection":[{"href":"https:\/\/fillinx.site\/tropscbdtest\/wp-json\/wp\/v2\/product"}],"about":[{"href":"https:\/\/fillinx.site\/tropscbdtest\/wp-json\/wp\/v2\/types\/product"}],"wp:featuredmedia":[{"embeddable":true,"href":"https:\/\/fillinx.site\/tropscbdtest\/wp-json\/wp\/v2\/media\/1032"}],"wp:attachment":[{"href":"https:\/\/fillinx.site\/tropscbdtest\/wp-json\/wp\/v2\/media?parent=3436"}],"wp:term":[{"taxonomy":"product_cat","embeddable":true,"href":"https:\/\/fillinx.site\/tropscbdtest\/wp-json\/wp\/v2\/product_cat?post=3436"},{"taxonomy":"product_tag","embeddable":true,"href":"https:\/\/fillinx.site\/tropscbdtest\/wp-json\/wp\/v2\/product_tag?post=3436"}],"curies":[{"name":"wp","href":"https:\/\/api.w.org\/{rel}","templated":true}]}}