{"id":3437,"date":"2023-09-13T12:12:52","date_gmt":"2023-09-13T12:12:52","guid":{"rendered":"https:\/\/fillinx.site\/tropscbdtest\/?post_type=product&#038;p=3437"},"modified":"2023-09-29T21:55:20","modified_gmt":"2023-09-29T21:55:20","slug":"serum-contour-des-yeux","status":"publish","type":"product","link":"https:\/\/fillinx.site\/tropscbdtest\/produit\/serum-contour-des-yeux\/","title":{"rendered":"S\u00e9rum contour des yeux"},"content":{"rendered":"<p>Le complexe d&rsquo;ingr\u00e9dients\u00a0<strong>actifs complet<\/strong>\u00a0du\u00a0<strong>s\u00e9rum contour des yeux au CBD<\/strong>\u00a0prend soin du contour des yeux et traite les cernes sombres, les probl\u00e8mes de pigmentation, les poches sous les yeux ou les paupi\u00e8res gonfl\u00e9es.<\/p>\n<p>Le\u00a0<strong>cannabidiol<\/strong>\u00a0du chanvre est la cl\u00e9 du succ\u00e8s.<\/p>\n<p>Il r\u00e9gule le syst\u00e8me immunitaire de la peau, active la r\u00e9g\u00e9n\u00e9ration cellulaire, prot\u00e8ge la peau et la rajeunit.<\/p>\n<p>Agissant de concert avec la\u00a0<strong>vitamine C<\/strong>\u00a0et le\u00a0<strong>bisabolol<\/strong>, le\u00a0<strong>Cernilys\u00ae<\/strong>\u00a0tir\u00e9 du c\u00e8dre de l&rsquo;Atlas, il favorise la microcirculation et prot\u00e8ge les minuscules vaisseaux sanguins du contour des yeux, ce qui r\u00e9duit visiblement les cernes rouge\u00e2tres ou bleu fonc\u00e9.<\/p>\n<p>Les yeux paraissent plus vifs, plus frais, et le visage est\u00a0<strong>rajeuni<\/strong>.<\/p>\n<p>Le\u00a0<strong>Clerilys W<\/strong>, une association de principes actifs du\u00a0<strong>concombre<\/strong>, du\u00a0<strong>m\u00fbrier<\/strong>\u00a0et de\u00a0<strong>l&rsquo;hibiscus<\/strong>, agit sur la pigmentation de la peau et a des propri\u00e9t\u00e9s \u00e9claircissantes. Il peut r\u00e9duire l&rsquo;hyperpigmentation de la peau et les taches de vieillesse.<\/p>\n<p>L&rsquo;\u00e9lixir de raisin\u00a0<strong>VinUP Lif<\/strong>t et l&rsquo;<strong>acide hyaluronique<\/strong>\u00a0repulpant lissent la peau, att\u00e9nuent les pattes d&rsquo;oie et hydratent optimalement le contour des yeux.<\/p>\n<p>Les effets synergiques des ingr\u00e9dients actifs redonnent vie aux contours des yeux jusqu&rsquo;alors fatigu\u00e9s en\u00a0<strong>seulement quelques jours<\/strong>\u00a0!<\/p>\n<p>Et bien sur sans parab\u00e8nes, sans paraffine, sans huiles de silicone, sans microplastiques et sans poly\u00e9thyl\u00e8ne glycol.<\/p>\n<h1>Utilisation<\/h1>\n<p>Sur une peau propre, appliquer 2 fois par jour en tapotant doucement du bout des doigts.<\/p>\n<p>&nbsp;<\/p>\n<h4>Complexe de principes actifs :<\/h4>\n<p>Cannabidiol, Clerilys W, Cernyls\u00ae, VinUP Lift (\u00e9lixir de raisin), aloe vera, phytost\u00e9rols, huile de graine de chanvre, dexpanth\u00e9nol, vitamine C, bisabolol, acide hyaluronique (bioferment\u00e9)<\/p>\n<h4>Ingr\u00e9dients :<\/h4>\n<p>aqua*, aloe barbadensis leaf juice*\/**, cucumis sativus (cucumber) seed extract*, morus alba bark extract*, hibiscus sabdariffa flower extract*, isoamyl laurate*, glycerin*\/**, glyceryl stearate citrate*, cedrus atlantica bark extract*, crambe abyssinica seed oil*, phytosterols*, cannabis sativa seed oil*\/**, butyrospermum parkii (shea) butter*\/**, cetearyl alcohol*, wine*, caesalpinia spinosa (tara seeds) gum*, cannabidiol (cbd), panthenol, sodium ascorbyl phosphate (stable vitamin c), glyceryl caprylate*, cyamopsis tetragonoloba<\/p>\n<p>(guar) gum*, xanthan gum*, tocopheryl acetate (stable vitamin e), bisabolol*, hyaluronic acid (biofermented)* dehydroacetic acid, fragrance (natural-organic)*\/**, sodium stearoyl glutamate*, maltodextrin*, oleyl alcohol*, dehydroacetic acid, fragrance (naturalorganic)*\/**, sodium levulinate*, potassium sorbate, sodium benzoate, citric acid, sodium phytate*, benzyl alcohol, inalool***, limonene***, citronellol***, geraniol***<\/p>\n<p>&nbsp;<\/p>\n<p>* Ingr\u00e9dients d&rsquo;origine naturelle (97,5 %) ** Ingr\u00e9dients issus de l&rsquo;agriculture bio (22,5 %) *** Le parfum est form\u00e9 par les composants des huiles essentielles bio naturelles<\/p>\n","protected":false},"excerpt":{"rendered":"<p>Le s\u00e9rum contour des yeux \u00e0\u00a0 sp\u00e9cialement \u00e9t\u00e9 con\u00e7u pour traiter les cernes et les poches sous les yeux.<\/p>\n<p>Compos\u00e9 de cannabidiol, d&rsquo;\u00e9lixir de raisin et divers autres ingr\u00e9dients pr\u00e9cieux de la nature, ce s\u00e9rum permet de r\u00e9duit les ridules de d\u00e9shydratation,\u00a0renforce le contour des yeux et favorise la microcirculation.<\/p>\n<p>Son effet anti-fatigue vous donne une apparence jeune et fra\u00eeche en r\u00e9duisant les cernes, les poches sous les yeux et les paupi\u00e8res gonfl\u00e9es.<\/p>\n<p>Avec sa fonction protectrice antioxydante, le s\u00e9rum est une alternative naturelle pour hydrater, repulper\u00a0et tonifier votre peau.<\/p>\n<p>Et bien sur sans parab\u00e8nes, sans paraffine, sans huiles de silicone, sans microplastiques et sans poly\u00e9thyl\u00e8ne glycol.<\/p>\n","protected":false},"featured_media":1034,"template":"","meta":[],"product_cat":[46],"product_tag":[],"_links":{"self":[{"href":"https:\/\/fillinx.site\/tropscbdtest\/wp-json\/wp\/v2\/product\/3437"}],"collection":[{"href":"https:\/\/fillinx.site\/tropscbdtest\/wp-json\/wp\/v2\/product"}],"about":[{"href":"https:\/\/fillinx.site\/tropscbdtest\/wp-json\/wp\/v2\/types\/product"}],"wp:featuredmedia":[{"embeddable":true,"href":"https:\/\/fillinx.site\/tropscbdtest\/wp-json\/wp\/v2\/media\/1034"}],"wp:attachment":[{"href":"https:\/\/fillinx.site\/tropscbdtest\/wp-json\/wp\/v2\/media?parent=3437"}],"wp:term":[{"taxonomy":"product_cat","embeddable":true,"href":"https:\/\/fillinx.site\/tropscbdtest\/wp-json\/wp\/v2\/product_cat?post=3437"},{"taxonomy":"product_tag","embeddable":true,"href":"https:\/\/fillinx.site\/tropscbdtest\/wp-json\/wp\/v2\/product_tag?post=3437"}],"curies":[{"name":"wp","href":"https:\/\/api.w.org\/{rel}","templated":true}]}}