{"id":3438,"date":"2023-09-13T12:12:52","date_gmt":"2023-09-13T12:12:52","guid":{"rendered":"https:\/\/fillinx.site\/tropscbdtest\/?post_type=product&#038;p=3438"},"modified":"2023-09-29T21:55:27","modified_gmt":"2023-09-29T21:55:27","slug":"boule-de-bain-detente","status":"publish","type":"product","link":"https:\/\/fillinx.site\/tropscbdtest\/produit\/boule-de-bain-detente\/","title":{"rendered":"Boule de bain d\u00e9tente"},"content":{"rendered":"<p>Les\u00a0<strong>boules de bain CBD VITAL<\/strong>, intensifient l&rsquo;exp\u00e9rience du bain et contribuent positivement \u00e0\u00a0 une\u00a0<strong>relaxation<\/strong>\u00a0n\u00e9cessaire apr\u00e8s une journ\u00e9e fatigante.<\/p>\n<p>Les propri\u00e9t\u00e9s\u00a0<strong>calmantes<\/strong>\u00a0et\u00a0<strong>\u00e9quilibrantes<\/strong>\u00a0du\u00a0<strong>CBD<\/strong>, offrent une exp\u00e9rience de spa\u00a0<strong>apaisante<\/strong>.<\/p>\n<p>Chaque boule de bain contient 100 mg CBD.<\/p>\n<p>L&rsquo;huile de noix de coco qu&rsquo;elle contient\u00a0<strong>hydrate<\/strong>\u00a0et rend la\u00a0<strong>peau douce<\/strong>\u00a0comme du velours.<\/p>\n<p>Les extraits d&rsquo;agrumes fruit\u00e9s intensifient l&rsquo;exp\u00e9rience de la cure r\u00e9g\u00e9n\u00e9ratrice, et favorisent la circulation sanguine et la\u00a0<strong>r\u00e9g\u00e9n\u00e9ration de la peau<\/strong>.<\/p>\n<p>Le parfum agr\u00e9able et frais du\u00a0<strong>pamplemousse<\/strong>\u00a0et de la\u00a0<strong>lavande<\/strong>\u00a0a un effet\u00a0<strong>calmant<\/strong>\u00a0durable. Il aide \u00e0\u00a0 se d\u00e9tendre et \u00e0\u00a0 se vider l&rsquo;esprit apr\u00e8s une dure journ\u00e9e.<\/p>\n<p>Les propri\u00e9t\u00e9s relaxantes de la lavande, plante traditionnelle, sont connues depuis longtemps.<\/p>\n<p>Ce rem\u00e8de m\u00e9nager tr\u00e8s connu, est utilis\u00e9 en cas d&rsquo;agitation int\u00e9rieure et contribue durablement \u00e0\u00a0 une relaxation profonde. La lavande joue \u00e9galement un r\u00f4le important dans l&rsquo;aromath\u00e9rapie, gr\u00e2ce \u00e0\u00a0 son odeur agr\u00e9able. Elle aide \u00e0\u00a0\u00a0<strong>d\u00e9tendre les muscles fatigu\u00e9s<\/strong>\u00a0(id\u00e9al pour la r\u00e9g\u00e9n\u00e9ration apr\u00e8s le sport).<\/p>\n<p>Un extrait de souci, compl\u00e8te le complexe d&rsquo;i<strong>ngr\u00e9dients naturels\u00a0<\/strong>et l&rsquo;<strong>extrait de calendula<\/strong>\u00a0apporte un soin\u00a0tout particulier \u00e0\u00a0 votre peau.<\/p>\n<p>Les personnes \u00e0\u00a0 la peau s\u00e8che, irrit\u00e9e ou sensible appr\u00e9cieront cet extrait\u00a0<strong>nourrissant<\/strong>.<\/p>\n<p>Associ\u00e9e aux autres pr\u00e9cieux ingr\u00e9dients de la nature, la<strong>\u00a0boule de bain CBD<\/strong>\u00a0est un v\u00e9ritable\u00a0<strong>soin complet<\/strong>\u00a0et\u00a0<strong>relaxant<\/strong>\u00a0pour le\u00a0<strong>corps<\/strong>\u00a0et\u00a0<strong>l&rsquo;esprit<\/strong>.<\/p>\n<h1>Utilisation<\/h1>\n<p>&#8211;\u00a0Remplissez\u00a0votre baignoire d&rsquo;eau chaude et retirez soigneusement la boule de bain de l&#8217;emballage.<\/p>\n<p>&#8211;\u00a0Placez la boule de bain dans la baignoire et attendez qu&rsquo;elle soit compl\u00e8tement dissoute dans une eau bouillonnante.<\/p>\n<p>&#8211;\u00a0Profitez de votre bain relaxant\u00a0et d\u00e9tendez-vous.<\/p>\n<p>&nbsp;<\/p>\n<h4><strong>INGR\u00e0\u2030DIENTS :<\/strong><\/h4>\n<p>bicarbonate de sodium* acide citrique*, amidon de zea mays*, huile de fruit d&rsquo;olea europaea*, huile de noix de cocos ucifera*\/** huile de graines de butyrospermum parkii*\/**, extrait de fleur de calendula officinalis*\/** cannabidiol (cbd), kaoiln*, mica*, lavandula angustifolia flower oil*\/**, citrus paradisi peel oil*\/**, lavandula angustifolia flower*, limonene***, linalool***<\/p>\n<p>* Ingr\u00e9dients d&rsquo;origine naturelle (99%)<\/p>\n<p>** Ingr\u00e9dients issus de l&rsquo;agriculture biologique<\/p>\n<p>*** Composants des huiles essentielles naturelles<\/p>\n<p>Ne convient pas \u00e0\u00a0 la consommation. Pour un usage externe. Les boules de bain CBD VITAL PREMIUM sont stock\u00e9es dans un endroit frais et sec. Boules de bain en papier d&rsquo;aluminium biod\u00e9gradable.<\/p>\n<h1>Informations compl\u00e9mentaires<\/h1>\n<p>&#8211; \u00c9viter le contact avec les yeux.<\/p>\n<p>&#8211;\u00a0En cas de contact avec les yeux, rincez directement \u00e0\u00a0 l&rsquo;eau.<\/p>\n<p>&#8211;\u00a0Ne pas manger.<\/p>\n","protected":false},"excerpt":{"rendered":"<p>Vous \u00eates \u00e0\u00a0 la recherche d&rsquo;une exp\u00e9rience\u00a0<strong>apaisante<\/strong>\u00a0pour plus de\u00a0<strong>bien-\u00eatre<\/strong>\u00a0et d&rsquo;\u00e9quilibre int\u00e9rieur?<\/p>\n<p>Alors n&rsquo;h\u00e9sitez plus, les boules de bain vous procureront une\u00a0<strong>d\u00e9tente<\/strong>\u00a0intense et une\u00a0<strong>peau douce<\/strong>\u00a0et\u00a0<strong>volupt\u00e9<\/strong>\u00a0gr\u00e2ce \u00e0\u00a0 ces composants 100% naturels.<\/p>\n<p>Sans savon, les boules de bain\u00a0<strong>CBD<\/strong>\u00a0Vital prennent soins des peaux\u00a0hypersensibles notamment gr\u00e2ce \u00e0\u00a0 l&rsquo;extrait de calendula, associ\u00e9e aux autres pr\u00e9cieux ingr\u00e9dients de la nature<\/p>\n<p>Soutien naturel lors de journ\u00e9es stressantes, elles vous apporteront la paix int\u00e9rieure et l&rsquo;\u00e9quilibre.<\/p>\n<p>Id\u00e9al pour se d\u00e9tendre et se calmer au quotidien\u00a0pour une r\u00e9g\u00e9n\u00e9ration compl\u00e8te apr\u00e8s le sport.<\/p>\n","protected":false},"featured_media":1036,"template":"","meta":[],"product_cat":[46],"product_tag":[],"_links":{"self":[{"href":"https:\/\/fillinx.site\/tropscbdtest\/wp-json\/wp\/v2\/product\/3438"}],"collection":[{"href":"https:\/\/fillinx.site\/tropscbdtest\/wp-json\/wp\/v2\/product"}],"about":[{"href":"https:\/\/fillinx.site\/tropscbdtest\/wp-json\/wp\/v2\/types\/product"}],"wp:featuredmedia":[{"embeddable":true,"href":"https:\/\/fillinx.site\/tropscbdtest\/wp-json\/wp\/v2\/media\/1036"}],"wp:attachment":[{"href":"https:\/\/fillinx.site\/tropscbdtest\/wp-json\/wp\/v2\/media?parent=3438"}],"wp:term":[{"taxonomy":"product_cat","embeddable":true,"href":"https:\/\/fillinx.site\/tropscbdtest\/wp-json\/wp\/v2\/product_cat?post=3438"},{"taxonomy":"product_tag","embeddable":true,"href":"https:\/\/fillinx.site\/tropscbdtest\/wp-json\/wp\/v2\/product_tag?post=3438"}],"curies":[{"name":"wp","href":"https:\/\/api.w.org\/{rel}","templated":true}]}}