{"id":3439,"date":"2023-09-13T12:12:52","date_gmt":"2023-09-13T12:12:52","guid":{"rendered":"https:\/\/fillinx.site\/tropscbdtest\/?post_type=product&#038;p=3439"},"modified":"2023-09-29T08:37:14","modified_gmt":"2023-09-29T08:37:14","slug":"baume-chauffant-250-mg-cbd","status":"publish","type":"product","link":"https:\/\/fillinx.site\/tropscbdtest\/produit\/baume-chauffant-250-mg-cbd\/","title":{"rendered":"Baume chauffant 250 mg CBD"},"content":{"rendered":"<p>Le Baume chauffant \u00ab Arthro warm \u00bb, est un baume chauffant pour les muscles et les articulations. Il\u00a0vous aidera\u00a0\u00e0\u00a0\u00a0<strong>soulager les tensions<\/strong>\u00a0et \u00e0\u00a0\u00a0<strong>d\u00e9tendre\u00a0vos muscles<\/strong>.<\/p>\n<p>L&rsquo;extrait de\u00a0<strong>Capsicum<\/strong>, \u00e9galement connu sous le nom de\u00a0<strong>piment rouge<\/strong>, procure une agr\u00e9able sensation de chaleur. Associ\u00e9 au\u00a0<strong>camphre<\/strong>, il stimule la circulation sanguine et favorise ainsi l&rsquo;oxyg\u00e9nation des muscles.<\/p>\n<p>Des ingr\u00e9dients\u00a0<strong>apaisants<\/strong>\u00a0comme le\u00a0<strong>dexpanth\u00e9nol<\/strong>\u00a0et\u00a0<strong>l&rsquo;aloe vera<\/strong>\u00a0assurent une application agr\u00e9able sur la peau et une tol\u00e9rance maximale, m\u00eame avec les peaux sensibles.<\/p>\n<p>L&rsquo;effet\u00a0<strong>relaxant<\/strong>\u00a0des ingr\u00e9dients du baume chauffant \u00ab Arthro warm \u00bb, encourage \u00e9galement la mobilit\u00e9.<\/p>\n<p>Lorsque le baume est appliqu\u00e9 avant le sport, l&rsquo;effet de chaleur aide \u00e0\u00a0 r\u00e9duire le risque de blessure.<\/p>\n<p>Le gel a \u00e9t\u00e9 d\u00e9velopp\u00e9 pour une utilisation \u00e0\u00a0 long terme dans le but de traiter les probl\u00e8mes musculaires et articulaires tenaces, et il est compos\u00e9 d&rsquo;ingr\u00e9dients naturels qui ont fait leurs preuves.<\/p>\n<p>Le cannabidiol (CBD) qu&rsquo;il contient est connu pour ses effets b\u00e9n\u00e9fiques sur les muscles.<\/p>\n<p>Le Baume chauffant \u00ab Arthro warm \u00bb, est un produit cosm\u00e9tique bio. Par cons\u00e9quent, il ne contient pas de paraffine, de silicone, d&rsquo;huiles min\u00e9rales, de PEG, de sulfates et de parab\u00e8nes.<\/p>\n<h1>Utilisation<\/h1>\n<p>Sur la ou les zones \u00e0\u00a0 soulager, masser le baume CBD Arthro warm 1 \u00e0\u00a0 2 fois par jour ou plus si n\u00e9cessaire jusqu&rsquo;\u00e0\u00a0 p\u00e9n\u00e9tration compl\u00e8te.<\/p>\n<p>La sensation de chaleur dure pendant environ 30 \u00e0\u00a0 60 minutes.<\/p>\n<h4><strong>Remarques :<\/strong><\/h4>\n<p>&nbsp;<\/p>\n<p>&#8211; Veuillez noter que la transpiration, l&rsquo;utilisation d&rsquo;un sauna ou le port de v\u00eatements chauds peuvent augmenter cet effet de chaleur.<\/p>\n<p>&#8211; Comme le baume contient de la capsa\u00efcine\/du piment rouge, nettoyer soigneusement vos mains apr\u00e8s l&rsquo;application et \u00e9viter tout contact avec les yeux.<\/p>\n<p>&#8211; Ne pas appliquer sur une peau irrit\u00e9e et l\u00e9s\u00e9e, des plaies, des varices ou les muqueuses.<\/p>\n<p>&#8211; Ne convient pas aux nourrissons et aux enfants en bas-\u00e2ge.<\/p>\n<p>&nbsp;<\/p>\n<h4><strong>Complexe d&rsquo;ingr\u00e9dients pr\u00e9cieux :<\/strong><\/h4>\n<p>Cannabidiol (250 mg), menthol, camphre, huile essentielle de gaulth\u00e9rie, huile essentielle d&rsquo;orange, extrait de gingembre, extrait de capsicum, dexpanth\u00e9nol, huile essentielle de clou de girofle, aloe vera<\/p>\n<p>&nbsp;<\/p>\n<h4><strong>INGR\u00c9DIENTS :<\/strong><\/h4>\n<p>aqua*, alcohol*\/**, aloe barbadensis leaf juice*\/**, glycerin*\/**, menthol*, gaultheria procumbens leaf oil (methyl salicylate)*, camphor, citrus aurantium dulcis (orange sweet) peel oil*, zingiber officinale (ginger) root extract*\/**, polyglyceryl-10 laurate*, ammonium acryloyldimethyltaurate\/ vp copolymer, capsicum frutescens (chili) fruit extract*\/**, cannabidiol (cbd)*, eugenia caryophyllus (clove) bud oil*\/**, cyamopsis tetragonoloba (guar) gum*, xanthan gum*, panthenol, limonene***, linalool***, eugenol***, geraniol***, citral***, citronellol***, isoeugenol***, benzyl alcohol***<\/p>\n<p>* Ingr\u00e9dients d&rsquo;origine naturelle (97,5 %) ** Ingr\u00e9dients provenant de cultures bio (42,5 %) *** Composant issus des huiles essentielles naturelles et parfum d&rsquo;origine naturelle<\/p>\n","protected":false},"excerpt":{"rendered":"<p>Le<strong>\u00a0Baume chauffant<\/strong>\u00a0\u00ab Arthro warm \u00bb, est un baume chauffant pour les muscles et les articulations. Il aide \u00e0\u00a0\u00a0<strong>soulager<\/strong>\u00a0les tensions et \u00e0\u00a0 d\u00e9tendre les muscles.<\/p>\n<p>Il favorise notamment la r\u00e9g\u00e9n\u00e9ration des muscles fatigu\u00e9s et des articulations trop sollicit\u00e9s. Pour les personnes souffrant de certaines douleurs il peut \u00eatre efficace pour vous soulger gr\u00e2ce \u00e0\u00a0 sa concentration de 250mg de CBD.<\/p>\n<p>Il procure une sensation de chaleur imm\u00e9diate (avec la capsa\u00efcine\/piment chauffant ),\u00a0et stimule la circulation sanguine.<\/p>\n<p>Le baume chauffant est un\u00a0<strong>cosm\u00e9tique bio certifi\u00e9<\/strong>\u00a0contenant plus de\u00a097%\u00a0d&rsquo;ingr\u00e9dients naturels.<\/p>\n","protected":false},"featured_media":1037,"template":"","meta":[],"product_cat":[46],"product_tag":[],"_links":{"self":[{"href":"https:\/\/fillinx.site\/tropscbdtest\/wp-json\/wp\/v2\/product\/3439"}],"collection":[{"href":"https:\/\/fillinx.site\/tropscbdtest\/wp-json\/wp\/v2\/product"}],"about":[{"href":"https:\/\/fillinx.site\/tropscbdtest\/wp-json\/wp\/v2\/types\/product"}],"wp:featuredmedia":[{"embeddable":true,"href":"https:\/\/fillinx.site\/tropscbdtest\/wp-json\/wp\/v2\/media\/1037"}],"wp:attachment":[{"href":"https:\/\/fillinx.site\/tropscbdtest\/wp-json\/wp\/v2\/media?parent=3439"}],"wp:term":[{"taxonomy":"product_cat","embeddable":true,"href":"https:\/\/fillinx.site\/tropscbdtest\/wp-json\/wp\/v2\/product_cat?post=3439"},{"taxonomy":"product_tag","embeddable":true,"href":"https:\/\/fillinx.site\/tropscbdtest\/wp-json\/wp\/v2\/product_tag?post=3439"}],"curies":[{"name":"wp","href":"https:\/\/api.w.org\/{rel}","templated":true}]}}