{"id":3441,"date":"2023-09-13T12:12:53","date_gmt":"2023-09-13T12:12:53","guid":{"rendered":"https:\/\/fillinx.site\/tropscbdtest\/?post_type=product&#038;p=3441"},"modified":"2023-09-29T08:35:54","modified_gmt":"2023-09-29T08:35:54","slug":"baume-sos","status":"publish","type":"product","link":"https:\/\/fillinx.site\/tropscbdtest\/produit\/baume-sos\/","title":{"rendered":"Baume SOS"},"content":{"rendered":"<h1>Le super pouvoir du CBD pour aider les peaux \u00e0\u00a0 probl\u00e8mes<\/h1>\n<p>&nbsp;<\/p>\n<p>Gr\u00e2ce \u00e0\u00a0 sa combinaison de\u00a0<strong>cannabidiol<\/strong>\u00a0(<strong>CBD<\/strong>) et autres\u00a0<strong>extraits naturels de plantes<\/strong>, le baume SOS riche en\u00a0 CBD, r\u00e9duit les r\u00e9actions cutan\u00e9es ind\u00e9sirables et stabilise le\u00a0<strong>syst\u00e8me immunitaire<\/strong>\u00a0de la peau.<\/p>\n<p>De plus, le\u00a0<strong>CBD<\/strong>\u00a0est consid\u00e9r\u00e9 comme un\u00a0<strong>anti-inflammatoire<\/strong>\u00a0et un\u00a0<strong>analg\u00e9sique tr\u00e8s efficace<\/strong>. Il soutient le processus de r\u00e9g\u00e9n\u00e9ration de la peau.<\/p>\n<p>Le Baume SOS contient beaucoup de\u00a0<strong>cannabidiol<\/strong>\u00a0avec ses 300 mg de CBD activ\u00e9.<\/p>\n<h4>D&rsquo;autres ingr\u00e9dients pr\u00e9cieux aident \u00e9galement \u00e0\u00a0 soutenir le bon fonctionnement de la peau.<\/h4>\n<p>Les\u00a0<strong>extraits de souci<\/strong>\u00a0et de\u00a0<strong>romarin<\/strong>\u00a0ont un effet nourrissant et calmant.<\/p>\n<p>Les\u00a0<strong>squal\u00e8nes de haute qualit\u00e9<\/strong>\u00a0procurent une hydratation optimale \u00e0\u00a0 la peau.<\/p>\n<p>L<strong>&lsquo;acide gamma-linol\u00e9nique<\/strong>\u00a0contenu dans l&rsquo;huile de\u00a0<strong>graines de chanvre<\/strong>\u00a0et l&rsquo;<strong>huile d&rsquo;onagre<\/strong>\u00a0aide \u00e0\u00a0 soulager les probl\u00e8mes de peau et inhibe l&rsquo;inflammation.<\/p>\n<p>Enfin, la\u00a0<strong>vitamine E antioxydante<\/strong>, contribue \u00e9galement \u00e0\u00a0 augmenter l&rsquo;\u00e9lasticit\u00e9 et la r\u00e9sistance de la peau.<\/p>\n<p>Il peut \u00e9galement \u00eatre utilis\u00e9 pour soigner la\u00a0<strong>neurodermatite<\/strong>\u00a0ou soulager les peaux sujettes au\u00a0<strong>psoriasis<\/strong>.<\/p>\n<p>En raison de ses\u00a0<strong>ingr\u00e9dients purs et naturels<\/strong>\u00a0(cosm\u00e9tiques naturels), le baume peut \u00eatre utilis\u00e9 \u00e0\u00a0 long terme.<\/p>\n<p>Il est exempt de paraffine, de silicone et d&rsquo;huiles min\u00e9rales controvers\u00e9es et ne contient pas de PEG, de sulfates ou de parab\u00e8nes.<\/p>\n<h1>Utilisation<\/h1>\n<p>Appliquez le baume SOS CBD sur la peau, 2 \u00e0\u00a0 3 fois par jour ou plus si n\u00e9cessaire.<\/p>\n<p>&nbsp;<\/p>\n<p>Ne convient pas aux nourrissons et aux enfants en bas-\u00e2ge.<\/p>\n<p>&nbsp;<\/p>\n<h4><strong>Complexe d&rsquo;ingr\u00e9dients pr\u00e9cieux :<\/strong><\/h4>\n<p>Cannabidiol (300 mg), huile de graines de chanvre, huile de tournesol, huile d&rsquo;onagre, extrait de souci, squalane, extrait de romarin, vitamine E<\/p>\n<p>&nbsp;<\/p>\n<h4><strong>INGR\u00c9DIENTS :<\/strong><\/h4>\n<p>Olus Oil*\/**, Cannabis Sativa (Hemp) Seed Oil*\/**, Butyrospermum<\/p>\n<p>Parkii (Shea) Butter*\/**, Lanolin*, Cera Alba*\/**, Helianthus Annuus Seed Oil*, Oenothera<\/p>\n<p>Biennis (Evening Primrose) Oil*\/**, Squalane*, Tocopherol*, Hydrogenated Vegetable Oil*,<\/p>\n<p>Cannabidiol (Cbd)*, Calendula Officinalis (Marigold) Flower Extract*\/**, Fragrance (Natural)***, Rosmarinus Officinalis (Rosemary) Leaf Extract*\/**<\/p>\n<p>*Ingr\u00e9dients d&rsquo;origine naturelle (100 %) ** Ingr\u00e9dients issu de l&rsquo;agriculture biologique (72 %) *** Le parfum est constitu\u00e9 de composants sans allerg\u00e8nes des huiles essentielles bio naturelles<\/p>\n","protected":false},"excerpt":{"rendered":"<p>La barri\u00e8re protectrice naturelle de la peau, est souvent agress\u00e9e par les conditions environnementales et des lavages fr\u00e9quents. Il peut alors apparaitre des rougeurs, des d\u00e9mangeaisons, des ger\u00e7ures et des crevasses.<\/p>\n<p>Le baume SOS, vous permet de soulager\u00a0la peau irrit\u00e9e et s\u00e8che, r\u00e9duit les d\u00e9mangeaisons et les sensations de tiraillement.<\/p>\n<p>Il restaure la barri\u00e8re cutan\u00e9 normale tout en hydratant et en nourrissant votre peau.<\/p>\n<p>Le CBD extrait du chanvre, a un effet calmant et veille \u00e0\u00a0 ce que les allerg\u00e8nes, les stimulus, les bact\u00e9ries ou les substances chimiques provoquant l&rsquo;ecz\u00e9ma, ne puissent plus nuire \u00e0\u00a0 la peau.<\/p>\n<p>&nbsp;<\/p>\n<p>Le Baume SOS est une alternative naturelle \u00e0\u00a0 la cortisone et est sans effets secondaires et peut \u00eatre utilis\u00e9e \u00e0\u00a0 long terme en raison de ses ingr\u00e9dients purs et naturels<\/p>\n","protected":false},"featured_media":1041,"template":"","meta":[],"product_cat":[46],"product_tag":[],"_links":{"self":[{"href":"https:\/\/fillinx.site\/tropscbdtest\/wp-json\/wp\/v2\/product\/3441"}],"collection":[{"href":"https:\/\/fillinx.site\/tropscbdtest\/wp-json\/wp\/v2\/product"}],"about":[{"href":"https:\/\/fillinx.site\/tropscbdtest\/wp-json\/wp\/v2\/types\/product"}],"wp:featuredmedia":[{"embeddable":true,"href":"https:\/\/fillinx.site\/tropscbdtest\/wp-json\/wp\/v2\/media\/1041"}],"wp:attachment":[{"href":"https:\/\/fillinx.site\/tropscbdtest\/wp-json\/wp\/v2\/media?parent=3441"}],"wp:term":[{"taxonomy":"product_cat","embeddable":true,"href":"https:\/\/fillinx.site\/tropscbdtest\/wp-json\/wp\/v2\/product_cat?post=3441"},{"taxonomy":"product_tag","embeddable":true,"href":"https:\/\/fillinx.site\/tropscbdtest\/wp-json\/wp\/v2\/product_tag?post=3441"}],"curies":[{"name":"wp","href":"https:\/\/api.w.org\/{rel}","templated":true}]}}