{"id":3444,"date":"2023-09-13T12:12:53","date_gmt":"2023-09-13T12:12:53","guid":{"rendered":"https:\/\/fillinx.site\/tropscbdtest\/?post_type=product&#038;p=3444"},"modified":"2023-09-29T21:55:17","modified_gmt":"2023-09-29T21:55:17","slug":"creme-cbd-clearifying-skin","status":"publish","type":"product","link":"https:\/\/fillinx.site\/tropscbdtest\/produit\/creme-cbd-clearifying-skin\/","title":{"rendered":"Cr\u00e9me CBD Clearifying Skin"},"content":{"rendered":"<h1>Soin antioxydant contre le vieillissement pr\u00e9matur\u00e9 de la peau<\/h1>\n<h2>Parce que votre peau et votre apparence ne m\u00e9ritent que le meilleur<\/h2>\n<p>L&rsquo;exc\u00e8s de s\u00e9bum fait non seulement briller la peau, mais obstrue \u00e9galement les pores et les glandes s\u00e9bac\u00e9es (com\u00e9dons).<\/p>\n<p>Cela entra\u00eene la congestion des pores et la formation des points noirs (<strong>acn\u00e9 com\u00e9donique<\/strong>). Si vous appuyez dessus ou si vous les pressez, vous irriterez \u00e9galement votre peau et d\u00e9formerez d\u00e9finitivement vos pores.<\/p>\n<p>Le s\u00e9bum est d\u00e9compos\u00e9 par le corps, mais sa d\u00e9gradation produit des\u00a0<strong>acides gras libres<\/strong>\u00a0qui irritent les tissus environnants et favorisent l&rsquo;inflammation. Une fois les points noirs form\u00e9s, la peau est particuli\u00e8rement sensible aux infections et au d\u00e9veloppement de boutons, nodules (papules) ou pustules suppl\u00e9mentaires.<\/p>\n<p>Le\u00a0<strong>cannabidiol<\/strong>\u00a0(<strong>CBD<\/strong>), qui est obtenu \u00e0\u00a0 partir de chanvre, est un ingr\u00e9dient pr\u00e9cieux entrant dans la composition de nombreux produits de soins de la peau modernes, car il r\u00e9duit les r\u00e9actions cutan\u00e9es ind\u00e9sirables, favorise la r\u00e9g\u00e9n\u00e9ration des cellules de la peau et poss\u00e8de des\u00a0<strong>propri\u00e9t\u00e9s anti-inflammatoires<\/strong>.<\/p>\n<p>De plus, le\u00a0<strong>CBD<\/strong>\u00a0r\u00e9gule la production de s\u00e9bum et neutralise ainsi l&rsquo;origine des peaux grasses \u00e0\u00a0 imperfections. Il supprime le terrain propice aux infections bact\u00e9riennes.<\/p>\n<p>Avec 200 mg de CBD, Clearifying Skin contient une quantit\u00e9 particuli\u00e8rement \u00e9lev\u00e9e de cannabidiol actif.<\/p>\n<p>L&rsquo;<strong>aloe vera<\/strong>\u00a0apaise la peau et l&rsquo;hydrate en conjonction avec de l&rsquo;<strong>acide hyaluronique<\/strong>.<\/p>\n<p>Les\u00a0<strong>acylphloroglucinols d&rsquo;Acnylis\u00ae<\/strong>\u00a0ont un effet\u00a0<strong>antibact\u00e9rien<\/strong>\u00a0et r\u00e9duisent ainsi la colonisation par certaines bact\u00e9ries (<strong>Propionibacterium acnes<\/strong>).<\/p>\n<p>Le\u00a0<strong>bisabolol<\/strong>, est un agent\u00a0<strong>anti-inflammatoire<\/strong>\u00a0d\u00e9riv\u00e9 de l&rsquo;huile essentielle de\u00a0<strong>camomille<\/strong>.<\/p>\n<p>L&rsquo;extrait d&rsquo;\u00e9corce de Ximenia (Xymelis 45\u00ae) et l&rsquo;huile essentielle de\u00a0<strong>lavande<\/strong>\u00a0ont des\u00a0<strong>propri\u00e9t\u00e9s apaisantes<\/strong>\u00a0et\u00a0<strong>\u00e9mollientes<\/strong>\u00a0pour la peau.<\/p>\n<p>L&rsquo;extrait de\u00a0<strong>graines d&rsquo;\u00e9glantier<\/strong>\u00a0(rose musqu\u00e9e) riche en vitamines est un rem\u00e8de qui a fait ses preuves avec les probl\u00e8mes de peau et assure une peau \u00e9clatante et uniforme.<\/p>\n<p>Enfin le\u00a0<strong>dexpanth\u00e9nol<\/strong>\u00a0favorise la r\u00e9g\u00e9n\u00e9ration de la peau.<\/p>\n<p>&nbsp;<\/p>\n<h1>Utilisations<\/h1>\n<p>Appliquer\u00a0la cr\u00e8me CBD Clearifying Skin sur la peau 2 \u00e0\u00a0 3 fois par jour ou plus si n\u00e9cessaire.<\/p>\n<p>Ne convient pas aux nourrissons et aux enfants en bas-\u00e2ge.<\/p>\n<p>&nbsp;<\/p>\n<h4>Complexe d&rsquo;ingr\u00e9dients pr\u00e9cieux :<\/h4>\n<p>Cannabidiol (200 mg), aloe vera, extrait de graines d&rsquo;\u00e9glantier, dexpanth\u00e9nol, Xymelis 45\u00ae, bisabolol, vitamine E, huile essentielle de lavande, acide hyaluronique<\/p>\n<h4>INGR\u00c9DIENTS :<\/h4>\n<p>aqua*, aloe barbadensis leaf juice*\/**, glycerin*\/**, isoamyl laurate*, glyceryl stearate citrate*, rhodomyrtus tomentosa (rose myrtle) fruit extract*, propanediol*, butyrospermum parkii (shea) butter*\/**, cetearyl alcohol*, rosa canina (rosehip) seed extract*\/**, panthenol, ximenia americana bark extract*, cannabidiol (cbd), glyceryl caprylate*, cyamopsis tetragonoloba (guar) gum*, xanthan gum*, tocopheryl acetate (stable vitamin e), bisabolol*, hyaluronic acid (biofermented)* dehydroacetic acid, lavandula angustifolia flower oil*\/**, fragrance (naturalorganic)*\/**, citrus limon peel oil*, pelargonium graveolens flower oil*, sodium stearoyl glutamate*, sodium levulinate*, potassium sorbate, citric acid, sodium phytate*, benzyl alcohol, citronellol***, geraniol***,linalool***, citral***, limonene***, coumarin***<\/p>\n<p>* Ingr\u00e9dients d&rsquo;origine naturelle (97,5 %) ** Ingr\u00e9dients issus de l&rsquo;agriculture biologique<\/p>\n<p>(21 %) *** Composants issus des huiles essentielles naturelles et parfum d&rsquo;origine naturelle<\/p>\n","protected":false},"excerpt":{"rendered":"<p>L&rsquo;acn\u00e9 et les boutons sont des probl\u00e8mes qui surviennent principalement pendant la pubert\u00e9. \u00e0\u20ac ce stade de la vie, le changement hormonal favorise la formation des imperfections cutan\u00e9es. Mais de nombreux adultes souffrent \u00e9galement de glandes s\u00e9bac\u00e9es hyperactives et donc d&rsquo;une production de s\u00e9bum accrue.<\/p>\n<p>L&rsquo;exc\u00e8s de s\u00e9bum fait non seulement briller la peau, mais obstrue \u00e9galement les pores et les glandes s\u00e9bac\u00e9es (com\u00e9dons).<\/p>\n<p>La cr\u00e8me CBD Clearifying SkinCBD, stabilise le pH naturel et le syst\u00e8me immunitaire de la peau pour une am\u00e9lioration durable du teint.<\/p>\n<p>Gr\u00e2ce \u00e0\u00a0 ses ingr\u00e9dients de haute qualit\u00e9, la cr\u00e8me CBD Clearifying Skin r\u00e9g\u00e9n\u00e8re et nourrit les peaux irrit\u00e9es, grasses, produisant beaucoup de s\u00e9bum<\/p>\n<p>Elle permet de nettoyer et de purifier les glandes s\u00e9bac\u00e9es obstru\u00e9es\u00a0tout en r\u00e9duisant les imperfections cutan\u00e9es telles que l&rsquo;acn\u00e9, les boutons ou les points noirs<\/p>\n<p>Sans cortisone\u00a0cette cr\u00e8me\u00a0peut \u00eatre utilis\u00e9e \u00e0\u00a0 long terme.<\/p>\n","protected":false},"featured_media":1062,"template":"","meta":[],"product_cat":[46],"product_tag":[],"_links":{"self":[{"href":"https:\/\/fillinx.site\/tropscbdtest\/wp-json\/wp\/v2\/product\/3444"}],"collection":[{"href":"https:\/\/fillinx.site\/tropscbdtest\/wp-json\/wp\/v2\/product"}],"about":[{"href":"https:\/\/fillinx.site\/tropscbdtest\/wp-json\/wp\/v2\/types\/product"}],"wp:featuredmedia":[{"embeddable":true,"href":"https:\/\/fillinx.site\/tropscbdtest\/wp-json\/wp\/v2\/media\/1062"}],"wp:attachment":[{"href":"https:\/\/fillinx.site\/tropscbdtest\/wp-json\/wp\/v2\/media?parent=3444"}],"wp:term":[{"taxonomy":"product_cat","embeddable":true,"href":"https:\/\/fillinx.site\/tropscbdtest\/wp-json\/wp\/v2\/product_cat?post=3444"},{"taxonomy":"product_tag","embeddable":true,"href":"https:\/\/fillinx.site\/tropscbdtest\/wp-json\/wp\/v2\/product_tag?post=3444"}],"curies":[{"name":"wp","href":"https:\/\/api.w.org\/{rel}","templated":true}]}}