{"id":3449,"date":"2023-09-13T12:12:54","date_gmt":"2023-09-13T12:12:54","guid":{"rendered":"https:\/\/fillinx.site\/tropscbdtest\/?post_type=product&#038;p=3449"},"modified":"2024-05-10T15:00:26","modified_gmt":"2024-05-10T13:00:26","slug":"huile-soin-visage","status":"publish","type":"product","link":"https:\/\/fillinx.site\/tropscbdtest\/produit\/huile-soin-visage\/","title":{"rendered":"Huile soin visage"},"content":{"rendered":"<h1>Soin anti-\u00e2ge nourrissant<\/h1>\n<p>Le complexe d&rsquo;actifs antioxydants nourrit la peau et lui apporte plus de fermet\u00e9 et d&rsquo;\u00e9clat.<\/p>\n<p>Le\u00a0<strong>cannabidiol<\/strong>\u00a0du\u00a0<strong>chanvre<\/strong>, cl\u00e9 essentielle du succ\u00e8s, active le renouvellement cellulaire, prot\u00e8ge et r\u00e9pare la peau.<\/p>\n<p>De plus, le\u00a0<strong>cannabidiol<\/strong>\u00a0peut arr\u00eater l&rsquo;inflammation qui peut survenir avec le vieillissement.<\/p>\n<p><strong>Astaplancton\u00aeHA<\/strong>, est un extrait des microalgues\u00a0<strong>Haematococcus pluviali<\/strong>s riche en\u00a0<strong>astaxanthine<\/strong>. Il active l&rsquo;activit\u00e9 cellulaire, stimule le m\u00e9tabolisme cellulaire et neutralise les dommages cutan\u00e9s induits par les UV. Avec ses<strong>\u00a0propri\u00e9t\u00e9s protectrices<\/strong>\u00a0\u00e9lev\u00e9es contre les radicaux libres et les dommages induits par les UV, Astaplancton\u00ae HA aide \u00e0\u00a0 retarder le vieillissement cutan\u00e9.<\/p>\n<p>L&rsquo;extrait de\u00a0<strong>graines d&rsquo;\u00e9glantier<\/strong>\u00a0favorise l&rsquo;\u00e9lasticit\u00e9 du r\u00e9seau de collag\u00e8ne cutan\u00e9 et renforce les structures du tissu conjonctif dans les couches profondes de la peau.<\/p>\n<p>Le\u00a0<strong>crambisol<\/strong>\u00a0r\u00e9gule la perte d&rsquo;hydratation, stimule le processus de r\u00e9g\u00e9n\u00e9ration, lisse la peau, soutient la reconstruction de la barri\u00e8re cutan\u00e9e et est responsable de la consistance agr\u00e9able et onctueuse de l&rsquo;huile appliqu\u00e9e sur la peau.<\/p>\n<p>Agissant de concert avec\u00a0<strong>l&rsquo;immortelle<\/strong>, il poss\u00e8de de puissantes propri\u00e9t\u00e9s rajeunissantes. On pr\u00eate des propri\u00e9t\u00e9s\u00a0<strong>anti-inflammatoires<\/strong>\u00a0et\u00a0<strong>antimicrobiennes<\/strong>\u00a0au\u00a0<strong>bisabolol<\/strong>, le principal ingr\u00e9dient actif de l&rsquo;huile essentielle de camomille. Le\u00a0<strong>bisabolol<\/strong>\u00a0<strong>apaisant<\/strong>\u00a0est hypoallerg\u00e9nique et peut \u00e9galement \u00eatre utilis\u00e9 en cas d&rsquo;allergies.<\/p>\n<p>La\u00a0<strong>vitamine E<\/strong>\u00a0et l&rsquo;extrait de\u00a0<strong>romarin<\/strong>\u00a0sont des antioxydants puissants suppl\u00e9mentaires, qui prot\u00e8gent et r\u00e9g\u00e9n\u00e8rent les structures cutan\u00e9es.<\/p>\n<p>Les huiles v\u00e9g\u00e9tales telles que l&rsquo;huile de graine de chanvre, l&rsquo;<strong>huile de jojoba<\/strong>\u00a0et l&rsquo;<strong>huile de macadamia<\/strong>, qui se distinguent par leur composition exceptionnelle en acides gras, sont utilis\u00e9es comme bases nourrissantes.<\/p>\n<h1><\/h1>\n<h1>Utilisation<\/h1>\n<p>Tamponnez 2-3 gouttes d&rsquo;huile de soin concentr\u00e9e sur vos joues, votre front, votre menton, votre cou et votre d\u00e9collet\u00e9. Id\u00e9al en combinaison avec la cr\u00e8me\u00a0<strong>anti-rides<\/strong>\u00a0ou le<strong>\u00a0lifting s\u00e9rum<\/strong>\u00a0comme booster d&rsquo;hydratation.<\/p>\n<p>L&rsquo;huile de soin peut \u00e9galement \u00eatre utilis\u00e9e comme masque ou pour intensifier les soins de jour et de nuit. Ajoutez simplement 2-3 gouttes dans votre cr\u00e8me de jour ou de nuit.<\/p>\n<p>\u00e0\u2030viter le contour des yeux.<\/p>\n<p>Sans parab\u00e8nes, sans paraffine, sans huiles de silicone, sans microplastiques, sans poly\u00e9thyl\u00e8ne glycol<\/p>\n<p>&nbsp;<\/p>\n<h4><strong>Complexe de principes actifs :<\/strong><\/h4>\n<p>Cannabidiol (100 mg), Astaplancton\u00ae HA, extrait de graines d&rsquo;\u00e9glantier, crambisol, vitamine E (naturelle), bisabolol, immortelle, extrait de romarin, huile de graines de chanvre, huile de jojoba, huile de macadamia<\/p>\n<h4><strong>INGR\u00c9DIENTS:<\/strong><\/h4>\n<p>aqua*, aloe barbadensis leaf juice*\/**, gmacadamia integrifolia seed oil*\/**, squalane (olive)*, dicaprylyl ether*, rosa canina (rosehip) seed extract*\/**, simmondsia chinensis (jojoba) seed oil*\/**, crambe abyssinica seed oil*, phytosterols*, cannabis sativa seed oil*\/**, haematococcus pluvialis extract (astaxanthin source)*, tocopherol (vitamin e)*, cannabidiol*, bisabolol*, helichrysum italicum flower oil*\/**, fragrance (natural)*, rosmarinus officinalis (rosemary) leaf extract*\/**, helianthus annuus seed oil*\/**, oleyl alcohol*, geraniol***, inalool***, limonene***<\/p>\n<p>* Ingr\u00e9dients d&rsquo;origine naturelle (100 %)\u00a0 ** Ingr\u00e9dients issus de l&rsquo;agriculture biologique (51 %)\u00a0 *** Composants issus des huiles essentielles naturelles<\/p>\n<p>Conserver \u00e0\u00a0 des temp\u00e9ratures inf\u00e9rieures \u00e0\u00a0 25 \u00b0C, \u00e0\u00a0 l&rsquo;abri de la lumi\u00e8re directe du soleil et bien ferm\u00e9.<\/p>\n","protected":false},"excerpt":{"rendered":"<p>L&rsquo;<strong>huile soin pour le visage<\/strong>\u00a0est l&rsquo;un des\u00a0<strong>meilleurs<\/strong>\u00a0<strong>cosm\u00e9tiques<\/strong>\u00a0<strong>bio<\/strong>\u00a0certifi\u00e9s\u00a0pour\u00a0reconstruire, repulper\u00a0et stimuler la synth\u00e8se de procollag\u00e8ne.<\/p>\n<p>Elle active le\u00a0<strong>m\u00e9tabolisme cellulaire<\/strong>\u00a0en contr\u00f4lant l&rsquo;inflammation accompagnant le vieillissement, et\u00a0<strong>r\u00e9g\u00e9n\u00e8re<\/strong>\u00a0les dommages cutan\u00e9s, pour un visage visiblement plus radieux.<\/p>\n<p>R\u00e9sultat, vous avez la\u00a0peau plus lisse, r\u00e9par\u00e9e et r\u00e9g\u00e9n\u00e9r\u00e9e.<\/p>\n<p>L&rsquo;huile soin pour le visage est l\u00e9g\u00e8re, non collante, est absorb\u00e9e rapidement et ne laisse pas de film gras.<\/p>\n","protected":false},"featured_media":1079,"template":"","meta":[],"product_cat":[46],"product_tag":[],"_links":{"self":[{"href":"https:\/\/fillinx.site\/tropscbdtest\/wp-json\/wp\/v2\/product\/3449"}],"collection":[{"href":"https:\/\/fillinx.site\/tropscbdtest\/wp-json\/wp\/v2\/product"}],"about":[{"href":"https:\/\/fillinx.site\/tropscbdtest\/wp-json\/wp\/v2\/types\/product"}],"wp:featuredmedia":[{"embeddable":true,"href":"https:\/\/fillinx.site\/tropscbdtest\/wp-json\/wp\/v2\/media\/1079"}],"wp:attachment":[{"href":"https:\/\/fillinx.site\/tropscbdtest\/wp-json\/wp\/v2\/media?parent=3449"}],"wp:term":[{"taxonomy":"product_cat","embeddable":true,"href":"https:\/\/fillinx.site\/tropscbdtest\/wp-json\/wp\/v2\/product_cat?post=3449"},{"taxonomy":"product_tag","embeddable":true,"href":"https:\/\/fillinx.site\/tropscbdtest\/wp-json\/wp\/v2\/product_tag?post=3449"}],"curies":[{"name":"wp","href":"https:\/\/api.w.org\/{rel}","templated":true}]}}