{"id":3452,"date":"2023-09-13T12:12:54","date_gmt":"2023-09-13T12:12:54","guid":{"rendered":"https:\/\/fillinx.site\/tropscbdtest\/?post_type=product&#038;p=3452"},"modified":"2023-09-29T08:39:54","modified_gmt":"2023-09-29T08:39:54","slug":"nettoyant-visage","status":"publish","type":"product","link":"https:\/\/fillinx.site\/tropscbdtest\/produit\/nettoyant-visage\/","title":{"rendered":"Nettoyant visage"},"content":{"rendered":"<h1>Gel nettoyant doux avec effet anti-\u00e2ge sur les premi\u00e8res rides<\/h1>\n<p>Le\u00a0<strong>CBD<\/strong>, le secret anti-\u00e2ge essentiel extrait du chanvre, r\u00e9gule et r\u00e9tablit l&rsquo;\u00e9quilibre de la peau.<\/p>\n<p>L&rsquo;<strong>\u00e9lixir de raisin<\/strong>\u00a0pr\u00e9cieux du vin de glace augmente l&rsquo;hydratation pendant le nettoyage, active les forces\u00a0<strong>anti-\u00e2ges<\/strong>\u00a0naturelles et assure une apparence fra\u00eeche.<\/p>\n<p>La b<strong>iomoduline<\/strong>\u00a0de\u00a0<strong>Shiitake<\/strong>\u00a0renforce le syst\u00e8me immunitaire de la peau et apaise les rougeurs de la peau. L&rsquo;aloe vera, le panth\u00e9nol et l&rsquo;huile de jojoba r\u00e9g\u00e9n\u00e8rent la surface de la peau.<\/p>\n<p>Le complexe d&rsquo;ingr\u00e9dients actifs associ\u00e9 avec des agents nettoyants v\u00e9g\u00e9taux est sans savon, \u00e9limine en douceur les peaux mortes et soulage les sensations de tiraillement.<\/p>\n<p>La composition contient des\u00a0<strong>tensioactifs v\u00e9g\u00e9taux<\/strong>\u00a0tr\u00e8s doux et une combinaison d&rsquo;ingr\u00e9dients actifs naturels.<\/p>\n<p>&nbsp;<\/p>\n<h1>Utilisation<\/h1>\n<p>Appliquez une petite quantit\u00e9 sur le visage humide matin et soir, masser et rincer abondamment.<\/p>\n<h4><strong>Complexe d&rsquo;ingr\u00e9dients :<\/strong><\/h4>\n<p>Cannabidiol, VinUp Lift\u00ae (\u00e9lixir de raisin), aloe vera, hydrolat de rose, biomoduline, panth\u00e9nol (provitamine B5), huile de jojoba<\/p>\n<p>&nbsp;<\/p>\n<h4><strong>INGR\u00c9DIENTS:<\/strong><\/h4>\n<p>aqua*, aloe barbadensis leaf juice*\/**, glycerin*\/**, capryloyl\/caproyl methyl glucamide*, lauroyl\/myristoyl methyl glucamide*, rosa damascena flower water*\/**, coco-glucoside*, polyglyceryl-10 caprylate\/caprate*, dehydroacetic acid, lentinus edodes (siitake) extract*, glyceryl oleate*, simmondsia chinensis (jojoba) seed oil*\/**, panthenol, wine*, caesalpinia spinosa (tara seeds) gum*, cyamopsis tetragonoloba (guar) gum*, xanthan gum*, cannabidiol, fragrance (natural)*, maltodextrin*, sodium levulinate*, potassium sorbate, sodium phytate*, citric acid, benzyl alcohol, linalool***, limonene***, citronellol***, geraniol***<\/p>\n<p>* Ingr\u00e9dients d&rsquo;origine naturelle (98,5 %) ** Ingr\u00e9dients issus de l&rsquo;agriculture bio (10 %) *** Le parfum est constitu\u00e9 des composants des huiles essentielles bio naturelles<\/p>\n<p>Conserver \u00e0\u00a0 des temp\u00e9ratures inf\u00e9rieures \u00e0\u00a0 25 \u00b0C, \u00e0\u00a0 l&rsquo;abri de la lumi\u00e8re directe du soleil et bien ferm\u00e9.<\/p>\n","protected":false},"excerpt":{"rendered":"<p><strong>L&rsquo;alternative naturelle pour avoir une belle peau<\/strong><\/p>\n<p>&nbsp;<\/p>\n<ul>\n<li>Gel lavant nettoyant intensif pour une sensation de peau propre et fra\u00eeche<\/li>\n<\/ul>\n<ul>\n<li>Nettoie sans savon<\/li>\n<\/ul>\n<ul>\n<li>Hydrate votre visage pendant le nettoyage<\/li>\n<\/ul>\n<ul>\n<li>\u00c9quilibrant et rafra\u00eechissant<\/li>\n<\/ul>\n<ul>\n<li>R\u00e9gule l&rsquo;\u00e9quilibre de la peau<\/li>\n<\/ul>\n<ul>\n<li>\u00c9limine en douceur le maquillage et les impuret\u00e9s de la peau<\/li>\n<\/ul>\n<ul>\n<li>Ne contient\u00a0<strong>pas de PEG<\/strong>, de sulfates, ni de parab\u00e8nes<\/li>\n<\/ul>\n<ul>\n<li>Pour une apparence plus jeune et fra\u00eeche<\/li>\n<\/ul>\n","protected":false},"featured_media":1085,"template":"","meta":[],"product_cat":[46],"product_tag":[],"_links":{"self":[{"href":"https:\/\/fillinx.site\/tropscbdtest\/wp-json\/wp\/v2\/product\/3452"}],"collection":[{"href":"https:\/\/fillinx.site\/tropscbdtest\/wp-json\/wp\/v2\/product"}],"about":[{"href":"https:\/\/fillinx.site\/tropscbdtest\/wp-json\/wp\/v2\/types\/product"}],"wp:featuredmedia":[{"embeddable":true,"href":"https:\/\/fillinx.site\/tropscbdtest\/wp-json\/wp\/v2\/media\/1085"}],"wp:attachment":[{"href":"https:\/\/fillinx.site\/tropscbdtest\/wp-json\/wp\/v2\/media?parent=3452"}],"wp:term":[{"taxonomy":"product_cat","embeddable":true,"href":"https:\/\/fillinx.site\/tropscbdtest\/wp-json\/wp\/v2\/product_cat?post=3452"},{"taxonomy":"product_tag","embeddable":true,"href":"https:\/\/fillinx.site\/tropscbdtest\/wp-json\/wp\/v2\/product_tag?post=3452"}],"curies":[{"name":"wp","href":"https:\/\/api.w.org\/{rel}","templated":true}]}}