{"id":3456,"date":"2023-09-13T12:12:55","date_gmt":"2023-09-13T12:12:55","guid":{"rendered":"https:\/\/fillinx.site\/tropscbdtest\/?post_type=product&#038;p=3456"},"modified":"2024-05-17T14:42:04","modified_gmt":"2024-05-17T12:42:04","slug":"baume-sport-1000mg-cbd","status":"publish","type":"product","link":"https:\/\/fillinx.site\/tropscbdtest\/produit\/baume-sport-1000mg-cbd\/","title":{"rendered":"Baume sport 1000mg CBD"},"content":{"rendered":"<h3><strong>Pourquoi choisir le baume Sport naturel au CBD de Trop&rsquo;s ?<\/strong><\/h3>\n<p>Le baume Sport naturel au CBD de Trop&rsquo;s est un produit unique qui allie les bienfaits de l&rsquo;huile d&rsquo;\u00e9meu, de l&rsquo;huile de feuille d&rsquo;eucalyptus et de l&rsquo;extrait de chanvre pour offrir une solution efficace aux sportifs et aux personnes souffrant de douleurs chroniques. Avec 1000 mg de CBD, ce baume aide \u00e0 maintenir un confort articulaire et musculaire en agissant sur l&rsquo;inflammation et les douleurs. De plus, il est facile \u00e0 appliquer et a une odeur d\u00e9licieuse.<\/p>\n<h3>Composition et caract\u00e9ristiques du baume Sport naturel au CBD de Trop&rsquo;s<\/h3>\n<p>Le baume Sport naturel au CBD de Trop&rsquo;s contient une formule unique qui combine les propri\u00e9t\u00e9s anti-inflammatoires et apaisantes de l&rsquo;huile d&rsquo;\u00e9meu et de l&rsquo;huile de feuille d&rsquo;eucalyptus, ainsi que les bienfaits du CBD extrait de la plante de cannabis. L&rsquo;huile d&rsquo;\u00e9meu est une huile naturelle connue pour ses vertus apaisantes contre la douleur, les probl\u00e8mes de peau et les br\u00fblures. Elle est anti-inflammatoire, hydratante, cicatrisante, anti-bact\u00e9rienne et anti-\u00e2ge. L&rsquo;huile de feuille d&rsquo;eucalyptus est \u00e9galement un anti-inflammatoire qui calme les sensations de chaleur et les rougeurs qui en d\u00e9coulent. Le CBD extrait de la plante de cannabis est connu pour ses propri\u00e9t\u00e9s antalgiques qui aident \u00e0 soulager les muscles et les articulations. Il convient \u00e0 tout type de peau et pour un usage quotidien.<\/p>\n<h3>Pour qui est destin\u00e9 le baume Sport naturel au CBD de Trop&rsquo;s ?<\/h3>\n<p>Le baume Sport naturel au CBD de Trop&rsquo;s est destin\u00e9 aux sportifs qui cherchent \u00e0 maintenir un confort articulaire et musculaire, ainsi qu&rsquo;aux personnes souffrant de douleurs chroniques. Ce produit est id\u00e9al pour les personnes qui pratiquent des activit\u00e9s physiques intenses et qui ont des douleurs musculaires et articulaires (tendinite, foulure, contraction musculaire, courbature&#8230;).<\/p>\n<h3>Comment utiliser le baume Sport naturel au CBD de Trop&rsquo;s ?<\/h3>\n<p>Appliquez le baume sur la zone d\u00e9sir\u00e9e et massez plusieurs fois par jour si n\u00e9cessaire. Il peut \u00eatre utilis\u00e9 en massage avant le sport pour pr\u00e9parer au mieux les muscles, et apr\u00e8s l&rsquo;effort pour d\u00e9contracter et d\u00e9lasser les muscles endoloris. La texture du baume permet d&rsquo;effectuer des automassages et p\u00e9n\u00e8tre rapidement dans la peau pour un confort optimal.<\/p>\n<h3>Combien de temps dure l&rsquo;effet du baume Sport naturel au CBD ?<\/h3>\n<p>La dur\u00e9e des effets du baume Sport Trop&rsquo;s d\u00e9pend de plusieurs facteurs, tels que le type de douleur, la dose utilis\u00e9e et la mani\u00e8re dont le produit est appliqu\u00e9. En g\u00e9n\u00e9ral, les effets se font ressentir rapidement apr\u00e8s l&rsquo;application et durent environ 4 \u00e0 6 heures.<\/p>\n<p>L&rsquo;effet analg\u00e9sique du CBD peut aider \u00e0 soulager la douleur et l&rsquo;inflammation caus\u00e9es par l&rsquo;activit\u00e9 physique, ce qui peut am\u00e9liorer la r\u00e9cup\u00e9ration musculaire et r\u00e9duire les douleurs chroniques. Il peut \u00e9galement aider \u00e0 r\u00e9duire le stress et l&rsquo;anxi\u00e9t\u00e9, ce qui peut contribuer \u00e0 am\u00e9liorer la qualit\u00e9 du sommeil et la sant\u00e9 mentale en g\u00e9n\u00e9ral.<\/p>\n<h3>Pourquoi choisir le baume Sport naturel au CBD de Trop&rsquo;s ?<\/h3>\n<p>Le baume Sport Trop&rsquo;s est un produit de qualit\u00e9 sup\u00e9rieure con\u00e7u pour r\u00e9pondre aux besoins des sportifs et des personnes souffrant de douleurs chroniques. Notre formule unique contient <strong>1000 mg de CBD<\/strong>, de l&rsquo;huile d&rsquo;\u00e9meu et de l&rsquo;huile de feuille d&rsquo;eucalyptus pour offrir une exp\u00e9rience de relaxation optimale.<\/p>\n<p>Notre baume est facile \u00e0 appliquer, p\u00e9n\u00e8tre rapidement dans la peau et ne laisse pas de r\u00e9sidus collants. Il convient \u00e0 tous les types de peau et peut \u00eatre utilis\u00e9 en massage avant ou apr\u00e8s l&rsquo;activit\u00e9 physique pour aider \u00e0 soulager les douleurs et les tensions musculaires.<\/p>\n<p>Nous nous engageons \u00e0 fournir des produits de qualit\u00e9 sup\u00e9rieure \u00e0 base de chanvre naturel, cultiv\u00e9 de mani\u00e8re responsable et respectueuse de l&rsquo;environnement. Nous testons tous nos produits pour nous assurer qu&rsquo;ils sont s\u00fbrs, efficaces et exempts de contaminants.<\/p>\n<p>En choisissant le <strong>baume Sport Trop&rsquo;s<\/strong>, vous pouvez \u00eatre s\u00fbr de recevoir un produit de qualit\u00e9 sup\u00e9rieure qui r\u00e9pond \u00e0 vos besoins en mati\u00e8re de sant\u00e9 et de bien-\u00eatre.<\/p>\n<h3>Recommandation d&rsquo;utilisation du baume Sport au CBD de Trop&rsquo;s ?<\/h3>\n<p>Pour utiliser le baume Sport Trop&rsquo;s, il suffit d&rsquo;appliquer une petite quantit\u00e9 de produit sur la zone souhait\u00e9e et de masser doucement jusqu&rsquo;\u00e0 absorption compl\u00e8te. R\u00e9p\u00e9tez l&rsquo;application plusieurs fois par jour si n\u00e9cessaire.<\/p>\n<p>Il est important de ne pas appliquer le produit sur le visage ou sur les plaies ouvertes. Il est \u00e9galement d\u00e9conseill\u00e9 chez les femmes enceintes ou allaitantes, chez les enfants et chez les personnes allergiques \u00e0 l&rsquo;aspirine.<\/p>\n<p>Il est recommand\u00e9 de conserver le baume dans un endroit sec et frais, \u00e0 l&rsquo;abri de la lumi\u00e8re directe du soleil.<\/p>\n","protected":false},"excerpt":{"rendered":"<p style=\"text-align: justify;\"><span style=\"color: #333300;\">Le baume Sport naturel au CBD de Trop&rsquo;s est la solution parfaite pour les sportifs et les personnes souffrant de douleurs chroniques.<\/span><\/p>\n<p style=\"text-align: justify;\"><span style=\"color: #333300;\">Avec <strong>1000 mg de CBD<\/strong>, ce baume aide \u00e0 maintenir un confort articulaire et musculaire en agissant sur l&rsquo;inflammation et les douleurs. Il est facile \u00e0 appliquer, d\u00e9licieusement parfum\u00e9 et convient \u00e0 tout type de peau.<\/span><\/p>\n<p style=\"text-align: justify;\"><span style=\"color: #333300;\">Notre <strong>baume Sport<\/strong> naturel au <strong>CBD<\/strong>, contient une formule unique compos\u00e9e d\u2019huile d\u2019\u00e9meu, d\u2019huile de feuille d\u2019eucalyptus ainsi que de l\u2019extrait de Chanvre, et garantit une application facile \u00e0 l\u2019odeur d\u00e9licieuse.<\/span><\/p>\n<p style=\"text-align: justify;\"><span style=\"color: #333300;\">Avec <strong>1000 mg de CBD<\/strong>, notre <strong>baume sport Trop\u2019s<\/strong> vous aidera \u00e0 maintenir un confort articulaire et musculaire, gr\u00e2ce \u00e0 la synergie des plantes.<\/span><\/p>\n<p style=\"text-align: justify;\"><span style=\"color: #333300;\">Hydratant et d\u00e9licatement parfum\u00e9, il peut \u00eatre utilis\u00e9 en massage avant le sport pour pr\u00e9parer au mieux les muscles, et apr\u00e8s l&rsquo;effort pour d\u00e9contracter et d\u00e9lasser les muscles endoloris.<\/span><\/p>\n","protected":false},"featured_media":1345,"template":"","meta":[],"product_cat":[46],"product_tag":[],"_links":{"self":[{"href":"https:\/\/fillinx.site\/tropscbdtest\/wp-json\/wp\/v2\/product\/3456"}],"collection":[{"href":"https:\/\/fillinx.site\/tropscbdtest\/wp-json\/wp\/v2\/product"}],"about":[{"href":"https:\/\/fillinx.site\/tropscbdtest\/wp-json\/wp\/v2\/types\/product"}],"wp:featuredmedia":[{"embeddable":true,"href":"https:\/\/fillinx.site\/tropscbdtest\/wp-json\/wp\/v2\/media\/1345"}],"wp:attachment":[{"href":"https:\/\/fillinx.site\/tropscbdtest\/wp-json\/wp\/v2\/media?parent=3456"}],"wp:term":[{"taxonomy":"product_cat","embeddable":true,"href":"https:\/\/fillinx.site\/tropscbdtest\/wp-json\/wp\/v2\/product_cat?post=3456"},{"taxonomy":"product_tag","embeddable":true,"href":"https:\/\/fillinx.site\/tropscbdtest\/wp-json\/wp\/v2\/product_tag?post=3456"}],"curies":[{"name":"wp","href":"https:\/\/api.w.org\/{rel}","templated":true}]}}