{"id":3895,"date":"2023-10-10T15:12:49","date_gmt":"2023-10-10T15:12:49","guid":{"rendered":"https:\/\/fillinx.site\/tropscbdtest\/?post_type=product&#038;p=3895"},"modified":"2024-05-15T09:13:41","modified_gmt":"2024-05-15T07:13:41","slug":"butter-trops-70-cbd","status":"publish","type":"product","link":"https:\/\/fillinx.site\/tropscbdtest\/produit\/butter-trops-70-cbd\/","title":{"rendered":"Butter Trop&rsquo;s 70% CBD"},"content":{"rendered":"<p><strong><span style=\"color: #000000;\">La particularit\u00e9 du CBD Black Butter<\/span><\/strong><\/p>\n<p><span style=\"color: #000000;\">Intense et parfum\u00e9e, notre r\u00e9sine de CBD Black Butter est inspir\u00e9e des haschs afghans tr\u00e8s appr\u00e9ci\u00e9s par les connaisseurs de r\u00e9sine de cannabis. Elle pr\u00e9sente des caract\u00e9ristiques similaires aux r\u00e9sines traditionnelles afghanes, avec une texture tendre et moelleuse, rappelant le beurre.<\/span><\/p>\n<p><span style=\"color: #000000;\">Cependant, notre <strong>Butter Trop&rsquo;s CBD<\/strong> offre une qualit\u00e9 sup\u00e9rieure par rapport \u00e0 la r\u00e9sine afghane traditionnelle. Elle est soigneusement \u00e9labor\u00e9e pour obtenir un taux de CBD bien plus puissant. Cette r\u00e9sine mall\u00e9able, riche en terp\u00e8nes, offre non seulement une exp\u00e9rience olfactive exceptionnelle mais apaise \u00e9galement les angoisses.<\/span><\/p>\n<p><span style=\"color: #000000;\">Son effet th\u00e9rapeutique et antalgique peut soulager certaines douleurs et inflammations. Cette <strong>r\u00e9sine authentique<\/strong> d\u00e9voile des ar\u00f4mes floraux subtils associ\u00e9s \u00e0 des notes bois\u00e9es caract\u00e9ristiques des r\u00e9sines afghanes pures.<\/span><\/p>\n<p><span style=\"color: #000000;\">Avec un taux exceptionnel de <strong>70% de CBD<\/strong>, le<strong> Butter Trop&rsquo;s<\/strong> offre une relaxation profonde. Il obtient ce taux \u00e9lev\u00e9 gr\u00e2ce \u00e0 une g\u00e9n\u00e9tique de fleurs premium issues d&rsquo;une culture garantie sans pesticides, sans OGM et 100% biologique pour une qualit\u00e9 de chanvre in\u00e9gal\u00e9e.<\/span><\/p>\n<p><span style=\"color: #000000;\">Le <strong>Butter Trop&rsquo;s<\/strong> pr\u00e9sente une belle couleur brune et une texture ultra-moelleuse. Pour le conserver au mieux, laissez-le dans son emballage <strong>Trop&rsquo;s CBD<\/strong>, sp\u00e9cialement con\u00e7u pour assurer une conservation optimale. Rangez-le \u00e0 l&rsquo;abri de la lumi\u00e8re, de pr\u00e9f\u00e9rence dans un endroit frais.<\/span><\/p>\n<p><strong><span style=\"color: #000000;\">Comment consommer le Black Butter ?<\/span><\/strong><\/p>\n<p><span style=\"color: #000000;\">Il existe plusieurs fa\u00e7ons de consommer le <strong>Butter Trop&rsquo;s CBD<\/strong>. <\/span><\/p>\n<p><span style=\"color: #000000;\">Vous pouvez le consommer en infusion en utilisant un corps gras, tel que l&rsquo;huile de coco. Faites infuser la r\u00e9sine pendant environ 10 minutes pour profiter pleinement de ses bienfaits et d\u00e9guster une boisson aux saveurs herbac\u00e9es douces. Cette infusion filtr\u00e9e agira sur votre stress et d\u00e9tendra l&rsquo;ensemble de vos muscles, vous apportant calme et s\u00e9r\u00e9nit\u00e9.<\/span><\/p>\n<p><span style=\"color: #000000;\">La meilleure fa\u00e7on de consommer le <strong>Butter Trop&rsquo;s CBD,<\/strong> c&rsquo;est \u00e0 l&rsquo;aide d&rsquo;un vaporisateur. Cette r\u00e9sine \u00e9tant l&rsquo;une des plus savoureuses du march\u00e9, vous pourrez pleinement appr\u00e9cier la puissance de ses terp\u00e8nes gr\u00e2ce \u00e0 un bon vaporisateur r\u00e9gl\u00e9 \u00e0 environ 170 degr\u00e9s Celsius. La vaporisation permet de r\u00e9v\u00e9ler rapidement les bienfaits des diff\u00e9rents cannabino\u00efdes pr\u00e9sents dans les fleurs, pr\u00e9servant ainsi l&rsquo;int\u00e9grit\u00e9 de la structure mol\u00e9culaire du produit.<\/span><\/p>\n<p><span style=\"color: #000000;\">En optant pour la vaporisation, vous b\u00e9n\u00e9ficierez rapidement de tous les bienfaits du <strong>Butter Trop&rsquo;s CBD<\/strong>, sans les effets nocifs de la combustion. Cela vous permettra de profiter pleinement des ar\u00f4mes et de tirer le meilleur parti de cette r\u00e9sine d&rsquo;exception.<\/span><\/p>\n<p><span style=\"color: #000000;\">Chez <strong>Trop&rsquo;s CBD<\/strong>, nous sommes fiers de vous offrir cette exp\u00e9rience unique de consommation de r\u00e9sine de CBD. D\u00e9couvrez d\u00e8s maintenant le <strong>Butter Trop&rsquo;s CBD <\/strong>et explorez le monde des sensations intenses et inoubliables qu&rsquo;il vous r\u00e9serve.<\/span><\/p>\n","protected":false},"excerpt":{"rendered":"<p><span style=\"color: #000000;\">R\u00e9sine de cannabis \u00ab\u00a0<strong>Butter Trop&rsquo;s CBD<\/strong>\u00a0\u00bb : Une exp\u00e9rience envo\u00fbtante de douceur et de puissance, pour des sensations inoubliables. Plongez dans le velout\u00e9 du plaisir avec 70% de CBD. Une exp\u00e9rience aussi puissante qu&rsquo;envo\u00fbtante.<\/span><\/p>\n","protected":false},"featured_media":19486,"template":"","meta":[],"product_cat":[37],"product_tag":[],"_links":{"self":[{"href":"https:\/\/fillinx.site\/tropscbdtest\/wp-json\/wp\/v2\/product\/3895"}],"collection":[{"href":"https:\/\/fillinx.site\/tropscbdtest\/wp-json\/wp\/v2\/product"}],"about":[{"href":"https:\/\/fillinx.site\/tropscbdtest\/wp-json\/wp\/v2\/types\/product"}],"wp:featuredmedia":[{"embeddable":true,"href":"https:\/\/fillinx.site\/tropscbdtest\/wp-json\/wp\/v2\/media\/19486"}],"wp:attachment":[{"href":"https:\/\/fillinx.site\/tropscbdtest\/wp-json\/wp\/v2\/media?parent=3895"}],"wp:term":[{"taxonomy":"product_cat","embeddable":true,"href":"https:\/\/fillinx.site\/tropscbdtest\/wp-json\/wp\/v2\/product_cat?post=3895"},{"taxonomy":"product_tag","embeddable":true,"href":"https:\/\/fillinx.site\/tropscbdtest\/wp-json\/wp\/v2\/product_tag?post=3895"}],"curies":[{"name":"wp","href":"https:\/\/api.w.org\/{rel}","templated":true}]}}