{"id":633,"date":"2023-08-11T12:19:43","date_gmt":"2023-08-11T12:19:43","guid":{"rendered":"https:\/\/fillinx.site\/tropscbdtest\/?post_type=product&#038;p=633"},"modified":"2024-05-18T10:52:38","modified_gmt":"2024-05-18T08:52:38","slug":"cannabubble","status":"publish","type":"product","link":"https:\/\/fillinx.site\/tropscbdtest\/produit\/cannabubble\/","title":{"rendered":"Cannabubble"},"content":{"rendered":"<h1>Origine<\/h1>\n<p>La\u00a0<strong>Cannabubble<\/strong>\u00a0est une vari\u00e9t\u00e9 \u00e0\u00a0 dominance Sativa. Pour les connaisseurs, le nom de\u00a0<strong>Cannabubble<\/strong>\u00a0est suffisant pour d\u00e9terminer les parents g\u00e9n\u00e9tiques de cette vari\u00e9t\u00e9. C&rsquo;est en effet un croisement entre la\u00a0<strong>Cannatonic<\/strong>\u00a0et la\u00a0<strong>Bubble Gum<\/strong>.<\/p>\n<p>Cette vari\u00e9t\u00e9 hybride, a h\u00e9rit\u00e9 de la richesse en\u00a0<strong>cannabidiol<\/strong>\u00a0de la premi\u00e8re et du go\u00fbt d\u00e9licieusement savoureux de la seconde.<\/p>\n<p>Ce m\u00e9lange parfait \u00e0\u00a0 60% Sativa et 40% Indica, a gravi les \u00e9chelons en quelques mois, et a r\u00e9ussi \u00e0\u00a0 surprendre un grand nombre de consommateurs gr\u00e2ce \u00e0\u00a0 ses ar\u00f4mes uniques en son genre.<\/p>\n<h1>Aspect<\/h1>\n<p>Concernant son aspect, sa g\u00e9n\u00e9tique hybride fait que cette\u00a0<strong>fleur de CBD<\/strong>, a la particularit\u00e9 d&rsquo;avoir de petites t\u00eates compactes et pr\u00e9sente assez rarement de gros bourgeons.<\/p>\n<p>&nbsp;<\/p>\n<h1>Comment conserver votre fleur de CBD\u00a0Cannabubble ?<\/h1>\n<p>La<strong>\u00a0<\/strong><strong>fleur de chanvre<\/strong>\u00a0est une mati\u00e8re v\u00e9g\u00e9tale naturelle, qui a une dur\u00e9e de vie limit\u00e9e dans le temps. Certaines pr\u00e9cautions doivent \u00eatre prises pour conserver votre fleur le plus longtemps possible.<\/p>\n<p>Le plus \u00e9vident est de conserver votre\u00a0<strong>fleur de chanvre<\/strong>\u00a0dans son emballage d&rsquo;origine. Cela permettra d&rsquo;\u00e9viter la plupart des inconv\u00e9nients.<\/p>\n<p><strong>Mais d&rsquo;autres pr\u00e9cautions peuvent \u00eatre prises<\/strong>\u00a0:<\/p>\n<p>&#8211;\u00a0Conservez vos fleurs \u00e0\u00a0 l&rsquo;abri de l&rsquo;humidit\u00e9. En effet, les\u00a0<strong>fleurs<\/strong>\u00a0extr\u00eamement sensibles \u00e0\u00a0 l&rsquo;humidit\u00e9, ce qui peut entra\u00eener la d\u00e9gradation de celle-ci et des moisissures<\/p>\n<p>&#8211;\u00a0Evitez les endroits o\u00f9 la temp\u00e9rature change beaucoup (voiture par exemple)<\/p>\n<p>&#8211;\u00a0Evitez d&rsquo;exposer vos\u00a0<strong>fleurs\u00a0<\/strong>\u00e0\u00a0 la lumi\u00e8re du soleil. Cela d\u00e9truit les mol\u00e9cules de\u00a0<strong>CBD<\/strong>.<\/p>\n<p>Si vous avez une grande quantit\u00e9 de\u00a0<strong>fleur\u00a0<\/strong>\u00e0\u00a0 conserver, vous avez la possibilit\u00e9 de vous tourner vers des bo\u00eetes sous vide. Cela permettra de conserver vos\u00a0<strong>fleurs<\/strong>\u00a0de mani\u00e8re optimale, et de garder toutes\u00a0<strong>ses effluves<\/strong>\u00a0et\u00a0<strong>ses ar\u00f4mes<\/strong>.<\/p>\n","protected":false},"excerpt":{"rendered":"<p>Cette\u00a0<strong>fleur de CBD\u00a0<\/strong>est une satisfaction et un\u00a0<strong>plaisir<\/strong>\u00a0au quotidien, que ce soit au niveau\u00a0<strong>olfactif<\/strong>, mais aussi sur le plan\u00a0<strong>gustatif<\/strong>.<\/p>\n<p>D&rsquo;une douceur incroyable, la<strong>\u00a0Cannabubble CBD<\/strong>\u00a0est un riche m\u00e9lange de parfum l\u00e9ger d&rsquo;agrumes.<\/p>\n<p>Par rapport \u00e0\u00a0 certaines fleurs qui sont\u00a0<strong>fortement aromatiques<\/strong>\u00a0(et appr\u00e9ci\u00e9es pour cela), cette vari\u00e9t\u00e9 de fleur de chanvre est de nature plus\u00a0<strong>discr\u00e8te<\/strong>\u00a0avec une pointe de l\u00e9g\u00e8ret\u00e9.<\/p>\n<p>Cette particularit\u00e9 fait que cette fleur est fortement appr\u00e9ci\u00e9e.<\/p>\n<p>Notre\u00a0<strong>Cannabubble\u00a0<\/strong>pr\u00e9sente une nuance l\u00e9g\u00e8re d&rsquo;agrumes au parfum discret de mangue et de pamplemousse, mais ne vous attendez pas \u00e0\u00a0 des sensations olfactives tr\u00e8s prononc\u00e9es, comme avec notre<strong>\u00a0Vanilla Kush<\/strong>\u00a0(ou\u00a0<strong>Haze<\/strong>)\u00a0et la\u00a0<strong>Super Lemon Haze<\/strong>\u00a0qui sont davantage prononc\u00e9es et odorantes.<\/p>\n<p>Ses\u00a0<strong>ar\u00f4mes sucr\u00e9s<\/strong>\u00a0vous feront litt\u00e9ralement faire un saut en arri\u00e8re et vous rappelleront votre enfance. Son petit\u00a0<strong>go\u00fbt de<\/strong>\u00a0<strong>bonbon<\/strong>\u00a0garnira votre bouche d&rsquo;un petit plaisir pour un moment de relaxation et un moment bien-\u00eatre sans THC.<\/p>\n<p>G\u00e9n\u00e9ralement utiliser pour stimuler l&rsquo;activit\u00e9 c\u00e9r\u00e9brale dans sa version THC, cette\u00a0<strong>fleur de chanvre CBD<\/strong>,<strong>\u00a0n&rsquo;aura aucunement d&rsquo;effets psychoactifs<\/strong>\u00a0sur vous.<\/p>\n<p>Toutefois, cette plante peut \u00eatre consomm\u00e9e en pleine journ\u00e9e ou m\u00eame lors d&rsquo;une activit\u00e9 physique pour\u00a0<strong>d\u00e9tendre<\/strong>\u00a0vos muscles gr\u00e2ce \u00e0\u00a0 sa haute teneur en\u00a0<strong>cannabino\u00efde<\/strong>.<\/p>\n<p>En effet, le\u00a0<strong>CBD<\/strong>\u00a0contenu dans cette fleur vous procurera relaxation et apaisement tout au long de votre journ\u00e9e.<\/p>\n","protected":false},"featured_media":652,"template":"","meta":[],"product_cat":[126],"product_tag":[],"_links":{"self":[{"href":"https:\/\/fillinx.site\/tropscbdtest\/wp-json\/wp\/v2\/product\/633"}],"collection":[{"href":"https:\/\/fillinx.site\/tropscbdtest\/wp-json\/wp\/v2\/product"}],"about":[{"href":"https:\/\/fillinx.site\/tropscbdtest\/wp-json\/wp\/v2\/types\/product"}],"wp:featuredmedia":[{"embeddable":true,"href":"https:\/\/fillinx.site\/tropscbdtest\/wp-json\/wp\/v2\/media\/652"}],"wp:attachment":[{"href":"https:\/\/fillinx.site\/tropscbdtest\/wp-json\/wp\/v2\/media?parent=633"}],"wp:term":[{"taxonomy":"product_cat","embeddable":true,"href":"https:\/\/fillinx.site\/tropscbdtest\/wp-json\/wp\/v2\/product_cat?post=633"},{"taxonomy":"product_tag","embeddable":true,"href":"https:\/\/fillinx.site\/tropscbdtest\/wp-json\/wp\/v2\/product_tag?post=633"}],"curies":[{"name":"wp","href":"https:\/\/api.w.org\/{rel}","templated":true}]}}