{"id":676,"date":"2023-08-11T12:20:12","date_gmt":"2023-08-11T12:20:12","guid":{"rendered":"https:\/\/fillinx.site\/tropscbdtest\/?post_type=product&#038;p=676"},"modified":"2024-05-19T00:06:31","modified_gmt":"2024-05-18T22:06:31","slug":"huile-de-cbd-5","status":"publish","type":"product","link":"https:\/\/fillinx.site\/tropscbdtest\/produit\/huile-de-cbd-5\/","title":{"rendered":"Huile de CBD 5%"},"content":{"rendered":"<h1><span style=\"color: #333300;\">L&rsquo;Huile \u00e0\u00a0 spectre complet Trop&rsquo;s CBD<\/span><\/h1>\n<p><span style=\"color: #333300;\">La satisfaction de notre client\u00e8le, est\u00a0<strong>tr\u00e8s importante<\/strong>. C&rsquo;est pourquoi nous avons recherch\u00e9 les<strong>\u00a0meilleures huiles \u00e0\u00a0 spectre complet<\/strong>\u00a0du march\u00e9.<\/span><\/p>\n<p><span style=\"color: #333300;\">Toujours \u00e0\u00a0 votre \u00e9coute, nous avons pris en consid\u00e9ration toutes les remarques que vous nous avez faites, et sommes\u00a0<strong>fier<\/strong>\u00a0aujourd&rsquo;hui d&rsquo;avoir une satisfaction de plus de 90% d&rsquo;entre vous.<\/span><\/p>\n<p><span style=\"color: #333300;\">Nos<strong>\u00a0huiles \u00e0\u00a0 spectre complet<\/strong>, sont devenues incontournables, de par leurs provenances, leur origine et surtout pour leurs effets et leur\u00a0<strong>efficacit\u00e9<\/strong>.<\/span><\/p>\n<p><span style=\"color: #333300;\">Issue d&rsquo;une ferme pratiquant une agriculture responsable et raisonn\u00e9e, chacune de nos huiles de CBD, est garantie sans pesticides, sans m\u00e9taux lourds, ni produit chimique, gr\u00e2ce \u00e0\u00a0 un proc\u00e9d\u00e9 d&rsquo;extraction que l&rsquo;on nomme SCO2 ou Supercritique CO2.<\/span><\/p>\n<p><span style=\"color: #333300;\">Gr\u00e2ce \u00e0\u00a0 ce proc\u00e9d\u00e9 d&rsquo;extraction, notre huile est\u00a0<strong>totalement pure<\/strong>. Elle ne contient\u00a0<strong>aucun r\u00e9sidu chimique<\/strong>\u00a0quel qu&rsquo;il soit.<\/span><\/p>\n<p><span style=\"color: #333300;\">Les huiles\u00a0<strong>Trop&rsquo;s CBD<\/strong>\u00a0sont toujours de haute qualit\u00e9 et contiennent toutes les mol\u00e9cules naturellement pr\u00e9sentes dans la plante.<\/span><\/p>\n<p>&nbsp;<\/p>\n<h1><span style=\"color: #333300;\"><strong>Une huile full spectrum<\/strong>\u00a0de premi\u00e8re qualit\u00e9<\/span><\/h1>\n<p>&nbsp;<\/p>\n<p><span style=\"color: #333300;\">Lorsque l&rsquo;on parle d&rsquo;une huile \u00ab\u00a0<strong>full spectrum<\/strong>\u00a0\u00bb ou \u00e0\u00a0\u00a0<strong>spectre complet<\/strong>, cela veut dire que toutes les mol\u00e9cules pr\u00e9sentes dans la plante, sont aussi pr\u00e9sentes dans l&rsquo;huile.<\/span><\/p>\n<p><span style=\"color: #333300;\">Donc en plus d&rsquo;avoir du\u00a0<strong>CBD<\/strong>, vous aurez acc\u00e8s aussi \u00e0\u00a0 d&rsquo;autres mol\u00e9cules comme du\u00a0<strong>CBG<\/strong>,\u00a0<strong>CBN<\/strong>,\u00a0<strong>CBC<\/strong>\u00a0et d&rsquo;autres\u00a0<strong>terp\u00e8nes naturels<\/strong>\u00a0pr\u00e9sents dans la plante.<\/span><\/p>\n<p><span style=\"color: #333300;\">Bien entendu, chacune de nos huiles respecte la loi en vigueur, et contient un taux de\u00a0<strong>THC inf\u00e9rieur \u00e0\u00a0 0,3%<\/strong>.<\/span><\/p>\n<p><span style=\"color: #333300;\">L&rsquo;avantage d&rsquo;avoir acc\u00e8s \u00e0\u00a0 toutes les mol\u00e9cules et autres terp\u00e8nes de la plante, r\u00e9side dans le fait que l&rsquo;huile que vous consommez, vous permet d&rsquo;acc\u00e9der \u00e0\u00a0 ce que l&rsquo;on nomme\u00a0<strong>l&rsquo;effet d&rsquo;entourage<\/strong>.<\/span><\/p>\n<p><span style=\"color: #333300;\">Beaucoup d&rsquo;\u00e9tudes scientifiques parlent de ce principe, lorsque les diff\u00e9rentes mol\u00e9cules actives de la plante fonctionnent ensemble en synergie.<\/span><\/p>\n<p><span style=\"color: #333300;\">D&rsquo;apr\u00e8s les diff\u00e9rentes recherches, les\u00a0<strong>huiles \u00e0\u00a0 spectre complet<\/strong>\u00a0(avec toutes les mol\u00e9cules de la plante), seraient plus\u00a0<strong>efficaces<\/strong>\u00a0que les huiles ne contenant que du CBD.<\/span><\/p>\n<p><span style=\"color: #333300;\">Chacune de nos\u00a0<strong>huiles de CBD \u00e0\u00a0 Spectre complet<\/strong>,\u00a0est analys\u00e9 dans un l<strong>aboratoire fran\u00e7ais certifi\u00e9<\/strong>.<\/span><\/p>\n<p>&nbsp;<\/p>\n<h1><span style=\"color: #333300;\">Comment utiliser votre huile de CBD ?<\/span><\/h1>\n<h4><span style=\"color: #333300;\"><strong>Note :<\/strong><\/span><\/h4>\n<p><span style=\"color: #333300;\">Les m\u00e9thodes suivantes valent pour n&rsquo;importe quel dosage d&rsquo;huile de CBD (5%, 10%, 15%, 20%, 25%, 30%).<\/span><\/p>\n<p><span style=\"color: #333300;\">Il est pr\u00e9f\u00e9rable de commencer avec de faibles doses et d&rsquo;augmenter au fur et \u00e0\u00a0 mesure si besoin.<\/span><\/p>\n<p><span style=\"color: #333300;\"><strong>Exemple<\/strong>\u00a0: Vous avez choisi (ou nous vous avons conseill\u00e9) une huile de 10%.<\/span><\/p>\n<p><span style=\"color: #333300;\">Vous commencerez par prendre 2\/3 gouttes pour commencer, en suivant l&rsquo;une des m\u00e9thodes ci-dessous.<\/span><\/p>\n<p><span style=\"color: #333300;\">Si les effets souhait\u00e9s ne sont pas pr\u00e9sents, augmentez d&rsquo;une goutte \u00e0\u00a0 la prochaine prise. Donc, si vous aviez pris 3 gouttes, il vous en faudra 4. Continuez d&rsquo;augmenter d&rsquo;une goutte, \u00e0\u00a0 chaque prise, jusqu&rsquo;\u00e0\u00a0 l&rsquo;effet d\u00e9sir\u00e9.<\/span><\/p>\n<p><span style=\"color: #333300;\">Si vous prenez plus de 10 gouttes d&rsquo;un certain pourcentage (par exemple d&rsquo;une huile \u00e0\u00a0 10%), il vous faudra choisir une huile avec un dosage plus \u00e9lev\u00e9 la prochaine fois. De cette fa\u00e7on, vous utiliserez moins de goutte et\u00a0votre flacon durera plus longtemps.<\/span><\/p>\n<h4><span style=\"color: #333300;\"><strong>Pr\u00e9cautions \u00e0\u00a0 prendre avant utilisation :<\/strong><\/span><\/h4>\n<p><span style=\"color: #333300;\">Evitez de manger\/boire 5 min avant et 5 min apr\u00e8s la prise de votre huile de CBD.<\/span><\/p>\n<p><span style=\"color: #333300;\">Lorsque vous mangez ou buvez, naturellement votre bouche va s&rsquo;\u00e9cr\u00eater de la salive. \u00e0\u20ac cause de cette salivation, l<strong>&lsquo;huile de CBD<\/strong>\u00a0ne pourra pas p\u00e9n\u00e9trer correctement dans vos muqueuses.<\/span><\/p>\n<p>&nbsp;<\/p>\n<h4><span style=\"color: #333300;\"><strong>Premi\u00e8re m\u00e9thode\u00a0<\/strong><\/span><\/h4>\n<p><span style=\"color: #333300;\">La fa\u00e7on la plus simple d&rsquo;utiliser votre\u00a0<strong>huile de CBD<\/strong>\u00a0est la m\u00e9thode sublinguale (sous la langue).<\/span><\/p>\n<p><span style=\"color: #333300;\">&#8211;\u00a0Pour ce faire, verser 2 \u00e0\u00a0 3 gouttes\u00a0<strong>d&rsquo;huile de CBD<\/strong>\u00a0sous votre langue sans avaler.<\/span><\/p>\n<p><span style=\"color: #333300;\">&#8211;\u00a0Gardez l&rsquo;huile sous votre langue pendant quelques minutes (3 min serait id\u00e9al)<\/span><\/p>\n<p><span style=\"color: #333300;\">&#8211;\u00a0Vous pouvez ensuite avaler votre salive.<\/span><\/p>\n<p>&nbsp;<\/p>\n<h4><span style=\"color: #333300;\"><strong>Note :<\/strong><\/span><\/h4>\n<p><span style=\"color: #333300;\">Il arrive parfois que l&rsquo;huile de CBD pique la gorge de certaines personnes lorsqu&rsquo;elles avalent leur salive. Nous vous conseillons donc de boire un verre d&rsquo;eau si besoin.<\/span><\/p>\n<p><span style=\"color: #333300;\">Suivant chaque individu, les effets peuvent survenir entre 5 \u00e0\u00a0 25 min apr\u00e8s la prise et durer entre 2h et 5h.<\/span><\/p>\n<p><span style=\"color: #333300;\">Si vous utilisez l&rsquo;<strong>huile de CBD<\/strong>\u00a0pour les troubles du sommeil, nous vous conseillons de prendre votre huile de CBD\u00a0 5 min avant d&rsquo;aller vous coucher.<\/span><\/p>\n<h1><span style=\"color: #333300;\">Stockage<\/span><\/h1>\n<p><span style=\"color: #333300;\">Nous vous conseillons de stocker votre Huile de CBD, de pr\u00e9f\u00e9rence dans un endroit frais et sec.<\/span><\/p>\n<p><span style=\"color: #333300;\">N&rsquo;exposez pas votre Huile de CBD aux rayons du soleil et tenez la \u00e0\u00a0 l&rsquo;\u00e9cart de la chaleur. En effet, les rayons UV d\u00e9truisent les mol\u00e9cules de CBD et la chaleur peut alt\u00e9rer la composition de votre huile.<\/span><\/p>\n","protected":false},"excerpt":{"rendered":"<p><span style=\"color: #333300;\">L&rsquo;utilisation du\u00a0<strong>CBD<\/strong>\u00a0dans le traitement de nombreux probl\u00e8mes de\u00a0<strong>sant\u00e9<\/strong>\u00a0courants devient une \u00e9vidence pour certains et constitue m\u00eame une alternative naturelle pour soulager certaines pathologies.<\/span><\/p>\n<p><span style=\"color: #333300;\">Les recherches sur les\u00a0<strong>bienfaits potentiels de l&rsquo;huile de CBD pour la sant\u00e9<\/strong>\u00a0sont nombreuses, et sugg\u00e8rent que le\u00a0<strong>CBD<\/strong> peut aider \u00e0\u00a0 r\u00e9duire le stress, la d\u00e9pression, l&rsquo;anxi\u00e9t\u00e9, les douleurs, les probl\u00e8mes d&rsquo;insomnie.<\/span><\/p>\n<p><span style=\"color: #333300;\">Relaxantes et apaisantes, nos\u00a0<strong>Huile de CBD Full Spectrum<\/strong>\u00a0sont extraites de plante de chanvre biologique, certifi\u00e9, cultiv\u00e9 et trait\u00e9 sans l&rsquo;utilisation de pesticides ou d&rsquo;autres additifs chimiques.<\/span><\/p>\n<p><span style=\"color: #333300;\">Profitez de l&rsquo;effet d&rsquo;entourage que procure l&rsquo;ensemble des mol\u00e9cules contenues dans nos huiles, et acc\u00e9der \u00e0\u00a0 tous les\u00a0<strong>bienfaits<\/strong>\u00a0de notre\u00a0<strong>huile full spectrum<\/strong>.<\/span><\/p>\n<p><span style=\"color: #333300;\">Cette huile de CBD 5% est parfaite pour les personnes qui veulent commencer les huiles de CBD. Sa concentration faible permet de d\u00e9buter doucement, \u00e0\u00a0 tout petit prix.<\/span><\/p>\n","protected":false},"featured_media":19637,"template":"","meta":[],"product_cat":[38],"product_tag":[],"_links":{"self":[{"href":"https:\/\/fillinx.site\/tropscbdtest\/wp-json\/wp\/v2\/product\/676"}],"collection":[{"href":"https:\/\/fillinx.site\/tropscbdtest\/wp-json\/wp\/v2\/product"}],"about":[{"href":"https:\/\/fillinx.site\/tropscbdtest\/wp-json\/wp\/v2\/types\/product"}],"wp:featuredmedia":[{"embeddable":true,"href":"https:\/\/fillinx.site\/tropscbdtest\/wp-json\/wp\/v2\/media\/19637"}],"wp:attachment":[{"href":"https:\/\/fillinx.site\/tropscbdtest\/wp-json\/wp\/v2\/media?parent=676"}],"wp:term":[{"taxonomy":"product_cat","embeddable":true,"href":"https:\/\/fillinx.site\/tropscbdtest\/wp-json\/wp\/v2\/product_cat?post=676"},{"taxonomy":"product_tag","embeddable":true,"href":"https:\/\/fillinx.site\/tropscbdtest\/wp-json\/wp\/v2\/product_tag?post=676"}],"curies":[{"name":"wp","href":"https:\/\/api.w.org\/{rel}","templated":true}]}}