{"id":743,"date":"2023-08-11T12:20:43","date_gmt":"2023-08-11T12:20:43","guid":{"rendered":"https:\/\/fillinx.site\/tropscbdtest\/?post_type=product&#038;p=743"},"modified":"2024-05-18T10:54:38","modified_gmt":"2024-05-18T08:54:38","slug":"cannatonic","status":"publish","type":"product","link":"https:\/\/fillinx.site\/tropscbdtest\/produit\/cannatonic\/","title":{"rendered":"Cannatonic"},"content":{"rendered":"","protected":false},"excerpt":{"rendered":"<p>La Cannatonic est une vari\u00e9t\u00e9 puissante et plut\u00f4t c\u00e9r\u00e9brale. C&rsquo;est une fleur de CBD surprenante et s&rsquo;est av\u00e9r\u00e9e \u00eatre un v\u00e9ritable joyau.<\/p>\n<p>La Cannatonic porte en elle un ar\u00f4me tr\u00e8s distinct, \u00e0 la limite de la terre, avec des notes d&rsquo;agrumes.<\/p>\n<p>Cette vari\u00e9t\u00e9 poss\u00e8de des notes acides qui deviennent plus \u00e9videntes dans la bouche, et qui se terminent par une subtile saveur bois\u00e9e qui r\u00e9veillera vos sens.<\/p>\n<p>Ce m\u00e9lange unique de tr\u00e8s belles saveurs fait de la Cannatonic une fleur que l&rsquo;on \u00e0 plaisir \u00e0 consommer. Avec son go\u00fbt rappelant les agrumes et le pin frais, la douceur acidul\u00e9e des agrumes collera \u00e0 votre langue instantan\u00e9ment.<\/p>\n","protected":false},"featured_media":759,"template":"","meta":[],"product_cat":[126],"product_tag":[],"_links":{"self":[{"href":"https:\/\/fillinx.site\/tropscbdtest\/wp-json\/wp\/v2\/product\/743"}],"collection":[{"href":"https:\/\/fillinx.site\/tropscbdtest\/wp-json\/wp\/v2\/product"}],"about":[{"href":"https:\/\/fillinx.site\/tropscbdtest\/wp-json\/wp\/v2\/types\/product"}],"wp:featuredmedia":[{"embeddable":true,"href":"https:\/\/fillinx.site\/tropscbdtest\/wp-json\/wp\/v2\/media\/759"}],"wp:attachment":[{"href":"https:\/\/fillinx.site\/tropscbdtest\/wp-json\/wp\/v2\/media?parent=743"}],"wp:term":[{"taxonomy":"product_cat","embeddable":true,"href":"https:\/\/fillinx.site\/tropscbdtest\/wp-json\/wp\/v2\/product_cat?post=743"},{"taxonomy":"product_tag","embeddable":true,"href":"https:\/\/fillinx.site\/tropscbdtest\/wp-json\/wp\/v2\/product_tag?post=743"}],"curies":[{"name":"wp","href":"https:\/\/api.w.org\/{rel}","templated":true}]}}