{"id":802,"date":"2023-08-11T12:21:21","date_gmt":"2023-08-11T12:21:21","guid":{"rendered":"https:\/\/fillinx.site\/tropscbdtest\/?post_type=product&#038;p=802"},"modified":"2024-05-18T10:56:45","modified_gmt":"2024-05-18T08:56:45","slug":"gelato-exterieure","status":"publish","type":"product","link":"https:\/\/fillinx.site\/tropscbdtest\/produit\/gelato-exterieure\/","title":{"rendered":"Gelato ext\u00e9rieure"},"content":{"rendered":"","protected":false},"excerpt":{"rendered":"<p><span style=\"color: #000000;\">Fleur de CBD G\u00e9lato : Un \u00e9quilibre bois\u00e9 et terreux qui provient de notre culture ext\u00e9rieure. Savourez la nature dans chaque bouff\u00e9e.<\/span><\/p>\n","protected":false},"featured_media":797,"template":"","meta":[],"product_cat":[126],"product_tag":[],"_links":{"self":[{"href":"https:\/\/fillinx.site\/tropscbdtest\/wp-json\/wp\/v2\/product\/802"}],"collection":[{"href":"https:\/\/fillinx.site\/tropscbdtest\/wp-json\/wp\/v2\/product"}],"about":[{"href":"https:\/\/fillinx.site\/tropscbdtest\/wp-json\/wp\/v2\/types\/product"}],"wp:featuredmedia":[{"embeddable":true,"href":"https:\/\/fillinx.site\/tropscbdtest\/wp-json\/wp\/v2\/media\/797"}],"wp:attachment":[{"href":"https:\/\/fillinx.site\/tropscbdtest\/wp-json\/wp\/v2\/media?parent=802"}],"wp:term":[{"taxonomy":"product_cat","embeddable":true,"href":"https:\/\/fillinx.site\/tropscbdtest\/wp-json\/wp\/v2\/product_cat?post=802"},{"taxonomy":"product_tag","embeddable":true,"href":"https:\/\/fillinx.site\/tropscbdtest\/wp-json\/wp\/v2\/product_tag?post=802"}],"curies":[{"name":"wp","href":"https:\/\/api.w.org\/{rel}","templated":true}]}}